{"id":17072,"date":"2019-12-11T14:36:46","date_gmt":"2019-12-11T14:36:46","guid":{"rendered":"https:\/\/beta.egaraexclusives.com\/transport\/"},"modified":"2023-07-10T10:43:34","modified_gmt":"2023-07-10T08:43:34","slug":"transporte","status":"publish","type":"page","link":"https:\/\/www.egaraexclusives.com\/es\/transporte\/","title":{"rendered":"Transporte"},"content":{"rendered":"\t\t<div data-elementor-type=\"wp-page\" data-elementor-id=\"17072\" class=\"elementor elementor-17072 elementor-299\" data-elementor-post-type=\"page\">\n\t\t\t\t\t\t<section data-particle_enable=\"false\" data-particle-mobile-disabled=\"false\" class=\"elementor-section elementor-top-section elementor-element elementor-element-47568d8 elementor-section-boxed elementor-section-height-default elementor-section-height-default\" data-id=\"47568d8\" data-element_type=\"section\" data-e-type=\"section\">\n\t\t\t\t\t\t<div class=\"elementor-container elementor-column-gap-wider\">\n\t\t\t\t\t<div class=\"elementor-column elementor-col-100 elementor-top-column elementor-element elementor-element-e60ce03\" data-id=\"e60ce03\" data-element_type=\"column\" data-e-type=\"column\">\n\t\t\t<div class=\"elementor-widget-wrap elementor-element-populated\">\n\t\t\t\t\t\t<div class=\"elementor-element elementor-element-cd788e6 elementor-widget elementor-widget-heading\" data-id=\"cd788e6\" data-element_type=\"widget\" data-e-type=\"widget\" data-widget_type=\"heading.default\">\n\t\t\t\t<div class=\"elementor-widget-container\">\n\t\t\t\t\t<h5 class=\"elementor-heading-title elementor-size-default\">Transporte<\/h5>\t\t\t\t<\/div>\n\t\t\t\t<\/div>\n\t\t\t\t<div class=\"elementor-element elementor-element-7f0a354 elementor-widget elementor-widget-image\" data-id=\"7f0a354\" data-element_type=\"widget\" data-e-type=\"widget\" data-widget_type=\"image.default\">\n\t\t\t\t<div class=\"elementor-widget-container\">\n\t\t\t\t\t\t\t\t\t\t\t\t\t\t\t<img fetchpriority=\"high\" decoding=\"async\" width=\"434\" height=\"415\" src=\"https:\/\/www.egaraexclusives.com\/wp-content\/uploads\/2021\/06\/valles-occidental-oriental.png\" class=\"attachment-large size-large wp-image-6056\" alt=\"\" srcset=\"https:\/\/www.egaraexclusives.com\/wp-content\/uploads\/2021\/06\/valles-occidental-oriental.png 434w, https:\/\/www.egaraexclusives.com\/wp-content\/uploads\/2021\/06\/valles-occidental-oriental-64x61.png 64w, https:\/\/www.egaraexclusives.com\/wp-content\/uploads\/2021\/06\/valles-occidental-oriental-300x287.png 300w\" sizes=\"(max-width: 434px) 100vw, 434px\" \/>\t\t\t\t\t\t\t\t\t\t\t\t\t\t\t<\/div>\n\t\t\t\t<\/div>\n\t\t\t\t<div class=\"elementor-element elementor-element-d9e4cc2 elementor-widget elementor-widget-heading\" data-id=\"d9e4cc2\" data-element_type=\"widget\" data-e-type=\"widget\" data-widget_type=\"heading.default\">\n\t\t\t\t<div class=\"elementor-widget-container\">\n\t\t\t\t\t<h3 class=\"elementor-heading-title elementor-size-default\">Enviamos a estas zonas:<\/h3>\t\t\t\t<\/div>\n\t\t\t\t<\/div>\n\t\t\t\t<section data-particle_enable=\"false\" data-particle-mobile-disabled=\"false\" class=\"elementor-section elementor-inner-section elementor-element elementor-element-018f46f elementor-section-boxed elementor-section-height-default elementor-section-height-default\" data-id=\"018f46f\" data-element_type=\"section\" data-e-type=\"section\">\n\t\t\t\t\t\t<div class=\"elementor-container elementor-column-gap-default\">\n\t\t\t\t\t<div class=\"elementor-column elementor-col-33 elementor-inner-column elementor-element elementor-element-8f21123\" data-id=\"8f21123\" data-element_type=\"column\" data-e-type=\"column\">\n\t\t\t<div class=\"elementor-widget-wrap elementor-element-populated\">\n\t\t\t\t\t\t<div class=\"elementor-element elementor-element-2e7d8f1 elementor-widget elementor-widget-text-editor\" data-id=\"2e7d8f1\" data-element_type=\"widget\" data-e-type=\"widget\" data-widget_type=\"text-editor.default\">\n\t\t\t\t<div class=\"elementor-widget-container\">\n\t\t\t\t\t\t\t\t\t<p><strong>Badia del Vall\u00e8s<\/strong><\/p><p><strong>Barber\u00e0 del Vall\u00e8s<\/strong><\/p><p><strong>Castellar del Vall\u00e8s<\/strong><\/p><p><strong>Matadepera<\/strong><\/p><p><strong>Montcada y Reixac<\/strong><\/p><p><strong>Poliny\u00e0<br \/><\/strong><\/p>\t\t\t\t\t\t\t\t<\/div>\n\t\t\t\t<\/div>\n\t\t\t\t\t<\/div>\n\t\t<\/div>\n\t\t\t\t<div class=\"elementor-column elementor-col-33 elementor-inner-column elementor-element elementor-element-e909a04\" data-id=\"e909a04\" data-element_type=\"column\" data-e-type=\"column\">\n\t\t\t<div class=\"elementor-widget-wrap elementor-element-populated\">\n\t\t\t\t\t\t<div class=\"elementor-element elementor-element-6c38989 elementor-widget elementor-widget-text-editor\" data-id=\"6c38989\" data-element_type=\"widget\" data-e-type=\"widget\" data-widget_type=\"text-editor.default\">\n\t\t\t\t<div class=\"elementor-widget-container\">\n\t\t\t\t\t\t\t\t\t<p><strong>Rellinars<\/strong><\/p><p><strong>Ripollet<\/strong><\/p><p><strong>Rub\u00ed<\/strong><\/p><p><strong>Sabadell<\/strong><\/p><p><strong>Sant Cugat del Vall\u00e8s<\/strong><\/p><p><strong>Sant Quirze del Vall\u00e8s<\/strong><\/p>\t\t\t\t\t\t\t\t<\/div>\n\t\t\t\t<\/div>\n\t\t\t\t\t<\/div>\n\t\t<\/div>\n\t\t\t\t<div class=\"elementor-column elementor-col-33 elementor-inner-column elementor-element elementor-element-e7fbd84\" data-id=\"e7fbd84\" data-element_type=\"column\" data-e-type=\"column\">\n\t\t\t<div class=\"elementor-widget-wrap elementor-element-populated\">\n\t\t\t\t\t\t<div class=\"elementor-element elementor-element-e8c4fa6 elementor-widget elementor-widget-text-editor\" data-id=\"e8c4fa6\" data-element_type=\"widget\" data-e-type=\"widget\" data-widget_type=\"text-editor.default\">\n\t\t\t\t<div class=\"elementor-widget-container\">\n\t\t\t\t\t\t\t\t\t<p><strong>Santa Perpetua de Mogoda<\/strong><\/p><p><strong>Cerdanyola del Vall\u00e8s<\/strong><\/p><p><strong>Terrassa<\/strong><\/p><p><strong>Ullastrell<\/strong><\/p><p><strong>Viladecavalls<\/strong><\/p>\t\t\t\t\t\t\t\t<\/div>\n\t\t\t\t<\/div>\n\t\t\t\t\t<\/div>\n\t\t<\/div>\n\t\t\t\t\t<\/div>\n\t\t<\/section>\n\t\t\t\t<div class=\"elementor-element elementor-element-1c17bd0 elementor-widget elementor-widget-shortcode\" data-id=\"1c17bd0\" data-element_type=\"widget\" data-e-type=\"widget\" data-widget_type=\"shortcode.default\">\n\t\t\t\t<div class=\"elementor-widget-container\">\n\t\t\t\t\t\t\t<div class=\"elementor-shortcode\"><div class=\"wpzc-pincode-checker\">\n\t<p class=\"wpzc-pincode-checker__title\"><strong>Consulta la zona de env\u00edo, recuerda que tambi\u00e9n puedes recogerlo al almac\u00e9n si no repartimos en tu zona.<\/strong>\n\t\t<a class=\"wpzc-pincode-checker__change wpzc-pincode-checker__change--hide\" href=\"#\" data-wpzc-form-open>\n\t\t\t<img decoding=\"async\" src=\"https:\/\/www.egaraexclusives.com\/wp-content\/plugins\/woocommerce-pincode-zipcode-checker\/assets\/images\/icon-edit.svg\" alt=\"\/\/\">\n\t\t<\/a>\n\t<\/p>\n\t<form id=\"wpzc-store-pincode-checker-form\" class=\"wpzc-pincode-checker__form wpzc-pincode-checker__form--show\" action=\"#\" method=\"post\">\n\t\t<input type=\"text\" placeholder=\"Indica tu c\u00f3digo postal\" name=\"pincode\" value=\"\" autocomplete=\"off\">\n\t\t<input type=\"submit\" class=\"button\" value=\"VALIDAR\">\n\t<\/form>\n\t<div class=\"wpzc-pincode-checker__response\">\n\t\t\t<\/div>\n<\/div>\n<\/div>\n\t\t\t\t\t\t<\/div>\n\t\t\t\t<\/div>\n\t\t\t\t<div class=\"elementor-element elementor-element-6e2a6bb elementor-widget elementor-widget-text-editor\" data-id=\"6e2a6bb\" data-element_type=\"widget\" data-e-type=\"widget\" data-widget_type=\"text-editor.default\">\n\t\t\t\t<div class=\"elementor-widget-container\">\n\t\t\t\t\t\t\t\t\t<p>El pedido se sirve a pie de calle en el caso de no tener ascensor.<\/p>\t\t\t\t\t\t\t\t<\/div>\n\t\t\t\t<\/div>\n\t\t\t\t<div class=\"elementor-element elementor-element-e601c5f elementor-align-center elementor-hidden-desktop elementor-hidden-tablet elementor-hidden-phone elementor-widget elementor-widget-button\" data-id=\"e601c5f\" data-element_type=\"widget\" data-e-type=\"widget\" data-widget_type=\"button.default\">\n\t\t\t\t<div class=\"elementor-widget-container\">\n\t\t\t\t\t\t\t\t\t<div class=\"elementor-button-wrapper\">\n\t\t\t\t\t<a class=\"elementor-button elementor-button-link elementor-size-sm\" href=\"#elementor-action%3Aaction%3Dpopup%3Aopen%26settings%3DeyJpZCI6NDgzNywidG9nZ2xlIjpmYWxzZX0%3D\">\n\t\t\t\t\t\t<span class=\"elementor-button-content-wrapper\">\n\t\t\t\t\t\t\t\t\t<span class=\"elementor-button-text\">Zonas de transporte<\/span>\n\t\t\t\t\t<\/span>\n\t\t\t\t\t<\/a>\n\t\t\t\t<\/div>\n\t\t\t\t\t\t\t\t<\/div>\n\t\t\t\t<\/div>\n\t\t\t\t\t<\/div>\n\t\t<\/div>\n\t\t\t\t\t<\/div>\n\t\t<\/section>\n\t\t\t\t<\/div>\n\t\t","protected":false},"excerpt":{"rendered":"<p>Transporte Enviamos a estas zonas: Badia del Vall\u00e8s Barber\u00e0 del Vall\u00e8s Castellar del Vall\u00e8s Matadepera Montcada y Reixac Poliny\u00e0 Rellinars Ripollet Rub\u00ed Sabadell Sant Cugat del Vall\u00e8s Sant Quirze del Vall\u00e8s Santa Perpetua de Mogoda Cerdanyola del Vall\u00e8s Terrassa Ullastrell Viladecavalls El pedido se sirve a pie de calle en el caso de no tener [&hellip;]<\/p>\n","protected":false},"author":1,"featured_media":0,"parent":0,"menu_order":0,"comment_status":"closed","ping_status":"closed","template":"","meta":{"_monsterinsights_skip_tracking":false,"_monsterinsights_sitenote_active":false,"_monsterinsights_sitenote_note":"","_monsterinsights_sitenote_category":0,"_joinchat":[],"footnotes":""},"class_list":["post-17072","page","type-page","status-publish","hentry"],"_links":{"self":[{"href":"https:\/\/www.egaraexclusives.com\/es\/wp-json\/wp\/v2\/pages\/17072","targetHints":{"allow":["GET"]}}],"collection":[{"href":"https:\/\/www.egaraexclusives.com\/es\/wp-json\/wp\/v2\/pages"}],"about":[{"href":"https:\/\/www.egaraexclusives.com\/es\/wp-json\/wp\/v2\/types\/page"}],"author":[{"embeddable":true,"href":"https:\/\/www.egaraexclusives.com\/es\/wp-json\/wp\/v2\/users\/1"}],"replies":[{"embeddable":true,"href":"https:\/\/www.egaraexclusives.com\/es\/wp-json\/wp\/v2\/comments?post=17072"}],"version-history":[{"count":3,"href":"https:\/\/www.egaraexclusives.com\/es\/wp-json\/wp\/v2\/pages\/17072\/revisions"}],"predecessor-version":[{"id":19990,"href":"https:\/\/www.egaraexclusives.com\/es\/wp-json\/wp\/v2\/pages\/17072\/revisions\/19990"}],"wp:attachment":[{"href":"https:\/\/www.egaraexclusives.com\/es\/wp-json\/wp\/v2\/media?parent=17072"}],"curies":[{"name":"wp","href":"https:\/\/api.w.org\/{rel}","templated":true}]}}