{"id":17099,"date":"2019-12-11T15:21:35","date_gmt":"2019-12-11T15:21:35","guid":{"rendered":"https:\/\/beta.egaraexclusives.com\/politica-de-privacitat\/"},"modified":"2022-02-09T17:16:30","modified_gmt":"2022-02-09T17:16:30","slug":"politica-de-privacidad","status":"publish","type":"page","link":"https:\/\/www.egaraexclusives.com\/es\/politica-de-privacidad\/","title":{"rendered":"Pol\u00edtica de Privacidad"},"content":{"rendered":"\t\t<div data-elementor-type=\"wp-page\" data-elementor-id=\"17099\" class=\"elementor elementor-17099 elementor-316\" data-elementor-post-type=\"page\">\n\t\t\t\t\t\t<section data-particle_enable=\"false\" data-particle-mobile-disabled=\"false\" class=\"elementor-section elementor-top-section elementor-element elementor-element-10e6cef elementor-section-boxed elementor-section-height-default elementor-section-height-default\" data-id=\"10e6cef\" data-element_type=\"section\" data-e-type=\"section\">\n\t\t\t\t\t\t<div class=\"elementor-container elementor-column-gap-wider\">\n\t\t\t\t\t<div class=\"elementor-column elementor-col-100 elementor-top-column elementor-element elementor-element-a169c2c\" data-id=\"a169c2c\" data-element_type=\"column\" data-e-type=\"column\">\n\t\t\t<div class=\"elementor-widget-wrap elementor-element-populated\">\n\t\t\t\t\t\t<div class=\"elementor-element elementor-element-9c508c5 elementor-widget elementor-widget-text-editor\" data-id=\"9c508c5\" data-element_type=\"widget\" data-e-type=\"widget\" data-widget_type=\"text-editor.default\">\n\t\t\t\t<div class=\"elementor-widget-container\">\n\t\t\t\t\t\t\t\t\t<p>Pol\u00edtica de Privacidad en EXCLUSIVES EGARA, SA est\u00e1 especialmente sensibilizada en la protecci\u00f3n de datos de car\u00e1cter personal de los Usuarios de los servicios del sitio web. Mediante la presente Pol\u00edtica de Privacidad (en adelante, la Pol\u00edtica) EXCLUSIVAS EGARA, SA, informa a los USUARIOS de este sitio web, de los usos a los que se someten los datos de car\u00e1cter personal que se recaban en el sitio web, con la finalidad que decidan, libre y voluntariamente, si desean facilitar la informaci\u00f3n solicitada.<\/p><p>EXCLUSIVAS EGARA, SA se reserva la facultad de modificar esta Pol\u00edtica a fin de adaptarla a novedades legislativas, criterios jurisprudenciales, pr\u00e1cticas del sector, o intereses de la entidad. Cualquier modificaci\u00f3n en la misma ser\u00e1 anunciada con la debida antelaci\u00f3n, a fin de que tenga perfecto conocimiento de su contenido.<\/p><p><strong>RESPONSABLE<\/strong><\/p><p>El Responsable del Tratamiento de los datos de car\u00e1cter es:<\/p><p>Identidad: EXCLUSIVAS EGARA, S.A. con el CIF\/NIF: A08757759, en adelante LA ENTIDAD<br \/>Direcci\u00f3n: CL\/ VENUS, 79 POLIGONO CAN PAREJADA, 08228 &#8211; TERRAZA<br \/>E-mail: manel@egaraexclusives.com<\/p><p><strong>DELEGADO DE PROTECCI\u00d3N DE DATOS<\/strong><\/p><p>Contacto por email: info@aemol.com<\/p><p><strong>FINALIDAD DEL TRATAMIENTO<\/strong><\/p><p>La recogida y tratamiento de los datos personales recogidos a trav\u00e9s del formulario de contacto, tiene como finalidad la gesti\u00f3n, administraci\u00f3n, prestaci\u00f3n, ampliaci\u00f3n y mejora de los servicios prestados por EXCLUSIVES EGARA, SA atendiendo a las solicitudes de informaci\u00f3n y\/o consultas planteadas.<\/p><p><strong>PLAZO DE CONSERVACI\u00d3N<\/strong><\/p><p>Los datos personales proporcionados se conservar\u00e1n durante el plazo correspondiente para cumplir con las obligaciones legales, o hasta que se solicite su supresi\u00f3n por el interesado y \u00e9ste est\u00e9 legitimado para ello.<\/p><p><strong>LEGITIMACI\u00d3N<\/strong><\/p><p>EXCLUSIVAS EGARA, SA est\u00e1 legitimado al tratamiento de datos personales, sobre la base del consentimiento otorgado por el interesado para una o varias finalidades espec\u00edficas, tal y como se recoge en el art\u00edculo 6.1.a) del Reglamento General de Protecci\u00f3n de datos personales.<\/p><p><strong>DESTINATARIOS<\/strong><\/p><p>Los datos personales recabados pueden ser cedidos a: Mailchimp para cumplir con las finalidades anteriormente indicadas.<\/p><p>No ser\u00e1n cedidos o comunicados a otros terceros, salvo en los supuestos necesarios para el desarrollo, control y cumplimiento de la\/s finalidad\/es expresada\/s, en los supuestos previstos seg\u00fan Ley, as\u00ed como en los casos espec\u00edficos, de los que se informe expresamente al Usuario.<\/p><p><strong>DERECHOS DE LOS USUARIOS<\/strong>: \u00bfCu\u00e1les son sus derechos cuando nos facilita sus datos?<\/p><p>\u2022 Acceso: El interesado tiene derecho a saber qu\u00e9 datos est\u00e1 tratando la ENTIDAD sobre \u00e9l.<\/p><p>\u2022 Rectificaci\u00f3n: El interesado tiene derecho a solicitar la rectificaci\u00f3n de los datos inexactos.<\/p><p>\u2022 Supresi\u00f3n: El interesado tiene derecho a solicitar la supresi\u00f3n de sus datos cuando, entre otros motivos, los datos no sean necesarios para los fines que fueron recogidos.<\/p><p>\u2022 Limitaci\u00f3n del tratamiento: En determinadas circunstancias el interesado podr\u00e1 solicitar la limitaci\u00f3n del tratamiento de sus datos, en cuyo caso \u00fanicamente los conservaremos para el ejercicio o la defensa de reclamaciones.<\/p><p>\u2022 Oposici\u00f3n: En determinadas circunstancias el interesado podr\u00e1 oponerse al tratamiento de sus datos. En este caso la ENTIDAD dejar\u00e1 de tratar sus datos, salvo por motivos leg\u00edtimos imperiosos o el ejercicio o defensa de posibles reclamaciones.<\/p><p>\u2022 Portabilidad de los datos: S\u00f3lo aplicable a datos automatizados y consiste en pasar los datos desde la ENTIDAD a otro nuevo RESPONSABLE DEL TRATAMIENTO (no al interesado y por solicitud del mismo).<\/p><p>Puede usted ejercer sus derechos incluido el derecho a retirar su consentimiento (si \u00e9ste fue otorgado) enviando un escrito acompa\u00f1ado de su DNI a EXCLUSIVAS EGARA, SA. en CL\/ VENUS, 79 POL\u00cdGON CA PARELLADA, 08228 &#8211; TERRAZA o enviando un e-mail a manel@egaraexclusives.com<\/p><p>Adem\u00e1s, tiene usted derecho a presentar una reclamaci\u00f3n ante la Autoridad de Control en materia de Protecci\u00f3n de Datos, actualmente la Agencia Espa\u00f1ola de Protecci\u00f3n de Datos.<\/p><p><strong>MEDIDAS DE SEGURIDAD<\/strong><\/p><p>El responsable del tratamiento EXCLUSIVAS EGARA, SA aplicar\u00e1 medidas t\u00e9cnicas y organizativas apropiadas para garantizar un nivel de seguridad adecuado al riesgo del mismo.<\/p><p><strong>TRANSFERENCIAS INTERNACIONALES<\/strong><\/p><p>No se realizan transferencias internacionales.<\/p><p><strong>PERFILES Y TOMAS DE DECISIONES AUTOMATIZADAS<\/strong><\/p><p>No se elaboran perfiles, ni se toman decisiones automatizadas con los datos facilitados por el usuario.<\/p><p>Aviso Legal<\/p><p><strong>CL\u00c1USULA PARA EL FORMULARIO DE LA WEB<\/strong><\/p><p>Responsable: EXCLUSIVAS EGARA, S. A. CIF A08757759 \u2013 CL\/ VENUS, 79 POL\u00cdGONO CAN PAREJADA, 08228-TERRAZA<\/p><p>La finalidad del tratamiento de los datos para la que usted da su consentimiento ser\u00e1 la de gestionar los datos de los clientes\/usuarios que accedan al formulario de contacto de la p\u00e1gina web de la entidad, contestar a sus consultas y\/o enviar publicidad de productos o servicios que puedan ser de su inter\u00e9s. Los datos proporcionados se conservar\u00e1n mientras no solicite el cese de la actividad y no se ceder\u00e1n<\/p>\t\t\t\t\t\t\t\t<\/div>\n\t\t\t\t<\/div>\n\t\t\t\t\t<\/div>\n\t\t<\/div>\n\t\t\t\t\t<\/div>\n\t\t<\/section>\n\t\t\t\t<\/div>\n\t\t","protected":false},"excerpt":{"rendered":"<p>Pol\u00edtica de Privacidad en EXCLUSIVES EGARA, SA est\u00e1 especialmente sensibilizada en la protecci\u00f3n de datos de car\u00e1cter personal de los Usuarios de los servicios del sitio web. Mediante la presente Pol\u00edtica de Privacidad (en adelante, la Pol\u00edtica) EXCLUSIVAS EGARA, SA, informa a los USUARIOS de este sitio web, de los usos a los que se [&hellip;]<\/p>\n","protected":false},"author":1,"featured_media":0,"parent":0,"menu_order":0,"comment_status":"closed","ping_status":"closed","template":"","meta":{"_monsterinsights_skip_tracking":false,"_monsterinsights_sitenote_active":false,"_monsterinsights_sitenote_note":"","_monsterinsights_sitenote_category":0,"_joinchat":[],"footnotes":""},"class_list":["post-17099","page","type-page","status-publish","hentry"],"_links":{"self":[{"href":"https:\/\/www.egaraexclusives.com\/es\/wp-json\/wp\/v2\/pages\/17099","targetHints":{"allow":["GET"]}}],"collection":[{"href":"https:\/\/www.egaraexclusives.com\/es\/wp-json\/wp\/v2\/pages"}],"about":[{"href":"https:\/\/www.egaraexclusives.com\/es\/wp-json\/wp\/v2\/types\/page"}],"author":[{"embeddable":true,"href":"https:\/\/www.egaraexclusives.com\/es\/wp-json\/wp\/v2\/users\/1"}],"replies":[{"embeddable":true,"href":"https:\/\/www.egaraexclusives.com\/es\/wp-json\/wp\/v2\/comments?post=17099"}],"version-history":[{"count":0,"href":"https:\/\/www.egaraexclusives.com\/es\/wp-json\/wp\/v2\/pages\/17099\/revisions"}],"wp:attachment":[{"href":"https:\/\/www.egaraexclusives.com\/es\/wp-json\/wp\/v2\/media?parent=17099"}],"curies":[{"name":"wp","href":"https:\/\/api.w.org\/{rel}","templated":true}]}}