{"id":17119,"date":"2019-12-11T14:47:18","date_gmt":"2019-12-11T14:47:18","guid":{"rendered":"https:\/\/beta.egaraexclusives.com\/garanties-de-compra\/"},"modified":"2022-02-09T17:25:15","modified_gmt":"2022-02-09T17:25:15","slug":"garantias-de-compra","status":"publish","type":"page","link":"https:\/\/www.egaraexclusives.com\/es\/garantias-de-compra\/","title":{"rendered":"Garant\u00edas de Compra"},"content":{"rendered":"<p>La garant\u00eda de los productos vendidos por Egara Exclusives se presta y establece en virtud de la normativa contenida en la legislaci\u00f3n vigente, en particular, en el citado Real Decreto Legislativo 1\/2007, art\u00edculo 114 y siguientes, marco legal que tiene por objeto facilitar al consumidor distintas opciones para exigir el saneamiento cuando el bien adquirido no sea conforme con el contrato, d\u00e1ndole la opci\u00f3n de exigir la reparaci\u00f3n o sustituci\u00f3n del bien, salvo que una de ellas sea imposible o desproporcionada. Cuando la reparaci\u00f3n o sustituci\u00f3n no fueran posibles o resulten desproporcionadas, el consumidor podr\u00e1 exigir la rebaja del precio o resoluci\u00f3n del contrato.<\/p>\n<p>En caso de falta de conformidad del producto, se reconoce un plazo de dos a\u00f1os a partir del momento de la entrega para que el comprador pueda hacer efectivos sus derechos; ahora bien, s\u00f3lo en los 6 meses siguientes a la entrega se presume que la falta de conformidad ya exist\u00eda en el momento de la entrega, correspondiente al comprador probar, en el resto de 18 meses que el bien era no conforme, todo ello de acuerdo con el art\u00edculo 114 y siguientes del citado Real Decreto Legislativo.<\/p>\n<h3>Garant\u00eda comercial:<\/h3>\n<p>En virtud del Real Decreto Legislativo, el vendedor est\u00e1 obligado a entregar al consumidor un bien que sea conforme con el contrato de compraventa en los t\u00e9rminos que el mismo establece (art\u00edculo 114), en cuya virtud:<\/p>\n<p>El vendedor est\u00e1 obligado a entregar al consumidor y usuario productos que sean conformes con el contrato, respondiendo ante ellos de cualquier falta de conformidad que exista en el momento de la entrega del producto.<\/p>\n<p>En cualquier caso, deber\u00e1 corresponder el n\u00famero de serie del producto a reparar con lo que conste en los archivos de Egara Exclusives.<\/p>\n<p>Egara Exclusives no se har\u00e1 cargo de posibles da\u00f1os que puedan resultar por mal uso, manipulaci\u00f3n o instalaci\u00f3n no profesional.<\/p>\n<p>El c\u00f3mputo de la garant\u00eda empezar\u00e1 el mismo d\u00eda de entrega, en virtud del antemencionado art\u00edculo 123 del Real Decreto Legislativo.<\/p>\n<p>En caso de reparaciones de productos, el cliente deber\u00e1 acudir exclusivamente a los servicios t\u00e9cnicos oficiales (reconocidos y licenciados por los fabricantes). Se recomienda acudir a los SAT para agilizar los tr\u00e1mites de reparaciones.<\/p>\n<p>\u00a0<\/p>\n","protected":false},"excerpt":{"rendered":"<p>La garant\u00eda de los productos vendidos por Egara Exclusives se presta y establece en virtud de la normativa contenida en la legislaci\u00f3n vigente, en particular, en el citado Real Decreto Legislativo 1\/2007, art\u00edculo 114 y siguientes, marco legal que tiene por objeto facilitar al consumidor distintas opciones para exigir el saneamiento cuando el bien adquirido [&hellip;]<\/p>\n","protected":false},"author":1,"featured_media":0,"parent":0,"menu_order":0,"comment_status":"closed","ping_status":"closed","template":"","meta":{"_monsterinsights_skip_tracking":false,"_monsterinsights_sitenote_active":false,"_monsterinsights_sitenote_note":"","_monsterinsights_sitenote_category":0,"_joinchat":[],"footnotes":""},"class_list":["post-17119","page","type-page","status-publish","hentry"],"_links":{"self":[{"href":"https:\/\/www.egaraexclusives.com\/es\/wp-json\/wp\/v2\/pages\/17119","targetHints":{"allow":["GET"]}}],"collection":[{"href":"https:\/\/www.egaraexclusives.com\/es\/wp-json\/wp\/v2\/pages"}],"about":[{"href":"https:\/\/www.egaraexclusives.com\/es\/wp-json\/wp\/v2\/types\/page"}],"author":[{"embeddable":true,"href":"https:\/\/www.egaraexclusives.com\/es\/wp-json\/wp\/v2\/users\/1"}],"replies":[{"embeddable":true,"href":"https:\/\/www.egaraexclusives.com\/es\/wp-json\/wp\/v2\/comments?post=17119"}],"version-history":[{"count":0,"href":"https:\/\/www.egaraexclusives.com\/es\/wp-json\/wp\/v2\/pages\/17119\/revisions"}],"wp:attachment":[{"href":"https:\/\/www.egaraexclusives.com\/es\/wp-json\/wp\/v2\/media?parent=17119"}],"curies":[{"name":"wp","href":"https:\/\/api.w.org\/{rel}","templated":true}]}}