{"id":17407,"date":"2022-02-28T10:59:40","date_gmt":"2022-02-28T10:59:40","guid":{"rendered":"https:\/\/beta.egaraexclusives.com\/gerra-560-estrella-damm-6u\/"},"modified":"2026-03-27T16:13:47","modified_gmt":"2026-03-27T14:13:47","slug":"gerra-560-estrella-damm-6u","status":"publish","type":"product","link":"https:\/\/www.egaraexclusives.com\/es\/producto\/gerra-560-estrella-damm-6u\/","title":{"rendered":"GERRA 560 ESTRELLA DAMM 6u."},"content":{"rendered":"<p>Gerra dissenyada pel Mart\u00ed Guix\u00e9. La nansa evita que la calor de la m\u00e0 no escalfi la cervesa.<\/p>\n","protected":false},"excerpt":{"rendered":"<p>6 unitats per caixa<\/p>\n","protected":false},"featured_media":17395,"template":"","meta":{"_monsterinsights_skip_tracking":false,"_monsterinsights_sitenote_active":false,"_monsterinsights_sitenote_note":"","_monsterinsights_sitenote_category":0,"_joinchat":[]},"product_brand":[],"product_cat":[3199,2765,276],"product_tag":[],"class_list":{"0":"post-17407","1":"product","2":"type-product","3":"status-publish","4":"has-post-thumbnail","6":"product_cat-cerveses-venda-a-domicili-2-es","7":"product_cat-cervezas","8":"product_cat-venta-domicilio","9":"tm-no-options","11":"first","12":"instock","13":"taxable","14":"shipping-taxable","15":"purchasable","16":"product-type-simple"},"_links":{"self":[{"href":"https:\/\/www.egaraexclusives.com\/es\/wp-json\/wp\/v2\/product\/17407","targetHints":{"allow":["GET"]}}],"collection":[{"href":"https:\/\/www.egaraexclusives.com\/es\/wp-json\/wp\/v2\/product"}],"about":[{"href":"https:\/\/www.egaraexclusives.com\/es\/wp-json\/wp\/v2\/types\/product"}],"wp:featuredmedia":[{"embeddable":true,"href":"https:\/\/www.egaraexclusives.com\/es\/wp-json\/wp\/v2\/media\/17395"}],"wp:attachment":[{"href":"https:\/\/www.egaraexclusives.com\/es\/wp-json\/wp\/v2\/media?parent=17407"}],"wp:term":[{"taxonomy":"product_brand","embeddable":true,"href":"https:\/\/www.egaraexclusives.com\/es\/wp-json\/wp\/v2\/product_brand?post=17407"},{"taxonomy":"product_cat","embeddable":true,"href":"https:\/\/www.egaraexclusives.com\/es\/wp-json\/wp\/v2\/product_cat?post=17407"},{"taxonomy":"product_tag","embeddable":true,"href":"https:\/\/www.egaraexclusives.com\/es\/wp-json\/wp\/v2\/product_tag?post=17407"}],"curies":[{"name":"wp","href":"https:\/\/api.w.org\/{rel}","templated":true}]}}