{"id":17414,"date":"2022-01-31T08:34:34","date_gmt":"2022-01-31T06:34:34","guid":{"rendered":"https:\/\/beta.egaraexclusives.com\/free-damm-torrada-1-3\/"},"modified":"2026-03-27T16:12:17","modified_gmt":"2026-03-27T14:12:17","slug":"free-damm-torrada-1-3","status":"publish","type":"product","link":"https:\/\/www.egaraexclusives.com\/es\/producto\/free-damm-torrada-1-3\/","title":{"rendered":"FREE DAMM TORRADA 1\/3"},"content":{"rendered":"<p>Cervesa de color ambre amb reflexos vermellosos, brillants i de crema compacta.<br \/>\nEn nas \u00e9s molt expressiva, en destaquen les aromes torrades, de caf\u00e8, de cacau i una agradable sensaci\u00f3 de caramel.<br \/>\nEn boca es mostra \u00e0mplia, amb pes i rica en notes torrades. Un paladar que combina dol\u00e7or i un toc herbaci que equilibra, tot aportant-hi frescor. Presenta una suau textura carb\u00f2nica i un final subtil d\u2019amargor.<br \/>\nUna cervesa sense alcohol, de sabor intens que omple el paladar de notes torrades.<\/p>\n","protected":false},"excerpt":{"rendered":"<p>A la primera compra d&#8217;un producte amb env\u00e0s retornable s&#8217;aplicar\u00e0 un c\u00e0rrec com a dip\u00f2sit d&#8217;aquest env\u00e0s. Aquest import s&#8217;abonar\u00e0 quan es tornin els envasos, en el cas que vulguis seguir consumint el producte simplement et recollirem els envasos buits i te&#8217;ls canviarem pels plens.<\/p>\n","protected":false},"featured_media":16893,"template":"","meta":{"_monsterinsights_skip_tracking":false,"_monsterinsights_sitenote_active":false,"_monsterinsights_sitenote_note":"","_monsterinsights_sitenote_category":0,"_joinchat":[]},"product_brand":[],"product_cat":[3199,2765,2775,276],"product_tag":[2885],"class_list":{"0":"post-17414","1":"product","2":"type-product","3":"status-publish","4":"has-post-thumbnail","6":"product_cat-cerveses-venda-a-domicili-2-es","7":"product_cat-cervezas","8":"product_cat-retornables","9":"product_cat-venta-domicilio","10":"product_tag-retornables-es","11":"tm-has-options","13":"first","14":"instock","15":"taxable","16":"shipping-taxable","17":"purchasable","18":"product-type-simple"},"_links":{"self":[{"href":"https:\/\/www.egaraexclusives.com\/es\/wp-json\/wp\/v2\/product\/17414","targetHints":{"allow":["GET"]}}],"collection":[{"href":"https:\/\/www.egaraexclusives.com\/es\/wp-json\/wp\/v2\/product"}],"about":[{"href":"https:\/\/www.egaraexclusives.com\/es\/wp-json\/wp\/v2\/types\/product"}],"wp:featuredmedia":[{"embeddable":true,"href":"https:\/\/www.egaraexclusives.com\/es\/wp-json\/wp\/v2\/media\/16893"}],"wp:attachment":[{"href":"https:\/\/www.egaraexclusives.com\/es\/wp-json\/wp\/v2\/media?parent=17414"}],"wp:term":[{"taxonomy":"product_brand","embeddable":true,"href":"https:\/\/www.egaraexclusives.com\/es\/wp-json\/wp\/v2\/product_brand?post=17414"},{"taxonomy":"product_cat","embeddable":true,"href":"https:\/\/www.egaraexclusives.com\/es\/wp-json\/wp\/v2\/product_cat?post=17414"},{"taxonomy":"product_tag","embeddable":true,"href":"https:\/\/www.egaraexclusives.com\/es\/wp-json\/wp\/v2\/product_tag?post=17414"}],"curies":[{"name":"wp","href":"https:\/\/api.w.org\/{rel}","templated":true}]}}