{"id":17415,"date":"2022-01-31T08:34:33","date_gmt":"2022-01-31T06:34:33","guid":{"rendered":"https:\/\/beta.egaraexclusives.com\/cava-vilarnau-brut-nat-6u\/"},"modified":"2026-03-27T16:11:22","modified_gmt":"2026-03-27T14:11:22","slug":"cava-vilarnau-brut-nat-6u","status":"publish","type":"product","link":"https:\/\/www.egaraexclusives.com\/es\/producto\/cava-vilarnau-brut-nat-6u\/","title":{"rendered":"CAVA VILARNAU BRUT NAT. 6u"},"content":{"rendered":"<p>Composici\u00f3 varietal<\/p>\n<p>50% Macabeu, 35% Parellada i 15% Chardonnay<\/p>\n<p>M\u00e8tode d&#8217;elaboraci\u00f3<\/p>\n<p>L&#8217;elaboraci\u00f3 dels vins base cava de Chardonnay, Macabeu i Parellada sempre es dur a terme per separat. El ra\u00efm, una vegada despalillada, s\u00f3n refredades per a preservar els precursors arom\u00e0tics de la pell i evitar oxidacions. Realitzant una primera fermentaci\u00f3 durant 30 dies a 15 \u00b0C, per a posteriorment dur a terme el cupatge. El vi es prepara llavors per a la segona fermentaci\u00f3 en ampolla, en la qual el llevat \u00abSaccharomyces cerevisiae bayanus\u00bb de la col\u00b7lecci\u00f3 pr\u00f2pia de Vilarnau transforma el vi en cava i produeix l&#8217;increment d&#8217;alcohol i el CO2.<\/p>\n<p>Comentaris de tast<\/p>\n<p>Cava de color groc Daurat p\u00e0l\u00b7lid amb fina bombolla. En nas \u00e9s afruitat amb records de pera i poma verda amb un fons de notes de torrats de la seva crian\u00e7a. En boca t\u00e9 una entrada cremosa, fresc, fruiter amb lleugers tocs herbacis.<\/p>\n","protected":false},"excerpt":{"rendered":"<p>6 unitats per caixa<\/p>\n","protected":false},"featured_media":16889,"template":"","meta":{"_monsterinsights_skip_tracking":false,"_monsterinsights_sitenote_active":false,"_monsterinsights_sitenote_note":"","_monsterinsights_sitenote_category":0,"_joinchat":[]},"product_brand":[],"product_cat":[3363,276,2779],"product_tag":[],"class_list":{"0":"post-17415","1":"product","2":"type-product","3":"status-publish","4":"has-post-thumbnail","6":"product_cat-cava-es","7":"product_cat-venta-domicilio","8":"product_cat-vinos-y-cavas","9":"tm-no-options","11":"first","12":"instock","13":"taxable","14":"shipping-taxable","15":"purchasable","16":"product-type-simple"},"_links":{"self":[{"href":"https:\/\/www.egaraexclusives.com\/es\/wp-json\/wp\/v2\/product\/17415","targetHints":{"allow":["GET"]}}],"collection":[{"href":"https:\/\/www.egaraexclusives.com\/es\/wp-json\/wp\/v2\/product"}],"about":[{"href":"https:\/\/www.egaraexclusives.com\/es\/wp-json\/wp\/v2\/types\/product"}],"wp:featuredmedia":[{"embeddable":true,"href":"https:\/\/www.egaraexclusives.com\/es\/wp-json\/wp\/v2\/media\/16889"}],"wp:attachment":[{"href":"https:\/\/www.egaraexclusives.com\/es\/wp-json\/wp\/v2\/media?parent=17415"}],"wp:term":[{"taxonomy":"product_brand","embeddable":true,"href":"https:\/\/www.egaraexclusives.com\/es\/wp-json\/wp\/v2\/product_brand?post=17415"},{"taxonomy":"product_cat","embeddable":true,"href":"https:\/\/www.egaraexclusives.com\/es\/wp-json\/wp\/v2\/product_cat?post=17415"},{"taxonomy":"product_tag","embeddable":true,"href":"https:\/\/www.egaraexclusives.com\/es\/wp-json\/wp\/v2\/product_tag?post=17415"}],"curies":[{"name":"wp","href":"https:\/\/api.w.org\/{rel}","templated":true}]}}