{"id":17421,"date":"2022-01-31T08:33:57","date_gmt":"2022-01-31T08:33:57","guid":{"rendered":"https:\/\/beta.egaraexclusives.com\/vichy-catalan-12l-pet-6u\/"},"modified":"2026-03-27T16:11:41","modified_gmt":"2026-03-27T14:11:41","slug":"vichy-catalan-12l-pet-6u","status":"publish","type":"product","link":"https:\/\/www.egaraexclusives.com\/es\/producto\/vichy-catalan-12l-pet-6u\/","title":{"rendered":"VICHY CATALAN 1,2L PET  6u"},"content":{"rendered":"<p><b>Descripci\u00f3<\/b><br \/>\nEl Vichy Catalan de tota la vida amb les propietats naturals de sempre. La seva nova ampolla \u00e9s m\u00e9s c\u00f2moda i resistent gr\u00e0cies al seu material PET multicapa.<br \/>\nF\u00e0cil i manejable per a transportar-la, compta a m\u00e9s amb m\u00e9s capacitat, 1,2 litres. Tot aix\u00f2 adornat amb el fant\u00e0stic disseny del mosaic de Gaud\u00ed.<\/p>\n","protected":false},"excerpt":{"rendered":"<p>6 unitats per caixa<\/p>\n","protected":false},"featured_media":19238,"template":"","meta":{"_monsterinsights_skip_tracking":false,"_monsterinsights_sitenote_active":false,"_monsterinsights_sitenote_note":"","_monsterinsights_sitenote_category":0,"_joinchat":[]},"product_brand":[],"product_cat":[2743,276],"product_tag":[],"class_list":{"0":"post-17421","1":"product","2":"type-product","3":"status-publish","4":"has-post-thumbnail","6":"product_cat-aguas","7":"product_cat-venta-domicilio","8":"tm-no-options","10":"first","11":"instock","12":"taxable","13":"shipping-taxable","14":"purchasable","15":"product-type-simple"},"_links":{"self":[{"href":"https:\/\/www.egaraexclusives.com\/es\/wp-json\/wp\/v2\/product\/17421","targetHints":{"allow":["GET"]}}],"collection":[{"href":"https:\/\/www.egaraexclusives.com\/es\/wp-json\/wp\/v2\/product"}],"about":[{"href":"https:\/\/www.egaraexclusives.com\/es\/wp-json\/wp\/v2\/types\/product"}],"wp:featuredmedia":[{"embeddable":true,"href":"https:\/\/www.egaraexclusives.com\/es\/wp-json\/wp\/v2\/media\/19238"}],"wp:attachment":[{"href":"https:\/\/www.egaraexclusives.com\/es\/wp-json\/wp\/v2\/media?parent=17421"}],"wp:term":[{"taxonomy":"product_brand","embeddable":true,"href":"https:\/\/www.egaraexclusives.com\/es\/wp-json\/wp\/v2\/product_brand?post=17421"},{"taxonomy":"product_cat","embeddable":true,"href":"https:\/\/www.egaraexclusives.com\/es\/wp-json\/wp\/v2\/product_cat?post=17421"},{"taxonomy":"product_tag","embeddable":true,"href":"https:\/\/www.egaraexclusives.com\/es\/wp-json\/wp\/v2\/product_tag?post=17421"}],"curies":[{"name":"wp","href":"https:\/\/api.w.org\/{rel}","templated":true}]}}