{"id":17428,"date":"2022-01-31T08:33:47","date_gmt":"2022-01-31T08:33:47","guid":{"rendered":"https:\/\/beta.egaraexclusives.com\/tonica-indian-fever-tree-24-u\/"},"modified":"2026-03-27T16:12:32","modified_gmt":"2026-03-27T14:12:32","slug":"tonica-indian-fever-tree-24-u","status":"publish","type":"product","link":"https:\/\/www.egaraexclusives.com\/es\/producto\/tonica-indian-fever-tree-24-u\/","title":{"rendered":"TONICA INDIAN FEVER-TREE 24 u"},"content":{"rendered":"<p>La t\u00f2nica Indian Premium utilitza diferents subst\u00e0ncies vegetals, inclosos els olis de les taronges agra\u00efes deM\u00e8xic i la distintiva quinina natural, per conferir un sabor i aroma excepcionalment nets i refrescants<\/p>\n","protected":false},"excerpt":{"rendered":"<p>24 unitats per caixa<\/p>\n","protected":false},"featured_media":16851,"template":"","meta":{"_monsterinsights_skip_tracking":false,"_monsterinsights_sitenote_active":false,"_monsterinsights_sitenote_note":"","_monsterinsights_sitenote_category":0,"_joinchat":[]},"product_brand":[],"product_cat":[2773,276],"product_tag":[],"class_list":{"0":"post-17428","1":"product","2":"type-product","3":"status-publish","4":"has-post-thumbnail","6":"product_cat-refrescos","7":"product_cat-venta-domicilio","8":"tm-no-options","10":"first","11":"instock","12":"taxable","13":"shipping-taxable","14":"purchasable","15":"product-type-simple"},"_links":{"self":[{"href":"https:\/\/www.egaraexclusives.com\/es\/wp-json\/wp\/v2\/product\/17428","targetHints":{"allow":["GET"]}}],"collection":[{"href":"https:\/\/www.egaraexclusives.com\/es\/wp-json\/wp\/v2\/product"}],"about":[{"href":"https:\/\/www.egaraexclusives.com\/es\/wp-json\/wp\/v2\/types\/product"}],"wp:featuredmedia":[{"embeddable":true,"href":"https:\/\/www.egaraexclusives.com\/es\/wp-json\/wp\/v2\/media\/16851"}],"wp:attachment":[{"href":"https:\/\/www.egaraexclusives.com\/es\/wp-json\/wp\/v2\/media?parent=17428"}],"wp:term":[{"taxonomy":"product_brand","embeddable":true,"href":"https:\/\/www.egaraexclusives.com\/es\/wp-json\/wp\/v2\/product_brand?post=17428"},{"taxonomy":"product_cat","embeddable":true,"href":"https:\/\/www.egaraexclusives.com\/es\/wp-json\/wp\/v2\/product_cat?post=17428"},{"taxonomy":"product_tag","embeddable":true,"href":"https:\/\/www.egaraexclusives.com\/es\/wp-json\/wp\/v2\/product_tag?post=17428"}],"curies":[{"name":"wp","href":"https:\/\/api.w.org\/{rel}","templated":true}]}}