{"id":17439,"date":"2022-01-31T08:33:06","date_gmt":"2022-01-31T08:33:06","guid":{"rendered":"https:\/\/beta.egaraexclusives.com\/fanta-taronja-2l-6u\/"},"modified":"2026-03-27T16:12:29","modified_gmt":"2026-03-27T14:12:29","slug":"fanta-taronja-2l-6u","status":"publish","type":"product","link":"https:\/\/www.egaraexclusives.com\/es\/producto\/fanta-taronja-2l-6u\/","title":{"rendered":"FANTA TARONJA 2L.  6u."},"content":{"rendered":"<p><strong>Descripci\u00f3<\/strong><br \/>Fanta \u00e9s una marca de refresc amb gas, refrescant i feta amb sabors 100% naturals i sense cafe\u00efna. Es gaudeix a 190 pa\u00efsos de tot el m\u00f3n. <\/p>\n<p><strong>Hist\u00f2ria<\/strong><br \/>Des del llan\u00e7ament de Fanta el 1961, la marca no ha deixat d&#8217;evolucionar fins convertir-se en una icona d&#8217;enginy i diversi\u00f3 per als joves espanyols.<br \/> Fanta llimona ajuda a refrescar al mateix temps que fa gaudir del seu delici\u00f3s gust de fruites. <\/p>\n","protected":false},"excerpt":{"rendered":"<p>6 unitats per caixa<\/p>\n","protected":false},"featured_media":16821,"template":"","meta":{"_monsterinsights_skip_tracking":false,"_monsterinsights_sitenote_active":false,"_monsterinsights_sitenote_note":"","_monsterinsights_sitenote_category":0,"_joinchat":[]},"product_brand":[],"product_cat":[2773,276],"product_tag":[],"class_list":{"0":"post-17439","1":"product","2":"type-product","3":"status-publish","4":"has-post-thumbnail","6":"product_cat-refrescos","7":"product_cat-venta-domicilio","8":"tm-no-options","10":"first","11":"instock","12":"taxable","13":"shipping-taxable","14":"purchasable","15":"product-type-simple"},"_links":{"self":[{"href":"https:\/\/www.egaraexclusives.com\/es\/wp-json\/wp\/v2\/product\/17439","targetHints":{"allow":["GET"]}}],"collection":[{"href":"https:\/\/www.egaraexclusives.com\/es\/wp-json\/wp\/v2\/product"}],"about":[{"href":"https:\/\/www.egaraexclusives.com\/es\/wp-json\/wp\/v2\/types\/product"}],"wp:featuredmedia":[{"embeddable":true,"href":"https:\/\/www.egaraexclusives.com\/es\/wp-json\/wp\/v2\/media\/16821"}],"wp:attachment":[{"href":"https:\/\/www.egaraexclusives.com\/es\/wp-json\/wp\/v2\/media?parent=17439"}],"wp:term":[{"taxonomy":"product_brand","embeddable":true,"href":"https:\/\/www.egaraexclusives.com\/es\/wp-json\/wp\/v2\/product_brand?post=17439"},{"taxonomy":"product_cat","embeddable":true,"href":"https:\/\/www.egaraexclusives.com\/es\/wp-json\/wp\/v2\/product_cat?post=17439"},{"taxonomy":"product_tag","embeddable":true,"href":"https:\/\/www.egaraexclusives.com\/es\/wp-json\/wp\/v2\/product_tag?post=17439"}],"curies":[{"name":"wp","href":"https:\/\/api.w.org\/{rel}","templated":true}]}}