{"id":17450,"date":"2022-01-31T08:16:57","date_gmt":"2022-01-31T08:16:57","guid":{"rendered":"https:\/\/beta.egaraexclusives.com\/cafe-crem-hosteleria-natural-1kg\/"},"modified":"2026-03-27T16:13:24","modified_gmt":"2026-03-27T14:13:24","slug":"cafe-crem-hosteleria-natural-1kg","status":"publish","type":"product","link":"https:\/\/www.egaraexclusives.com\/es\/producto\/cafe-crem-hosteleria-natural-1kg\/","title":{"rendered":"CAFE CREM HOSTELERIA NATURAL 1KG"},"content":{"rendered":"<p>Caf\u00e8 100% Natural amb un blend molt equilibrat entre Ar\u00e0biga i Robusta. Posseeix una aroma lleugerament pronunciada. Destaca pel seu volum en boca i la seva fr\u00e0gil acidesa, la qual cosa el converteixen en un caf\u00e8 intens i persistent.<\/p>\n","protected":false},"excerpt":{"rendered":"<p>6 unitats per caixa<\/p>\n","protected":false},"featured_media":19298,"template":"","meta":{"_monsterinsights_skip_tracking":false,"_monsterinsights_sitenote_active":false,"_monsterinsights_sitenote_note":"","_monsterinsights_sitenote_category":0,"_joinchat":[]},"product_brand":[],"product_cat":[2763,276],"product_tag":[],"class_list":{"0":"post-17450","1":"product","2":"type-product","3":"status-publish","4":"has-post-thumbnail","6":"product_cat-cafe-y-infusiones","7":"product_cat-venta-domicilio","8":"tm-no-options","10":"first","11":"instock","12":"taxable","13":"shipping-taxable","14":"purchasable","15":"product-type-simple"},"_links":{"self":[{"href":"https:\/\/www.egaraexclusives.com\/es\/wp-json\/wp\/v2\/product\/17450","targetHints":{"allow":["GET"]}}],"collection":[{"href":"https:\/\/www.egaraexclusives.com\/es\/wp-json\/wp\/v2\/product"}],"about":[{"href":"https:\/\/www.egaraexclusives.com\/es\/wp-json\/wp\/v2\/types\/product"}],"wp:featuredmedia":[{"embeddable":true,"href":"https:\/\/www.egaraexclusives.com\/es\/wp-json\/wp\/v2\/media\/19298"}],"wp:attachment":[{"href":"https:\/\/www.egaraexclusives.com\/es\/wp-json\/wp\/v2\/media?parent=17450"}],"wp:term":[{"taxonomy":"product_brand","embeddable":true,"href":"https:\/\/www.egaraexclusives.com\/es\/wp-json\/wp\/v2\/product_brand?post=17450"},{"taxonomy":"product_cat","embeddable":true,"href":"https:\/\/www.egaraexclusives.com\/es\/wp-json\/wp\/v2\/product_cat?post=17450"},{"taxonomy":"product_tag","embeddable":true,"href":"https:\/\/www.egaraexclusives.com\/es\/wp-json\/wp\/v2\/product_tag?post=17450"}],"curies":[{"name":"wp","href":"https:\/\/api.w.org\/{rel}","templated":true}]}}