{"id":17459,"date":"2022-01-31T08:14:58","date_gmt":"2022-01-31T08:14:58","guid":{"rendered":"https:\/\/beta.egaraexclusives.com\/beguda-de-soja-yosoy-1l\/"},"modified":"2026-03-27T16:12:06","modified_gmt":"2026-03-27T14:12:06","slug":"beguda-de-soja-yosoy-1l","status":"publish","type":"product","link":"https:\/\/www.egaraexclusives.com\/es\/producto\/beguda-de-soja-yosoy-1l\/","title":{"rendered":"BEGUDA DE SOJA YOSOY 1L"},"content":{"rendered":"<p><strong> Ingredients <\/strong><br \/>\nAigua del Montseny, <strong>soja<\/strong> (13,5%), sal marina.<\/p>\n<p><strong> Nota de Sabor <\/strong><br \/>\nEn fred, t\u00e9 tonalitats de prat amb notes verdes. En calent, l&#8217;aroma \u00e9s m\u00e9s intens.<\/p>\n","protected":false},"excerpt":{"rendered":"<p>&#8211; 100% Vegetal<\/p>\n<p>&#8211; Baixa en greixos saturats, els quals contribueixen al manteniment normal de colesterol.<\/p>\n<p>&#8211; Sense sucres afegits, cont\u00e9 sucres naturalment presents.<\/p>\n","protected":false},"featured_media":19402,"template":"","meta":{"_monsterinsights_skip_tracking":false,"_monsterinsights_sitenote_active":false,"_monsterinsights_sitenote_note":"","_monsterinsights_sitenote_category":0,"_joinchat":[]},"product_brand":[],"product_cat":[2769,276],"product_tag":[],"class_list":{"0":"post-17459","1":"product","2":"type-product","3":"status-publish","4":"has-post-thumbnail","6":"product_cat-leche-y-batidos","7":"product_cat-venta-domicilio","8":"tm-no-options","10":"first","11":"instock","12":"taxable","13":"shipping-taxable","14":"purchasable","15":"product-type-simple"},"_links":{"self":[{"href":"https:\/\/www.egaraexclusives.com\/es\/wp-json\/wp\/v2\/product\/17459","targetHints":{"allow":["GET"]}}],"collection":[{"href":"https:\/\/www.egaraexclusives.com\/es\/wp-json\/wp\/v2\/product"}],"about":[{"href":"https:\/\/www.egaraexclusives.com\/es\/wp-json\/wp\/v2\/types\/product"}],"wp:featuredmedia":[{"embeddable":true,"href":"https:\/\/www.egaraexclusives.com\/es\/wp-json\/wp\/v2\/media\/19402"}],"wp:attachment":[{"href":"https:\/\/www.egaraexclusives.com\/es\/wp-json\/wp\/v2\/media?parent=17459"}],"wp:term":[{"taxonomy":"product_brand","embeddable":true,"href":"https:\/\/www.egaraexclusives.com\/es\/wp-json\/wp\/v2\/product_brand?post=17459"},{"taxonomy":"product_cat","embeddable":true,"href":"https:\/\/www.egaraexclusives.com\/es\/wp-json\/wp\/v2\/product_cat?post=17459"},{"taxonomy":"product_tag","embeddable":true,"href":"https:\/\/www.egaraexclusives.com\/es\/wp-json\/wp\/v2\/product_tag?post=17459"}],"curies":[{"name":"wp","href":"https:\/\/api.w.org\/{rel}","templated":true}]}}