{"id":17460,"date":"2022-01-31T08:14:55","date_gmt":"2022-01-31T08:14:55","guid":{"rendered":"https:\/\/beta.egaraexclusives.com\/estrella-1-3-retornable\/"},"modified":"2026-03-27T16:11:32","modified_gmt":"2026-03-27T14:11:32","slug":"estrella-1-3-retornable","status":"publish","type":"product","link":"https:\/\/www.egaraexclusives.com\/es\/producto\/estrella-1-3-retornable\/","title":{"rendered":"ESTRELLA 1\/3 RETORNABLE"},"content":{"rendered":"<p><strong>Hist\u00f2ria<\/strong><br \/>\n\u00c9s la culminaci\u00f3 de l&#8217;experi\u00e8ncia centen\u00e0ria de Damm en l&#8217;elaboraci\u00f3 de cerveses. Des que l&#8217;any 1876 l&#8217;alsaci\u00e0 August Kuentzmann Damm va fundar la companyia que porta el seu nom, moltes generacions de mestres cervesers han perfeccionat aquesta cervesa lager fins convertir-la en una de les refer\u00e8ncies del m\u00f3n cerveser.<\/p>\n<p><strong>Nota de tast<\/strong><br \/>\nCervesa lager de gust i car\u00e0cter universals, ideal per prendre en qualsevol moment del dia. D&#8217;acurada elaboraci\u00f3 i gran qualitat, fruit de la selecci\u00f3 de les seves mat\u00e8ries primeres. Destaquen la seva escuma cremosa aromatitzada pel ll\u00fapol i el seu gust refrescant.<\/p>\n<p><strong>Grau alcohol<\/strong><br \/>\n5,4%. Volum.<\/p>\n<p><strong>Temperatura recomenada<\/strong><br \/>\nEntre 5\u00ba i 7\u00ba C.<\/p>\n","protected":false},"excerpt":{"rendered":"<p>A la primera compra d&#8217;un producte amb env\u00e0s retornable s&#8217;aplicar\u00e0 un c\u00e0rrec com a dip\u00f2sit d&#8217;aquest env\u00e0s. Aquest import s&#8217;abonar\u00e0 quan es tornin els envasos, en el cas que vulguis seguir consumint el producte simplement et recollirem els envasos buits i te&#8217;ls canviarem pels plens.<\/p>\n","protected":false},"featured_media":15683,"template":"","meta":{"_monsterinsights_skip_tracking":false,"_monsterinsights_sitenote_active":false,"_monsterinsights_sitenote_note":"","_monsterinsights_sitenote_category":0,"_joinchat":[]},"product_brand":[],"product_cat":[2765,2775,276],"product_tag":[3215,2885],"class_list":{"0":"post-17460","1":"product","2":"type-product","3":"status-publish","4":"has-post-thumbnail","6":"product_cat-cervezas","7":"product_cat-retornables","8":"product_cat-venta-domicilio","9":"product_tag-caixa-envasos-damm-es","10":"product_tag-retornables-es","11":"tm-has-options","13":"first","14":"instock","15":"taxable","16":"shipping-taxable","17":"purchasable","18":"product-type-simple"},"_links":{"self":[{"href":"https:\/\/www.egaraexclusives.com\/es\/wp-json\/wp\/v2\/product\/17460","targetHints":{"allow":["GET"]}}],"collection":[{"href":"https:\/\/www.egaraexclusives.com\/es\/wp-json\/wp\/v2\/product"}],"about":[{"href":"https:\/\/www.egaraexclusives.com\/es\/wp-json\/wp\/v2\/types\/product"}],"wp:featuredmedia":[{"embeddable":true,"href":"https:\/\/www.egaraexclusives.com\/es\/wp-json\/wp\/v2\/media\/15683"}],"wp:attachment":[{"href":"https:\/\/www.egaraexclusives.com\/es\/wp-json\/wp\/v2\/media?parent=17460"}],"wp:term":[{"taxonomy":"product_brand","embeddable":true,"href":"https:\/\/www.egaraexclusives.com\/es\/wp-json\/wp\/v2\/product_brand?post=17460"},{"taxonomy":"product_cat","embeddable":true,"href":"https:\/\/www.egaraexclusives.com\/es\/wp-json\/wp\/v2\/product_cat?post=17460"},{"taxonomy":"product_tag","embeddable":true,"href":"https:\/\/www.egaraexclusives.com\/es\/wp-json\/wp\/v2\/product_tag?post=17460"}],"curies":[{"name":"wp","href":"https:\/\/api.w.org\/{rel}","templated":true}]}}