{"id":17465,"date":"2022-01-31T08:14:24","date_gmt":"2022-01-31T08:14:24","guid":{"rendered":"https:\/\/beta.egaraexclusives.com\/voll-damm-1-3-llauna\/"},"modified":"2026-03-27T16:11:23","modified_gmt":"2026-03-27T14:11:23","slug":"voll-damm-1-3-llauna","status":"publish","type":"product","link":"https:\/\/www.egaraexclusives.com\/es\/producto\/voll-damm-1-3-llauna\/","title":{"rendered":"VOLL DAMM 1\/3 LLAUNA"},"content":{"rendered":"<p><strong>Caracter\u00edstiques<\/strong><br \/>\u00c9s la Doble Malta, una cervesa inconfusible pel seu intens gust, for\u00e7a de cos i color m\u00e9s fosc. <br \/>La seva qualitat com Strong Lager (cervesa forta) ha estat reconeguda en el prestigi\u00f3s certamen londinenc de la International Beer Competition concedint-li la medalla d&#8217;or en l&#8217;esmentada categoria.<\/p>\n<p><strong>Nota de cata<\/strong><br \/>D&#8217;estil Marz\u00ebnbier, inicialment es fabricava al mes de Mar\u00e7 amb m\u00e9s quantitat de malta per suportar les altes temperatures de l&#8217;estiu.<br \/>Extracte sec primitiu. 17%.<\/p>\n<p><strong>Grau d\u2019alcohol<\/strong><br \/>7,2%. Volum.<\/p>\n<p><strong>Temperatura recomenada<\/strong> <br \/>Entre 6\u00ba i 8\u00ba C. <\/p>\n","protected":false},"excerpt":{"rendered":"<p>Cervesa doble de malta, inconfusible pel seu intens gust, for\u00e7a de cos i color m\u00e9s fosc.<\/p>\n","protected":false},"featured_media":15665,"template":"","meta":{"_monsterinsights_skip_tracking":false,"_monsterinsights_sitenote_active":false,"_monsterinsights_sitenote_note":"","_monsterinsights_sitenote_category":0,"_joinchat":[]},"product_brand":[],"product_cat":[2765,276],"product_tag":[],"class_list":{"0":"post-17465","1":"product","2":"type-product","3":"status-publish","4":"has-post-thumbnail","6":"product_cat-cervezas","7":"product_cat-venta-domicilio","8":"tm-no-options","10":"first","11":"instock","12":"taxable","13":"shipping-taxable","14":"purchasable","15":"product-type-simple"},"_links":{"self":[{"href":"https:\/\/www.egaraexclusives.com\/es\/wp-json\/wp\/v2\/product\/17465","targetHints":{"allow":["GET"]}}],"collection":[{"href":"https:\/\/www.egaraexclusives.com\/es\/wp-json\/wp\/v2\/product"}],"about":[{"href":"https:\/\/www.egaraexclusives.com\/es\/wp-json\/wp\/v2\/types\/product"}],"wp:featuredmedia":[{"embeddable":true,"href":"https:\/\/www.egaraexclusives.com\/es\/wp-json\/wp\/v2\/media\/15665"}],"wp:attachment":[{"href":"https:\/\/www.egaraexclusives.com\/es\/wp-json\/wp\/v2\/media?parent=17465"}],"wp:term":[{"taxonomy":"product_brand","embeddable":true,"href":"https:\/\/www.egaraexclusives.com\/es\/wp-json\/wp\/v2\/product_brand?post=17465"},{"taxonomy":"product_cat","embeddable":true,"href":"https:\/\/www.egaraexclusives.com\/es\/wp-json\/wp\/v2\/product_cat?post=17465"},{"taxonomy":"product_tag","embeddable":true,"href":"https:\/\/www.egaraexclusives.com\/es\/wp-json\/wp\/v2\/product_tag?post=17465"}],"curies":[{"name":"wp","href":"https:\/\/api.w.org\/{rel}","templated":true}]}}