{"id":17466,"date":"2022-01-31T08:14:23","date_gmt":"2022-01-31T08:14:23","guid":{"rendered":"https:\/\/beta.egaraexclusives.com\/daura-estrella-damm-1-3-sr\/"},"modified":"2026-03-27T16:11:24","modified_gmt":"2026-03-27T14:11:24","slug":"daura-estrella-damm-1-3-sr","status":"publish","type":"product","link":"https:\/\/www.egaraexclusives.com\/es\/producto\/daura-estrella-damm-1-3-sr\/","title":{"rendered":"DAURA ESTRELLA DAMM 1\/3 SR."},"content":{"rendered":"<p><strong>Caracter\u00edstiques<\/strong><br \/>\nLa primera cervesa que mantenint les mateixes propietats de l&#8217;Estrella de sempre, compta amb uns nivells de gluten aptes per als cel\u00edacs (inferior a 6ppm). El seu car\u00e0cter espec\u00edfic no condiciona l&#8217;inconfusible sabor i l&#8217;extraordin\u00e0ria qualitat.<\/p>\n<p><strong>Grau alcohol<\/strong><br \/>\n5,4%. Volum.<\/p>\n<p><strong>Temperatura recomenada<\/strong><br \/>\nEntre 5\u00ba i 7\u00ba C.<\/p>\n","protected":false},"excerpt":{"rendered":"<p>Cervesa que compta amb uns nivells de gluten aptes per als cel\u00edacs (inferior a 6ppm).<\/p>\n","protected":false},"featured_media":15663,"template":"","meta":{"_monsterinsights_skip_tracking":false,"_monsterinsights_sitenote_active":false,"_monsterinsights_sitenote_note":"","_monsterinsights_sitenote_category":0,"_joinchat":[]},"product_brand":[],"product_cat":[2765,276],"product_tag":[],"class_list":{"0":"post-17466","1":"product","2":"type-product","3":"status-publish","4":"has-post-thumbnail","6":"product_cat-cervezas","7":"product_cat-venta-domicilio","8":"tm-no-options","10":"first","11":"instock","12":"taxable","13":"shipping-taxable","14":"purchasable","15":"product-type-simple"},"_links":{"self":[{"href":"https:\/\/www.egaraexclusives.com\/es\/wp-json\/wp\/v2\/product\/17466","targetHints":{"allow":["GET"]}}],"collection":[{"href":"https:\/\/www.egaraexclusives.com\/es\/wp-json\/wp\/v2\/product"}],"about":[{"href":"https:\/\/www.egaraexclusives.com\/es\/wp-json\/wp\/v2\/types\/product"}],"wp:featuredmedia":[{"embeddable":true,"href":"https:\/\/www.egaraexclusives.com\/es\/wp-json\/wp\/v2\/media\/15663"}],"wp:attachment":[{"href":"https:\/\/www.egaraexclusives.com\/es\/wp-json\/wp\/v2\/media?parent=17466"}],"wp:term":[{"taxonomy":"product_brand","embeddable":true,"href":"https:\/\/www.egaraexclusives.com\/es\/wp-json\/wp\/v2\/product_brand?post=17466"},{"taxonomy":"product_cat","embeddable":true,"href":"https:\/\/www.egaraexclusives.com\/es\/wp-json\/wp\/v2\/product_cat?post=17466"},{"taxonomy":"product_tag","embeddable":true,"href":"https:\/\/www.egaraexclusives.com\/es\/wp-json\/wp\/v2\/product_tag?post=17466"}],"curies":[{"name":"wp","href":"https:\/\/api.w.org\/{rel}","templated":true}]}}