{"id":17467,"date":"2022-01-31T08:14:20","date_gmt":"2022-01-31T08:14:20","guid":{"rendered":"https:\/\/beta.egaraexclusives.com\/turia-damm-1-3-retornable\/"},"modified":"2026-03-27T16:11:24","modified_gmt":"2026-03-27T14:11:24","slug":"turia-damm-1-3-retornable","status":"publish","type":"product","link":"https:\/\/www.egaraexclusives.com\/es\/producto\/turia-damm-1-3-retornable\/","title":{"rendered":"TURIA DAMM 1\/3 RETORNABLE"},"content":{"rendered":"<p><strong>M\u00e8tode d\u2019elaboraci\u00f3<\/strong><br \/>\nT\u00faria \u00e9s una cervesa torrada, de color amber intens i reflexos vermellosos. No obstant aix\u00f2, el fet de ser una cervesa torrada, no vol dir que sigui una cervesa forta. Igual que en torrar una llesca de pa, aquest passa a tenir un gust diferent per\u00f2 no per aix\u00f2 m\u00e9s forta, amb la cervesa passa el mateix. T\u00faria \u00e9s fresca, amb un toc amarg i c\u00edtric.<\/p>\n<p><strong>Nota de cata<\/strong><br \/>\nLa malta torrada, que s&#8217;obt\u00e9 d&#8217;un proc\u00e9s similar al de la torrefacci\u00f3 del caf\u00e8, aporta el color vermell\u00f3s tan caracter\u00edstic d&#8217;aquesta cervesa.<\/p>\n<p><strong>Grau d&#8217;alcohol<\/strong><br \/>\n5,4%. Volum.<\/p>\n<p><strong>Temperatura recomenada<\/strong><br \/>\nEntre 0\u00ba i 4\u00ba C.<\/p>\n","protected":false},"excerpt":{"rendered":"<p>A la primera compra d&#8217;un producte amb env\u00e0s retornable s&#8217;aplicar\u00e0 un c\u00e0rrec com a dip\u00f2sit d&#8217;aquest env\u00e0s. Aquest import s&#8217;abonar\u00e0 quan es tornin els envasos, en el cas que vulguis seguir consumint el producte simplement et recollirem els envasos buits i te&#8217;ls canviarem pels plens.<\/p>\n","protected":false},"featured_media":15657,"template":"","meta":{"_monsterinsights_skip_tracking":false,"_monsterinsights_sitenote_active":false,"_monsterinsights_sitenote_note":"","_monsterinsights_sitenote_category":0,"_joinchat":[]},"product_brand":[],"product_cat":[2765,2775,276],"product_tag":[3215,2885],"class_list":{"0":"post-17467","1":"product","2":"type-product","3":"status-publish","4":"has-post-thumbnail","6":"product_cat-cervezas","7":"product_cat-retornables","8":"product_cat-venta-domicilio","9":"product_tag-caixa-envasos-damm-es","10":"product_tag-retornables-es","11":"tm-has-options","13":"first","14":"instock","15":"taxable","16":"shipping-taxable","17":"purchasable","18":"product-type-simple"},"_links":{"self":[{"href":"https:\/\/www.egaraexclusives.com\/es\/wp-json\/wp\/v2\/product\/17467","targetHints":{"allow":["GET"]}}],"collection":[{"href":"https:\/\/www.egaraexclusives.com\/es\/wp-json\/wp\/v2\/product"}],"about":[{"href":"https:\/\/www.egaraexclusives.com\/es\/wp-json\/wp\/v2\/types\/product"}],"wp:featuredmedia":[{"embeddable":true,"href":"https:\/\/www.egaraexclusives.com\/es\/wp-json\/wp\/v2\/media\/15657"}],"wp:attachment":[{"href":"https:\/\/www.egaraexclusives.com\/es\/wp-json\/wp\/v2\/media?parent=17467"}],"wp:term":[{"taxonomy":"product_brand","embeddable":true,"href":"https:\/\/www.egaraexclusives.com\/es\/wp-json\/wp\/v2\/product_brand?post=17467"},{"taxonomy":"product_cat","embeddable":true,"href":"https:\/\/www.egaraexclusives.com\/es\/wp-json\/wp\/v2\/product_cat?post=17467"},{"taxonomy":"product_tag","embeddable":true,"href":"https:\/\/www.egaraexclusives.com\/es\/wp-json\/wp\/v2\/product_tag?post=17467"}],"curies":[{"name":"wp","href":"https:\/\/api.w.org\/{rel}","templated":true}]}}