{"id":17468,"date":"2022-01-31T08:14:19","date_gmt":"2022-01-31T08:14:19","guid":{"rendered":"https:\/\/beta.egaraexclusives.com\/xibeca-1l-s-r\/"},"modified":"2026-03-27T16:11:48","modified_gmt":"2026-03-27T14:11:48","slug":"xibeca-1l-s-r","status":"publish","type":"product","link":"https:\/\/www.egaraexclusives.com\/es\/producto\/xibeca-1l-s-r\/","title":{"rendered":"XIBECA 1L S.R."},"content":{"rendered":"<p>Cervesa estil Pilsen caracteritzada per la suavitat del seu sabor i pel seu car\u00e0cter refrescant. Generacions de consumidors, des de la seva aparici\u00f3 el 1968, l&#8217;han convertit en una refer\u00e8ncia per als moments per compartir. <br \/> F\u00e0cil de beure i gen\u00e8ric del format de litre a Catalunya. <br \/> Grau alcohol: 4,6%. Volum. <br \/> Es recomana consumir-la entre 5\u00ba i 7\u00ba C. <\/p>\n","protected":false},"excerpt":{"rendered":"<p>Cervesa estil Pilsen caracteritzada per la suavitat del seu sabor i pel seu car\u00e0cter refrescant.<\/p>\n","protected":false},"featured_media":15653,"template":"","meta":{"_monsterinsights_skip_tracking":false,"_monsterinsights_sitenote_active":false,"_monsterinsights_sitenote_note":"","_monsterinsights_sitenote_category":0,"_joinchat":[]},"product_brand":[],"product_cat":[2765,276],"product_tag":[],"class_list":{"0":"post-17468","1":"product","2":"type-product","3":"status-publish","4":"has-post-thumbnail","6":"product_cat-cervezas","7":"product_cat-venta-domicilio","8":"tm-no-options","10":"first","11":"instock","12":"taxable","13":"shipping-taxable","14":"purchasable","15":"product-type-simple"},"_links":{"self":[{"href":"https:\/\/www.egaraexclusives.com\/es\/wp-json\/wp\/v2\/product\/17468","targetHints":{"allow":["GET"]}}],"collection":[{"href":"https:\/\/www.egaraexclusives.com\/es\/wp-json\/wp\/v2\/product"}],"about":[{"href":"https:\/\/www.egaraexclusives.com\/es\/wp-json\/wp\/v2\/types\/product"}],"wp:featuredmedia":[{"embeddable":true,"href":"https:\/\/www.egaraexclusives.com\/es\/wp-json\/wp\/v2\/media\/15653"}],"wp:attachment":[{"href":"https:\/\/www.egaraexclusives.com\/es\/wp-json\/wp\/v2\/media?parent=17468"}],"wp:term":[{"taxonomy":"product_brand","embeddable":true,"href":"https:\/\/www.egaraexclusives.com\/es\/wp-json\/wp\/v2\/product_brand?post=17468"},{"taxonomy":"product_cat","embeddable":true,"href":"https:\/\/www.egaraexclusives.com\/es\/wp-json\/wp\/v2\/product_cat?post=17468"},{"taxonomy":"product_tag","embeddable":true,"href":"https:\/\/www.egaraexclusives.com\/es\/wp-json\/wp\/v2\/product_tag?post=17468"}],"curies":[{"name":"wp","href":"https:\/\/api.w.org\/{rel}","templated":true}]}}