{"id":17469,"date":"2022-01-31T08:14:17","date_gmt":"2022-01-31T08:14:17","guid":{"rendered":"https:\/\/beta.egaraexclusives.com\/damm-lemon-1-3-llauna\/"},"modified":"2026-03-27T16:11:59","modified_gmt":"2026-03-27T14:11:59","slug":"damm-lemon-1-3-llauna","status":"publish","type":"product","link":"https:\/\/www.egaraexclusives.com\/es\/producto\/damm-lemon-1-3-llauna\/","title":{"rendered":"DAMM LEMON 1\/3 LLAUNA"},"content":{"rendered":"<p><strong>Hist\u00f2ria<\/strong><br \/>De l&#8217;enginy d&#8217;algun b\u00e0rman de la mediterr\u00e0nia va n\u00e9ixer, fa molts anys, la clara. Una recepta que s&#8217;ha convertit en una tradici\u00f3 i es caracteritza per la barreja de 6 parts de cervesa i 4 de llimona. Anys m\u00e9s tard, Damm, va decidir elaborar una clara de m\u00e0xima qualitat respectant la recepta tradicional. <\/p>\n<p><strong>Caracter\u00edstiques<\/strong><br \/>Una clara elaborada amb la selecci\u00f3 dels millors ingredients, 6 parts d&#8217;Estrella Damm i 4 parts de llimones mediterr\u00e0nies i un lleuger toc de llima que refor\u00e7a en boca la sensaci\u00f3 refrescant. <\/p>\n<p><strong> Grau d&#8217;alcohol<\/strong><br \/>3,2%. Volum. <\/p>\n<p><strong>Temperatura recomanada<\/strong><br \/>Entre 5\u00ba i 7\u00baC.<\/p>\n","protected":false},"excerpt":{"rendered":"<p>Es caracteritza per la barreja de 6 parts de cervesa i 4 de llimona mediterr\u00e0nies i un toc de llima.<\/p>\n","protected":false},"featured_media":15647,"template":"","meta":{"_monsterinsights_skip_tracking":false,"_monsterinsights_sitenote_active":false,"_monsterinsights_sitenote_note":"","_monsterinsights_sitenote_category":0,"_joinchat":[]},"product_brand":[],"product_cat":[2765,276],"product_tag":[],"class_list":{"0":"post-17469","1":"product","2":"type-product","3":"status-publish","4":"has-post-thumbnail","6":"product_cat-cervezas","7":"product_cat-venta-domicilio","8":"tm-no-options","10":"first","11":"instock","12":"taxable","13":"shipping-taxable","14":"purchasable","15":"product-type-simple"},"_links":{"self":[{"href":"https:\/\/www.egaraexclusives.com\/es\/wp-json\/wp\/v2\/product\/17469","targetHints":{"allow":["GET"]}}],"collection":[{"href":"https:\/\/www.egaraexclusives.com\/es\/wp-json\/wp\/v2\/product"}],"about":[{"href":"https:\/\/www.egaraexclusives.com\/es\/wp-json\/wp\/v2\/types\/product"}],"wp:featuredmedia":[{"embeddable":true,"href":"https:\/\/www.egaraexclusives.com\/es\/wp-json\/wp\/v2\/media\/15647"}],"wp:attachment":[{"href":"https:\/\/www.egaraexclusives.com\/es\/wp-json\/wp\/v2\/media?parent=17469"}],"wp:term":[{"taxonomy":"product_brand","embeddable":true,"href":"https:\/\/www.egaraexclusives.com\/es\/wp-json\/wp\/v2\/product_brand?post=17469"},{"taxonomy":"product_cat","embeddable":true,"href":"https:\/\/www.egaraexclusives.com\/es\/wp-json\/wp\/v2\/product_cat?post=17469"},{"taxonomy":"product_tag","embeddable":true,"href":"https:\/\/www.egaraexclusives.com\/es\/wp-json\/wp\/v2\/product_tag?post=17469"}],"curies":[{"name":"wp","href":"https:\/\/api.w.org\/{rel}","templated":true}]}}