{"id":17470,"date":"2022-01-31T08:14:16","date_gmt":"2022-01-31T08:14:16","guid":{"rendered":"https:\/\/beta.egaraexclusives.com\/free-damm-1-3-retornable\/"},"modified":"2026-03-27T16:12:12","modified_gmt":"2026-03-27T14:12:12","slug":"free-damm-1-3-retornable","status":"publish","type":"product","link":"https:\/\/www.egaraexclusives.com\/es\/producto\/free-damm-1-3-retornable\/","title":{"rendered":"FREE DAMM 1\/3 RETORNABLE"},"content":{"rendered":"<p><strong>Hist\u00f2ria<\/strong><br \/>\nCervesa sense alcohol que ha redu\u00eft fins a la m\u00ednima expressi\u00f3 el seu contingut cal\u00f2ric. Aconseguint aix\u00ed un producte de gran qualitat, aut\u00e8ntic i amb tot el sabor per\u00f2 amb menys calories.<\/p>\n<p><strong>Caracter\u00edstiques<\/strong><br \/>\nFree Damm est\u00e0 pensada per a totes aquelles persones a les que els agrada cuidar-se i es preocupen per la seva salut. La redu\u00efda aportaci\u00f3 cal\u00f2rica de Free Damm la converteix en la cervesa m\u00e9s adequada per als que no volen afegir calories de m\u00e9s mentre gaudeixen del millor sabor.<\/p>\n<p><strong>Grau alcohol<\/strong><br \/>\n0,0\u00ba C<\/p>\n<p><strong>Temperatura recomanada<\/strong><br \/>\nEntre 4\u00ba i 6\u00ba C.<\/p>\n","protected":false},"excerpt":{"rendered":"<p>A la primera compra d&#8217;un producte amb env\u00e0s retornable s&#8217;aplicar\u00e0 un c\u00e0rrec com a dip\u00f2sit d&#8217;aquest env\u00e0s. Aquest import s&#8217;abonar\u00e0 quan es tornin els envasos, en el cas que vulguis seguir consumint el producte simplement et recollirem els envasos buits i te&#8217;ls canviarem pels plens.<\/p>\n","protected":false},"featured_media":15643,"template":"","meta":{"_monsterinsights_skip_tracking":false,"_monsterinsights_sitenote_active":false,"_monsterinsights_sitenote_note":"","_monsterinsights_sitenote_category":0,"_joinchat":[]},"product_brand":[],"product_cat":[2765,2775,276],"product_tag":[3215,2885],"class_list":{"0":"post-17470","1":"product","2":"type-product","3":"status-publish","4":"has-post-thumbnail","6":"product_cat-cervezas","7":"product_cat-retornables","8":"product_cat-venta-domicilio","9":"product_tag-caixa-envasos-damm-es","10":"product_tag-retornables-es","11":"tm-has-options","13":"first","14":"instock","15":"taxable","16":"shipping-taxable","17":"purchasable","18":"product-type-simple"},"_links":{"self":[{"href":"https:\/\/www.egaraexclusives.com\/es\/wp-json\/wp\/v2\/product\/17470","targetHints":{"allow":["GET"]}}],"collection":[{"href":"https:\/\/www.egaraexclusives.com\/es\/wp-json\/wp\/v2\/product"}],"about":[{"href":"https:\/\/www.egaraexclusives.com\/es\/wp-json\/wp\/v2\/types\/product"}],"wp:featuredmedia":[{"embeddable":true,"href":"https:\/\/www.egaraexclusives.com\/es\/wp-json\/wp\/v2\/media\/15643"}],"wp:attachment":[{"href":"https:\/\/www.egaraexclusives.com\/es\/wp-json\/wp\/v2\/media?parent=17470"}],"wp:term":[{"taxonomy":"product_brand","embeddable":true,"href":"https:\/\/www.egaraexclusives.com\/es\/wp-json\/wp\/v2\/product_brand?post=17470"},{"taxonomy":"product_cat","embeddable":true,"href":"https:\/\/www.egaraexclusives.com\/es\/wp-json\/wp\/v2\/product_cat?post=17470"},{"taxonomy":"product_tag","embeddable":true,"href":"https:\/\/www.egaraexclusives.com\/es\/wp-json\/wp\/v2\/product_tag?post=17470"}],"curies":[{"name":"wp","href":"https:\/\/api.w.org\/{rel}","templated":true}]}}