{"id":17472,"date":"2022-01-31T08:13:46","date_gmt":"2022-01-31T08:13:46","guid":{"rendered":"https:\/\/beta.egaraexclusives.com\/lemon-free-damm-1-3\/"},"modified":"2026-03-27T16:12:13","modified_gmt":"2026-03-27T14:12:13","slug":"lemon-free-damm-1-3","status":"publish","type":"product","link":"https:\/\/www.egaraexclusives.com\/es\/producto\/lemon-free-damm-1-3\/","title":{"rendered":"LEMON FREE DAMM 1\/3"},"content":{"rendered":"<p><strong>Caracter\u00edsticas<\/strong><\/p>\n<p>Elaborada amb Free Damm i amb una menor proporci\u00f3 de llimona, aquesta cervesa conserva el seu color natural t\u00e8rbol i una frescor vegetal.<\/p>\n<p><strong>Grau d\u2019alcohol<\/strong><br \/>\n0,0% en volum.<br \/>\n<strong>Temperatura recomenada<\/strong><br \/>\nEs recomana consumir-la entre 4\u00ba i 6\u00ba C.<\/p>\n","protected":false},"excerpt":{"rendered":"<p>A la primera compra d&#8217;un producte amb env\u00e0s retornable s&#8217;aplicar\u00e0 un c\u00e0rrec com a dip\u00f2sit d&#8217;aquest env\u00e0s. Aquest import s&#8217;abonar\u00e0 quan es tornin els envasos, en el cas que vulguis seguir consumint el producte simplement et recollirem els envasos buits i te&#8217;ls canviarem pels plens.<\/p>\n","protected":false},"featured_media":15637,"template":"","meta":{"_monsterinsights_skip_tracking":false,"_monsterinsights_sitenote_active":false,"_monsterinsights_sitenote_note":"","_monsterinsights_sitenote_category":0,"_joinchat":[]},"product_brand":[],"product_cat":[2765,2775,276],"product_tag":[3215,2885],"class_list":{"0":"post-17472","1":"product","2":"type-product","3":"status-publish","4":"has-post-thumbnail","6":"product_cat-cervezas","7":"product_cat-retornables","8":"product_cat-venta-domicilio","9":"product_tag-caixa-envasos-damm-es","10":"product_tag-retornables-es","11":"tm-has-options","13":"first","14":"instock","15":"taxable","16":"shipping-taxable","17":"purchasable","18":"product-type-simple"},"_links":{"self":[{"href":"https:\/\/www.egaraexclusives.com\/es\/wp-json\/wp\/v2\/product\/17472","targetHints":{"allow":["GET"]}}],"collection":[{"href":"https:\/\/www.egaraexclusives.com\/es\/wp-json\/wp\/v2\/product"}],"about":[{"href":"https:\/\/www.egaraexclusives.com\/es\/wp-json\/wp\/v2\/types\/product"}],"wp:featuredmedia":[{"embeddable":true,"href":"https:\/\/www.egaraexclusives.com\/es\/wp-json\/wp\/v2\/media\/15637"}],"wp:attachment":[{"href":"https:\/\/www.egaraexclusives.com\/es\/wp-json\/wp\/v2\/media?parent=17472"}],"wp:term":[{"taxonomy":"product_brand","embeddable":true,"href":"https:\/\/www.egaraexclusives.com\/es\/wp-json\/wp\/v2\/product_brand?post=17472"},{"taxonomy":"product_cat","embeddable":true,"href":"https:\/\/www.egaraexclusives.com\/es\/wp-json\/wp\/v2\/product_cat?post=17472"},{"taxonomy":"product_tag","embeddable":true,"href":"https:\/\/www.egaraexclusives.com\/es\/wp-json\/wp\/v2\/product_tag?post=17472"}],"curies":[{"name":"wp","href":"https:\/\/api.w.org\/{rel}","templated":true}]}}