{"id":17475,"date":"2022-01-31T08:13:43","date_gmt":"2022-01-31T08:13:43","guid":{"rendered":"https:\/\/beta.egaraexclusives.com\/ak-damm-1-3-s-r\/"},"modified":"2026-03-27T16:13:08","modified_gmt":"2026-03-27T14:13:08","slug":"ak-damm-1-3-s-r","status":"publish","type":"product","link":"https:\/\/www.egaraexclusives.com\/es\/producto\/ak-damm-1-3-s-r\/","title":{"rendered":"AK DAMM 1\/3 S.R."},"content":{"rendered":"<p><strong>Hist\u00f2ria<\/strong><br \/>\n\u00c9s la cervesa que recupera el llegat del M\u00e8tode Original Alsaci\u00e0 que el fundador, August Kuentzmann Damm, va portar del seu pa\u00eds natal.<\/p>\n<p><strong>Caracter\u00edstiques<\/strong><br \/>\nEs caracteritza per un sabor suau, que s&#8217;aconsegueix amb un proc\u00e9s d&#8217;elaboraci\u00f3 totalment natural, a partir d&#8217;ingredients rigorosament seleccionats.<\/p>\n<p><strong>Grau d&#8217;alcohol<\/strong><br \/>\n4,8% .Volum.<\/p>\n<p><strong>Temperatura recomenada<\/strong><br \/>\nEntre 5\u00ba i 7\u00ba C.<\/p>\n","protected":false},"excerpt":{"rendered":"<p>\u00c9s la cervesa que recupera el M\u00e8tode Original Alsaci\u00e0 del seu fundador.<\/p>\n","protected":false},"featured_media":15627,"template":"","meta":{"_monsterinsights_skip_tracking":false,"_monsterinsights_sitenote_active":false,"_monsterinsights_sitenote_note":"","_monsterinsights_sitenote_category":0,"_joinchat":[]},"product_brand":[],"product_cat":[2765,276],"product_tag":[],"class_list":{"0":"post-17475","1":"product","2":"type-product","3":"status-publish","4":"has-post-thumbnail","6":"product_cat-cervezas","7":"product_cat-venta-domicilio","8":"tm-no-options","10":"first","11":"instock","12":"taxable","13":"shipping-taxable","14":"purchasable","15":"product-type-simple"},"_links":{"self":[{"href":"https:\/\/www.egaraexclusives.com\/es\/wp-json\/wp\/v2\/product\/17475","targetHints":{"allow":["GET"]}}],"collection":[{"href":"https:\/\/www.egaraexclusives.com\/es\/wp-json\/wp\/v2\/product"}],"about":[{"href":"https:\/\/www.egaraexclusives.com\/es\/wp-json\/wp\/v2\/types\/product"}],"wp:featuredmedia":[{"embeddable":true,"href":"https:\/\/www.egaraexclusives.com\/es\/wp-json\/wp\/v2\/media\/15627"}],"wp:attachment":[{"href":"https:\/\/www.egaraexclusives.com\/es\/wp-json\/wp\/v2\/media?parent=17475"}],"wp:term":[{"taxonomy":"product_brand","embeddable":true,"href":"https:\/\/www.egaraexclusives.com\/es\/wp-json\/wp\/v2\/product_brand?post=17475"},{"taxonomy":"product_cat","embeddable":true,"href":"https:\/\/www.egaraexclusives.com\/es\/wp-json\/wp\/v2\/product_cat?post=17475"},{"taxonomy":"product_tag","embeddable":true,"href":"https:\/\/www.egaraexclusives.com\/es\/wp-json\/wp\/v2\/product_tag?post=17475"}],"curies":[{"name":"wp","href":"https:\/\/api.w.org\/{rel}","templated":true}]}}