{"id":17477,"date":"2022-01-31T08:13:41","date_gmt":"2022-01-31T08:13:41","guid":{"rendered":"https:\/\/beta.egaraexclusives.com\/inedit-3-4-s-r\/"},"modified":"2026-03-27T16:13:36","modified_gmt":"2026-03-27T14:13:36","slug":"inedit-3-4-s-r","status":"publish","type":"product","link":"https:\/\/www.egaraexclusives.com\/es\/producto\/inedit-3-4-s-r\/","title":{"rendered":"INEDIT 3\/4 S.R."},"content":{"rendered":"<p><strong>Hist\u00f2ria<\/strong><br \/>Estrella Damm INEDIT, la primera cervesa creada per acompanyar els \u00e0pats. Ferran Adri\u00e0, Juli Soler, els sommeliers d&#8217;el Bulli i els mestres cervesers de Damm creen un nou concepte de cervesa. Per primera vegada, una cervesa podr\u00e0 ser una alternativa al vi en els millors restaurants. <\/p>\n<p><strong>Composici\u00f3<\/strong><br \/>Estrella Damm Inedit \u00e9s un cupatge \u00fanic, barreja de malts d&#8217;ordi i blat, aromatitzat amb esp\u00e8cies (coriandre, pell de taronja i regal\u00e8ssia) llevat i aigua. <\/p>\n<p><strong>Nota de tast<\/strong><br \/>Alta intensitat i complexitat arom\u00e0tica, amb aspecte lleugerament t\u00e8rbol. Molt afruitada i floral en nas, amb sensaci\u00f3 de llevat fresc i records a esp\u00e8cies dolces. Es tracta d&#8217;una cervesa de textura cremosa i fresca, suau volum i carb\u00f2nic delicat. T\u00e9 un postgust llarg i de record afable. <\/p>\n<p><strong>Consells<\/strong><br \/>Per gaudir de tota la intensitat d&#8217;Estrella Damm Inedit es recomana mantenir en gla\u00e7onera durant el servei i servir en copes de vi blanc. S&#8217;aconsella no omplir m\u00e9s de la meitat de la copa per apreciar perfectament les seves virtuts.<\/p>\n","protected":false},"excerpt":{"rendered":"<p>Estrella Damm INEDIT, la primera cervesa creada per acompanyar els \u00e0pats.<\/p>\n","protected":false},"featured_media":15623,"template":"","meta":{"_monsterinsights_skip_tracking":false,"_monsterinsights_sitenote_active":false,"_monsterinsights_sitenote_note":"","_monsterinsights_sitenote_category":0,"_joinchat":[]},"product_brand":[],"product_cat":[2765,276],"product_tag":[],"class_list":{"0":"post-17477","1":"product","2":"type-product","3":"status-publish","4":"has-post-thumbnail","6":"product_cat-cervezas","7":"product_cat-venta-domicilio","8":"tm-no-options","10":"first","11":"instock","12":"taxable","13":"shipping-taxable","14":"purchasable","15":"product-type-simple"},"_links":{"self":[{"href":"https:\/\/www.egaraexclusives.com\/es\/wp-json\/wp\/v2\/product\/17477","targetHints":{"allow":["GET"]}}],"collection":[{"href":"https:\/\/www.egaraexclusives.com\/es\/wp-json\/wp\/v2\/product"}],"about":[{"href":"https:\/\/www.egaraexclusives.com\/es\/wp-json\/wp\/v2\/types\/product"}],"wp:featuredmedia":[{"embeddable":true,"href":"https:\/\/www.egaraexclusives.com\/es\/wp-json\/wp\/v2\/media\/15623"}],"wp:attachment":[{"href":"https:\/\/www.egaraexclusives.com\/es\/wp-json\/wp\/v2\/media?parent=17477"}],"wp:term":[{"taxonomy":"product_brand","embeddable":true,"href":"https:\/\/www.egaraexclusives.com\/es\/wp-json\/wp\/v2\/product_brand?post=17477"},{"taxonomy":"product_cat","embeddable":true,"href":"https:\/\/www.egaraexclusives.com\/es\/wp-json\/wp\/v2\/product_cat?post=17477"},{"taxonomy":"product_tag","embeddable":true,"href":"https:\/\/www.egaraexclusives.com\/es\/wp-json\/wp\/v2\/product_tag?post=17477"}],"curies":[{"name":"wp","href":"https:\/\/api.w.org\/{rel}","templated":true}]}}