{"id":17493,"date":"2022-01-31T08:08:11","date_gmt":"2022-01-31T06:08:11","guid":{"rendered":"https:\/\/beta.egaraexclusives.com\/cava-griva-brut-nature\/"},"modified":"2026-03-27T16:11:15","modified_gmt":"2026-03-27T14:11:15","slug":"cava-griva-brut-nature","status":"publish","type":"product","link":"https:\/\/www.egaraexclusives.com\/es\/producto\/cava-griva-brut-nature\/","title":{"rendered":"CAVA GRIVA BRUT NATURE"},"content":{"rendered":"<p><strong>Composici\u00f3 varietal<\/strong><br \/>\nParellada, Macabeu, Xarel.lo<\/p>\n<p><strong>M\u00e9tode d&#8217;elaboraci\u00f3<\/strong><br \/>\nRecepci\u00f3 de ra\u00efm i desc\u00e0rrega per varietats i qualitat. Obtenci\u00f3 del most per premsa pneum\u00e0tica o escorregut din\u00e0mic. Filtraci\u00f3 de most flor. Inoculaci\u00f3 de llevat seleccionada al most flor. Fermentaci\u00f3 del most per sota de 19\u00baC de temperatura i seguiment de la mateixa.<\/p>\n<p><strong>Nota de cata<\/strong><br \/>\nColor groc p\u00e0l\u00b7lid amb lleus reflexos daurats. Persistent i bon despreniment de bombolles que pugen en rosari formant corona. Primera impressi\u00f3: agradable, potent i fi, posteriorment es distingeixen aromes florals i melosos caracter\u00edstics de la crian\u00e7a en ampolla. A la boca es presenta sec, agradable i rod\u00f3; amb molt bona persist\u00e8ncia arom\u00e0tica. Equilibrat, harm\u00f2nic, franc i de molt bona persist\u00e8ncia arom\u00e0tica.<\/p>\n","protected":false},"excerpt":{"rendered":"<p>6 unitats per caixa<\/p>\n","protected":false},"featured_media":15265,"template":"","meta":{"_monsterinsights_skip_tracking":false,"_monsterinsights_sitenote_active":false,"_monsterinsights_sitenote_note":"","_monsterinsights_sitenote_category":0,"_joinchat":[]},"product_brand":[],"product_cat":[3363,276,2779],"product_tag":[],"class_list":{"0":"post-17493","1":"product","2":"type-product","3":"status-publish","4":"has-post-thumbnail","6":"product_cat-cava-es","7":"product_cat-venta-domicilio","8":"product_cat-vinos-y-cavas","9":"tm-no-options","11":"first","12":"instock","13":"taxable","14":"shipping-taxable","15":"purchasable","16":"product-type-simple"},"_links":{"self":[{"href":"https:\/\/www.egaraexclusives.com\/es\/wp-json\/wp\/v2\/product\/17493","targetHints":{"allow":["GET"]}}],"collection":[{"href":"https:\/\/www.egaraexclusives.com\/es\/wp-json\/wp\/v2\/product"}],"about":[{"href":"https:\/\/www.egaraexclusives.com\/es\/wp-json\/wp\/v2\/types\/product"}],"wp:featuredmedia":[{"embeddable":true,"href":"https:\/\/www.egaraexclusives.com\/es\/wp-json\/wp\/v2\/media\/15265"}],"wp:attachment":[{"href":"https:\/\/www.egaraexclusives.com\/es\/wp-json\/wp\/v2\/media?parent=17493"}],"wp:term":[{"taxonomy":"product_brand","embeddable":true,"href":"https:\/\/www.egaraexclusives.com\/es\/wp-json\/wp\/v2\/product_brand?post=17493"},{"taxonomy":"product_cat","embeddable":true,"href":"https:\/\/www.egaraexclusives.com\/es\/wp-json\/wp\/v2\/product_cat?post=17493"},{"taxonomy":"product_tag","embeddable":true,"href":"https:\/\/www.egaraexclusives.com\/es\/wp-json\/wp\/v2\/product_tag?post=17493"}],"curies":[{"name":"wp","href":"https:\/\/api.w.org\/{rel}","templated":true}]}}