{"id":17496,"date":"2022-01-31T08:06:51","date_gmt":"2022-01-31T08:06:51","guid":{"rendered":"https:\/\/beta.egaraexclusives.com\/viladrau-050-pet\/"},"modified":"2026-03-27T16:11:33","modified_gmt":"2026-03-27T14:11:33","slug":"viladrau-050-pet","status":"publish","type":"product","link":"https:\/\/www.egaraexclusives.com\/es\/producto\/viladrau-050-pet\/","title":{"rendered":"VILADRAU 0,50 PET"},"content":{"rendered":"<p>L\u2019aigua mineral natural Viladrau s&#8217;ha filtrat en la nostra terra, arribant al centre del Parc Natural del Montseny. Aquest filtre \u00e9s el que proporciona a Viladrau unes caracter\u00edstiques pr\u00f2pies i la converteix en una aigua natural \u00fanica. Viladrau reuneix totes les propietats de la terra on neix i s\u2019embotella higi\u00e8nicament sense cap tractament afegit, de tal manera que tot el proc\u00e9s es realitza de forma natural per mantenir-ne la puresa i propietats intactes.Viladrau \u00e9s una aigua \u00fanica, perqu\u00e8 neix en una terra \u00fanica. Per aix\u00f2, Viladrau \u00e9s l\u2019aigua que ens mou. Perqu\u00e8 neix en una terra que no para mai de moure\u2019s.<\/p>\n","protected":false},"excerpt":{"rendered":"<p>24 unitats per caixa<\/p>\n","protected":false},"featured_media":19242,"template":"","meta":{"_monsterinsights_skip_tracking":false,"_monsterinsights_sitenote_active":false,"_monsterinsights_sitenote_note":"","_monsterinsights_sitenote_category":0,"_joinchat":[]},"product_brand":[],"product_cat":[2743,276],"product_tag":[],"class_list":{"0":"post-17496","1":"product","2":"type-product","3":"status-publish","4":"has-post-thumbnail","6":"product_cat-aguas","7":"product_cat-venta-domicilio","8":"tm-no-options","10":"first","11":"instock","12":"taxable","13":"shipping-taxable","14":"purchasable","15":"product-type-simple"},"_links":{"self":[{"href":"https:\/\/www.egaraexclusives.com\/es\/wp-json\/wp\/v2\/product\/17496","targetHints":{"allow":["GET"]}}],"collection":[{"href":"https:\/\/www.egaraexclusives.com\/es\/wp-json\/wp\/v2\/product"}],"about":[{"href":"https:\/\/www.egaraexclusives.com\/es\/wp-json\/wp\/v2\/types\/product"}],"wp:featuredmedia":[{"embeddable":true,"href":"https:\/\/www.egaraexclusives.com\/es\/wp-json\/wp\/v2\/media\/19242"}],"wp:attachment":[{"href":"https:\/\/www.egaraexclusives.com\/es\/wp-json\/wp\/v2\/media?parent=17496"}],"wp:term":[{"taxonomy":"product_brand","embeddable":true,"href":"https:\/\/www.egaraexclusives.com\/es\/wp-json\/wp\/v2\/product_brand?post=17496"},{"taxonomy":"product_cat","embeddable":true,"href":"https:\/\/www.egaraexclusives.com\/es\/wp-json\/wp\/v2\/product_cat?post=17496"},{"taxonomy":"product_tag","embeddable":true,"href":"https:\/\/www.egaraexclusives.com\/es\/wp-json\/wp\/v2\/product_tag?post=17496"}],"curies":[{"name":"wp","href":"https:\/\/api.w.org\/{rel}","templated":true}]}}