{"id":17498,"date":"2022-01-31T08:06:21","date_gmt":"2022-01-31T08:06:21","guid":{"rendered":"https:\/\/beta.egaraexclusives.com\/veri-1l-vidre-retornable\/"},"modified":"2026-04-04T08:57:51","modified_gmt":"2026-04-04T06:57:51","slug":"veri-1l-vidre-retornable","status":"publish","type":"product","link":"https:\/\/www.egaraexclusives.com\/es\/producto\/veri-1l-vidre-retornable\/","title":{"rendered":"VERI 1L VIDRE RETORNABLE"},"content":{"rendered":"<p><strong>Hist\u00f2ria<\/strong><br \/>\nAl cor dels Pirineus, en plenes muntanyes de la Vall de Benasc, es troba el manantial de Veri, un paratge privilegiat, de bellesa incomparable, envoltat per les m\u00e9s alts cims de la serralada pirinenca, lluny de tota agressi\u00f3 urbana i industrial. L&#8217;aigua procedent del desgla\u00e7 i de les abundants pluges es filtra i purifica a trav\u00e9s de formacions rocoses.<\/p>\n<p><strong>Caracter\u00edstiques<\/strong><br \/>\nAmb el pas del temps, l&#8217;aigua s&#8217;enriqueix lentament amb les sals minerals i els oligoelements propis del subs\u00f2l pirinenc. Aquest proc\u00e9s natural permet obtenir una aigua mineral natural, pura, cristal.lina, amb un sabor \u00fanic, d&#8217;extrema qualitat i qualitats \u00faniques, on destaca el ser baixa en sodi.<\/p>\n<p><strong>Recomenacions<\/strong><br \/>\nEspecialment indicada en les dietes per a persones hipertenses, preparaci\u00f3 de biberons de lactants i aliments infantils.<\/p>\n","protected":false},"excerpt":{"rendered":"<p>A la primera compra d&#8217;un producte amb env\u00e0s retornable s&#8217;aplicar\u00e0 un c\u00e0rrec com a dip\u00f2sit d&#8217;aquest env\u00e0s. Aquest import s&#8217;abonar\u00e0 quan es tornin els envasos, en el cas que vulguis seguir consumint el producte simplement et recollirem els envasos buits i te&#8217;ls canviarem pels plens.<\/p>\n","protected":false},"featured_media":19230,"template":"","meta":{"_monsterinsights_skip_tracking":false,"_monsterinsights_sitenote_active":false,"_monsterinsights_sitenote_note":"","_monsterinsights_sitenote_category":0,"_joinchat":[]},"product_brand":[],"product_cat":[2743,2775,276],"product_tag":[3222,2885],"class_list":{"0":"post-17498","1":"product","2":"type-product","3":"status-publish","4":"has-post-thumbnail","6":"product_cat-aguas","7":"product_cat-retornables","8":"product_cat-venta-domicilio","9":"product_tag-caixa-envasos-veri-es","10":"product_tag-retornables-es","11":"tm-has-options","13":"first","14":"instock","15":"taxable","16":"shipping-taxable","17":"purchasable","18":"product-type-simple"},"_links":{"self":[{"href":"https:\/\/www.egaraexclusives.com\/es\/wp-json\/wp\/v2\/product\/17498","targetHints":{"allow":["GET"]}}],"collection":[{"href":"https:\/\/www.egaraexclusives.com\/es\/wp-json\/wp\/v2\/product"}],"about":[{"href":"https:\/\/www.egaraexclusives.com\/es\/wp-json\/wp\/v2\/types\/product"}],"wp:featuredmedia":[{"embeddable":true,"href":"https:\/\/www.egaraexclusives.com\/es\/wp-json\/wp\/v2\/media\/19230"}],"wp:attachment":[{"href":"https:\/\/www.egaraexclusives.com\/es\/wp-json\/wp\/v2\/media?parent=17498"}],"wp:term":[{"taxonomy":"product_brand","embeddable":true,"href":"https:\/\/www.egaraexclusives.com\/es\/wp-json\/wp\/v2\/product_brand?post=17498"},{"taxonomy":"product_cat","embeddable":true,"href":"https:\/\/www.egaraexclusives.com\/es\/wp-json\/wp\/v2\/product_cat?post=17498"},{"taxonomy":"product_tag","embeddable":true,"href":"https:\/\/www.egaraexclusives.com\/es\/wp-json\/wp\/v2\/product_tag?post=17498"}],"curies":[{"name":"wp","href":"https:\/\/api.w.org\/{rel}","templated":true}]}}