{"id":17502,"date":"2022-01-31T08:06:15","date_gmt":"2022-01-31T08:06:15","guid":{"rendered":"https:\/\/beta.egaraexclusives.com\/garrafa-ribes-8l-box-2ux2u\/"},"modified":"2026-03-27T16:11:37","modified_gmt":"2026-03-27T14:11:37","slug":"garrafa-ribes-8l-box-2ux2u","status":"publish","type":"product","link":"https:\/\/www.egaraexclusives.com\/es\/producto\/garrafa-ribes-8l-box-2ux2u\/","title":{"rendered":"GARRAFA RIBES 8L BOX 2ux2u"},"content":{"rendered":"<p><strong> Caracter\u00edstiques <\/strong><br \/>\nProcedeix del manantial situat a Ribes de Freser prov\u00edncia de Girona a Espanya on tamb\u00e9 \u00e9s envasada.<br \/>\nIndicada per a dietes pobres en sodi i la preparaci\u00f3 d&#8217;aliments infantils.<br \/>\nAigua de Ribes col\u2022labora amb Unicef des de 1997.<\/p>\n","protected":false},"excerpt":{"rendered":"<p>Aigua mineral natural de mineralitzaci\u00f3 feble.<\/p>\n","protected":false},"featured_media":19266,"template":"","meta":{"_monsterinsights_skip_tracking":false,"_monsterinsights_sitenote_active":false,"_monsterinsights_sitenote_note":"","_monsterinsights_sitenote_category":0,"_joinchat":[]},"product_brand":[],"product_cat":[2743,276],"product_tag":[],"class_list":{"0":"post-17502","1":"product","2":"type-product","3":"status-publish","4":"has-post-thumbnail","6":"product_cat-aguas","7":"product_cat-venta-domicilio","8":"tm-no-options","10":"first","11":"instock","12":"taxable","13":"shipping-taxable","14":"purchasable","15":"product-type-simple"},"_links":{"self":[{"href":"https:\/\/www.egaraexclusives.com\/es\/wp-json\/wp\/v2\/product\/17502","targetHints":{"allow":["GET"]}}],"collection":[{"href":"https:\/\/www.egaraexclusives.com\/es\/wp-json\/wp\/v2\/product"}],"about":[{"href":"https:\/\/www.egaraexclusives.com\/es\/wp-json\/wp\/v2\/types\/product"}],"wp:featuredmedia":[{"embeddable":true,"href":"https:\/\/www.egaraexclusives.com\/es\/wp-json\/wp\/v2\/media\/19266"}],"wp:attachment":[{"href":"https:\/\/www.egaraexclusives.com\/es\/wp-json\/wp\/v2\/media?parent=17502"}],"wp:term":[{"taxonomy":"product_brand","embeddable":true,"href":"https:\/\/www.egaraexclusives.com\/es\/wp-json\/wp\/v2\/product_brand?post=17502"},{"taxonomy":"product_cat","embeddable":true,"href":"https:\/\/www.egaraexclusives.com\/es\/wp-json\/wp\/v2\/product_cat?post=17502"},{"taxonomy":"product_tag","embeddable":true,"href":"https:\/\/www.egaraexclusives.com\/es\/wp-json\/wp\/v2\/product_tag?post=17502"}],"curies":[{"name":"wp","href":"https:\/\/api.w.org\/{rel}","templated":true}]}}