{"id":17503,"date":"2022-01-31T08:06:14","date_gmt":"2022-01-31T08:06:14","guid":{"rendered":"https:\/\/beta.egaraexclusives.com\/aigua-solan-de-cabras-5l\/"},"modified":"2026-03-27T16:11:38","modified_gmt":"2026-03-27T14:11:38","slug":"aigua-solan-de-cabras-5l","status":"publish","type":"product","link":"https:\/\/www.egaraexclusives.com\/es\/producto\/aigua-solan-de-cabras-5l\/","title":{"rendered":"AIGUA SOLAN DE CABRAS 5L"},"content":{"rendered":"<p><strong> Caracter\u00edstiques<br \/>\n<\/strong>Sol\u00e1n de Cabres \u00e9s una aigua que prov\u00e9 d&#8217;un \u00fanic brollador. Declarada mineromedicinal i d&#8217;utilitat p\u00fablica per Carles IV, l&#8217;aigua Sol\u00e1n de Cabres s&#8217;embotella, avui dia, aprofitant la Llei de la Gravetat, mantenint aix\u00ed la m\u00e0xima qualitat i puresa. Una aigua que no ha deixat de sorprendre en els m\u00e9s de dos segles de vida.<\/p>\n","protected":false},"excerpt":{"rendered":"<p>Prov\u00e9 d&#8217;un antic balneari, fam\u00f3s per les seves aig\u00fces mineromedicinals.<\/p>\n","protected":false},"featured_media":19268,"template":"","meta":{"_monsterinsights_skip_tracking":false,"_monsterinsights_sitenote_active":false,"_monsterinsights_sitenote_note":"","_monsterinsights_sitenote_category":0,"_joinchat":[]},"product_brand":[],"product_cat":[2743,276],"product_tag":[],"class_list":{"0":"post-17503","1":"product","2":"type-product","3":"status-publish","4":"has-post-thumbnail","6":"product_cat-aguas","7":"product_cat-venta-domicilio","8":"tm-no-options","10":"first","11":"instock","12":"taxable","13":"shipping-taxable","14":"purchasable","15":"product-type-simple"},"_links":{"self":[{"href":"https:\/\/www.egaraexclusives.com\/es\/wp-json\/wp\/v2\/product\/17503","targetHints":{"allow":["GET"]}}],"collection":[{"href":"https:\/\/www.egaraexclusives.com\/es\/wp-json\/wp\/v2\/product"}],"about":[{"href":"https:\/\/www.egaraexclusives.com\/es\/wp-json\/wp\/v2\/types\/product"}],"wp:featuredmedia":[{"embeddable":true,"href":"https:\/\/www.egaraexclusives.com\/es\/wp-json\/wp\/v2\/media\/19268"}],"wp:attachment":[{"href":"https:\/\/www.egaraexclusives.com\/es\/wp-json\/wp\/v2\/media?parent=17503"}],"wp:term":[{"taxonomy":"product_brand","embeddable":true,"href":"https:\/\/www.egaraexclusives.com\/es\/wp-json\/wp\/v2\/product_brand?post=17503"},{"taxonomy":"product_cat","embeddable":true,"href":"https:\/\/www.egaraexclusives.com\/es\/wp-json\/wp\/v2\/product_cat?post=17503"},{"taxonomy":"product_tag","embeddable":true,"href":"https:\/\/www.egaraexclusives.com\/es\/wp-json\/wp\/v2\/product_tag?post=17503"}],"curies":[{"name":"wp","href":"https:\/\/api.w.org\/{rel}","templated":true}]}}