{"id":17507,"date":"2022-01-31T08:05:46","date_gmt":"2022-01-31T08:05:46","guid":{"rendered":"https:\/\/beta.egaraexclusives.com\/san-narciso-1-4-s-r\/"},"modified":"2026-03-27T16:11:39","modified_gmt":"2026-03-27T14:11:39","slug":"san-narciso-1-4-s-r","status":"publish","type":"product","link":"https:\/\/www.egaraexclusives.com\/es\/producto\/san-narciso-1-4-s-r\/","title":{"rendered":"SAN NARCISO 1\/4 S.R."},"content":{"rendered":"<p><strong> Caracter\u00edstiques <\/strong><br \/>\nLa tradici\u00f3 de l&#8217;aigua San Narciso i les seves suaus bombolles el fan ser una aigua amb una personalitat ideal per acompanyar en dinars o per beure entre hores.<br \/>\nSorgeix del cor de Caldes de Malavella, heretant els beneficis del termalisme que des de l&#8217;\u00e8poca romana ha tingut com a centre aquesta poblaci\u00f3. Una zona amb els majors deus d&#8217;aig\u00fces termals del pa\u00eds.<br \/>\nSan Narciso \u00e9s una aigua mineromedicinal que emergeix a 59\u00baC.<\/p>\n","protected":false},"excerpt":{"rendered":"<p>Aigua mineral natural amb gas carb\u00f2nic afegit.<\/p>\n","protected":false},"featured_media":15129,"template":"","meta":{"_monsterinsights_skip_tracking":false,"_monsterinsights_sitenote_active":false,"_monsterinsights_sitenote_note":"","_monsterinsights_sitenote_category":0,"_joinchat":[]},"product_brand":[],"product_cat":[2743,276],"product_tag":[],"class_list":{"0":"post-17507","1":"product","2":"type-product","3":"status-publish","4":"has-post-thumbnail","6":"product_cat-aguas","7":"product_cat-venta-domicilio","8":"tm-no-options","10":"first","11":"instock","12":"taxable","13":"shipping-taxable","14":"purchasable","15":"product-type-simple"},"_links":{"self":[{"href":"https:\/\/www.egaraexclusives.com\/es\/wp-json\/wp\/v2\/product\/17507","targetHints":{"allow":["GET"]}}],"collection":[{"href":"https:\/\/www.egaraexclusives.com\/es\/wp-json\/wp\/v2\/product"}],"about":[{"href":"https:\/\/www.egaraexclusives.com\/es\/wp-json\/wp\/v2\/types\/product"}],"wp:featuredmedia":[{"embeddable":true,"href":"https:\/\/www.egaraexclusives.com\/es\/wp-json\/wp\/v2\/media\/15129"}],"wp:attachment":[{"href":"https:\/\/www.egaraexclusives.com\/es\/wp-json\/wp\/v2\/media?parent=17507"}],"wp:term":[{"taxonomy":"product_brand","embeddable":true,"href":"https:\/\/www.egaraexclusives.com\/es\/wp-json\/wp\/v2\/product_brand?post=17507"},{"taxonomy":"product_cat","embeddable":true,"href":"https:\/\/www.egaraexclusives.com\/es\/wp-json\/wp\/v2\/product_cat?post=17507"},{"taxonomy":"product_tag","embeddable":true,"href":"https:\/\/www.egaraexclusives.com\/es\/wp-json\/wp\/v2\/product_tag?post=17507"}],"curies":[{"name":"wp","href":"https:\/\/api.w.org\/{rel}","templated":true}]}}