{"id":17508,"date":"2022-01-31T08:05:42","date_gmt":"2022-01-31T08:05:42","guid":{"rendered":"https:\/\/beta.egaraexclusives.com\/perrier-033-s-r\/"},"modified":"2026-03-27T16:11:40","modified_gmt":"2026-03-27T14:11:40","slug":"perrier-033-s-r","status":"publish","type":"product","link":"https:\/\/www.egaraexclusives.com\/es\/producto\/perrier-033-s-r\/","title":{"rendered":"PERRIER 0,33 S.R."},"content":{"rendered":"<p><strong> Caracter\u00edstiques <\/strong><br \/>\nPerrier \u00e9s una aigua mineral natural refor\u00e7ada amb gas procedent de la mateixa font. Exuberant i espurnejant, Perrier ofereix una experi\u00e8ncia diferent, explosiva i irresistible.<\/p>\n","protected":false},"excerpt":{"rendered":"<p>Una aigua m\u00edtica i avantguardista.<\/p>\n","protected":false},"featured_media":19246,"template":"","meta":{"_monsterinsights_skip_tracking":false,"_monsterinsights_sitenote_active":false,"_monsterinsights_sitenote_note":"","_monsterinsights_sitenote_category":0,"_joinchat":[]},"product_brand":[],"product_cat":[2743,276],"product_tag":[],"class_list":{"0":"post-17508","1":"product","2":"type-product","3":"status-publish","4":"has-post-thumbnail","6":"product_cat-aguas","7":"product_cat-venta-domicilio","8":"tm-no-options","10":"first","11":"instock","12":"taxable","13":"shipping-taxable","14":"purchasable","15":"product-type-simple"},"_links":{"self":[{"href":"https:\/\/www.egaraexclusives.com\/es\/wp-json\/wp\/v2\/product\/17508","targetHints":{"allow":["GET"]}}],"collection":[{"href":"https:\/\/www.egaraexclusives.com\/es\/wp-json\/wp\/v2\/product"}],"about":[{"href":"https:\/\/www.egaraexclusives.com\/es\/wp-json\/wp\/v2\/types\/product"}],"wp:featuredmedia":[{"embeddable":true,"href":"https:\/\/www.egaraexclusives.com\/es\/wp-json\/wp\/v2\/media\/19246"}],"wp:attachment":[{"href":"https:\/\/www.egaraexclusives.com\/es\/wp-json\/wp\/v2\/media?parent=17508"}],"wp:term":[{"taxonomy":"product_brand","embeddable":true,"href":"https:\/\/www.egaraexclusives.com\/es\/wp-json\/wp\/v2\/product_brand?post=17508"},{"taxonomy":"product_cat","embeddable":true,"href":"https:\/\/www.egaraexclusives.com\/es\/wp-json\/wp\/v2\/product_cat?post=17508"},{"taxonomy":"product_tag","embeddable":true,"href":"https:\/\/www.egaraexclusives.com\/es\/wp-json\/wp\/v2\/product_tag?post=17508"}],"curies":[{"name":"wp","href":"https:\/\/api.w.org\/{rel}","templated":true}]}}