{"id":17509,"date":"2022-01-31T08:05:12","date_gmt":"2022-01-31T08:05:12","guid":{"rendered":"https:\/\/beta.egaraexclusives.com\/vichy-catalan-l-retornable\/"},"modified":"2026-03-27T16:11:40","modified_gmt":"2026-03-27T14:11:40","slug":"vichy-catalan-l-retornable","status":"publish","type":"product","link":"https:\/\/www.egaraexclusives.com\/es\/producto\/vichy-catalan-l-retornable\/","title":{"rendered":"VICHY CATALAN L. RETORNABLE"},"content":{"rendered":"<p><strong> Caracter\u00edstiques <\/strong><br \/>\nGrup Vichy Catal\u00e0 \u00e9s una empresa que ha cimentat el seu prestigi a partir de la qualitat excepcional dels seus productes, dels seus sabors genu\u00efns i de les seves propietats mineromedicinals indiscutibles.<br \/>\nEn l&#8217;actualitat, el Grup Vichy Catal\u00e0 engrandeix la seva dimensi\u00f3 social i la seva projecci\u00f3 internacional, divulgant la cultura de l&#8217;aigua per millorar la salut de les persones.<\/p>\n","protected":false},"excerpt":{"rendered":"<p>A la primera compra d&#8217;un producte amb env\u00e0s retornable s&#8217;aplicar\u00e0 un c\u00e0rrec com a dip\u00f2sit d&#8217;aquest env\u00e0s. Aquest import s&#8217;abonar\u00e0 quan es tornin els envasos, en el cas que vulguis seguir consumint el producte simplement et recollirem els envasos buits i te&#8217;ls canviarem pels plens.<\/p>\n","protected":false},"featured_media":15109,"template":"","meta":{"_monsterinsights_skip_tracking":false,"_monsterinsights_sitenote_active":false,"_monsterinsights_sitenote_note":"","_monsterinsights_sitenote_category":0,"_joinchat":[]},"product_brand":[],"product_cat":[2743,2775,276],"product_tag":[3222,2885],"class_list":{"0":"post-17509","1":"product","2":"type-product","3":"status-publish","4":"has-post-thumbnail","6":"product_cat-aguas","7":"product_cat-retornables","8":"product_cat-venta-domicilio","9":"product_tag-caixa-envasos-veri-es","10":"product_tag-retornables-es","11":"tm-has-options","13":"first","14":"instock","15":"taxable","16":"shipping-taxable","17":"purchasable","18":"product-type-simple"},"_links":{"self":[{"href":"https:\/\/www.egaraexclusives.com\/es\/wp-json\/wp\/v2\/product\/17509","targetHints":{"allow":["GET"]}}],"collection":[{"href":"https:\/\/www.egaraexclusives.com\/es\/wp-json\/wp\/v2\/product"}],"about":[{"href":"https:\/\/www.egaraexclusives.com\/es\/wp-json\/wp\/v2\/types\/product"}],"wp:featuredmedia":[{"embeddable":true,"href":"https:\/\/www.egaraexclusives.com\/es\/wp-json\/wp\/v2\/media\/15109"}],"wp:attachment":[{"href":"https:\/\/www.egaraexclusives.com\/es\/wp-json\/wp\/v2\/media?parent=17509"}],"wp:term":[{"taxonomy":"product_brand","embeddable":true,"href":"https:\/\/www.egaraexclusives.com\/es\/wp-json\/wp\/v2\/product_brand?post=17509"},{"taxonomy":"product_cat","embeddable":true,"href":"https:\/\/www.egaraexclusives.com\/es\/wp-json\/wp\/v2\/product_cat?post=17509"},{"taxonomy":"product_tag","embeddable":true,"href":"https:\/\/www.egaraexclusives.com\/es\/wp-json\/wp\/v2\/product_tag?post=17509"}],"curies":[{"name":"wp","href":"https:\/\/api.w.org\/{rel}","templated":true}]}}