{"id":17513,"date":"2022-01-31T08:05:07","date_gmt":"2022-01-31T08:05:07","guid":{"rendered":"https:\/\/beta.egaraexclusives.com\/granini-033-pet-pinya\/"},"modified":"2026-03-27T16:11:51","modified_gmt":"2026-03-27T14:11:51","slug":"granini-033-pet-pinya","status":"publish","type":"product","link":"https:\/\/www.egaraexclusives.com\/es\/producto\/granini-033-pet-pinya\/","title":{"rendered":"GRANINI 0,33 PET PINYA"},"content":{"rendered":"<p>N\u00e8ctar Granini Pinya, la sensaci\u00f3 ex\u00f2tica ideal per a c\u00f2ctels tropicals.<\/p>\n","protected":false},"excerpt":{"rendered":"<p>12 unitats per caixa<\/p>\n","protected":false},"featured_media":15097,"template":"","meta":{"_monsterinsights_skip_tracking":false,"_monsterinsights_sitenote_active":false,"_monsterinsights_sitenote_note":"","_monsterinsights_sitenote_category":0,"_joinchat":[]},"product_brand":[],"product_cat":[276,2777],"product_tag":[],"class_list":{"0":"post-17513","1":"product","2":"type-product","3":"status-publish","4":"has-post-thumbnail","6":"product_cat-venta-domicilio","7":"product_cat-zumos","8":"tm-no-options","10":"first","11":"instock","12":"taxable","13":"shipping-taxable","14":"purchasable","15":"product-type-simple"},"_links":{"self":[{"href":"https:\/\/www.egaraexclusives.com\/es\/wp-json\/wp\/v2\/product\/17513","targetHints":{"allow":["GET"]}}],"collection":[{"href":"https:\/\/www.egaraexclusives.com\/es\/wp-json\/wp\/v2\/product"}],"about":[{"href":"https:\/\/www.egaraexclusives.com\/es\/wp-json\/wp\/v2\/types\/product"}],"wp:featuredmedia":[{"embeddable":true,"href":"https:\/\/www.egaraexclusives.com\/es\/wp-json\/wp\/v2\/media\/15097"}],"wp:attachment":[{"href":"https:\/\/www.egaraexclusives.com\/es\/wp-json\/wp\/v2\/media?parent=17513"}],"wp:term":[{"taxonomy":"product_brand","embeddable":true,"href":"https:\/\/www.egaraexclusives.com\/es\/wp-json\/wp\/v2\/product_brand?post=17513"},{"taxonomy":"product_cat","embeddable":true,"href":"https:\/\/www.egaraexclusives.com\/es\/wp-json\/wp\/v2\/product_cat?post=17513"},{"taxonomy":"product_tag","embeddable":true,"href":"https:\/\/www.egaraexclusives.com\/es\/wp-json\/wp\/v2\/product_tag?post=17513"}],"curies":[{"name":"wp","href":"https:\/\/api.w.org\/{rel}","templated":true}]}}