{"id":17517,"date":"2022-01-31T08:03:57","date_gmt":"2022-01-31T08:03:57","guid":{"rendered":"https:\/\/beta.egaraexclusives.com\/granini-light-1l-taronja\/"},"modified":"2026-03-27T16:11:58","modified_gmt":"2026-03-27T14:11:58","slug":"granini-light-1l-taronja","status":"publish","type":"product","link":"https:\/\/www.egaraexclusives.com\/es\/producto\/granini-light-1l-taronja\/","title":{"rendered":"GRANINI LIGHT 1L TARONJA"},"content":{"rendered":"<p>Granini Taronja Dol\u00e7a varietat Val\u00e8ncia Late. Un suc naturalment dol\u00e7 fet nom\u00e9s amb taronges de la varietat Val\u00e8ncia Late. Suc de taronja elaborat a for\u00e7a de concentrat amb polpa de taronja.<\/p>\n<p>Contingut de fruita: 100%.<\/p>\n","protected":false},"excerpt":{"rendered":"<p>El millor gust de la taronja, amb menys calories.<\/p>\n","protected":false},"featured_media":15027,"template":"","meta":{"_monsterinsights_skip_tracking":false,"_monsterinsights_sitenote_active":false,"_monsterinsights_sitenote_note":"","_monsterinsights_sitenote_category":0,"_joinchat":[]},"product_brand":[],"product_cat":[276,2777],"product_tag":[],"class_list":{"0":"post-17517","1":"product","2":"type-product","3":"status-publish","4":"has-post-thumbnail","6":"product_cat-venta-domicilio","7":"product_cat-zumos","8":"tm-no-options","10":"first","11":"instock","12":"taxable","13":"shipping-taxable","14":"purchasable","15":"product-type-simple"},"_links":{"self":[{"href":"https:\/\/www.egaraexclusives.com\/es\/wp-json\/wp\/v2\/product\/17517","targetHints":{"allow":["GET"]}}],"collection":[{"href":"https:\/\/www.egaraexclusives.com\/es\/wp-json\/wp\/v2\/product"}],"about":[{"href":"https:\/\/www.egaraexclusives.com\/es\/wp-json\/wp\/v2\/types\/product"}],"wp:featuredmedia":[{"embeddable":true,"href":"https:\/\/www.egaraexclusives.com\/es\/wp-json\/wp\/v2\/media\/15027"}],"wp:attachment":[{"href":"https:\/\/www.egaraexclusives.com\/es\/wp-json\/wp\/v2\/media?parent=17517"}],"wp:term":[{"taxonomy":"product_brand","embeddable":true,"href":"https:\/\/www.egaraexclusives.com\/es\/wp-json\/wp\/v2\/product_brand?post=17517"},{"taxonomy":"product_cat","embeddable":true,"href":"https:\/\/www.egaraexclusives.com\/es\/wp-json\/wp\/v2\/product_cat?post=17517"},{"taxonomy":"product_tag","embeddable":true,"href":"https:\/\/www.egaraexclusives.com\/es\/wp-json\/wp\/v2\/product_tag?post=17517"}],"curies":[{"name":"wp","href":"https:\/\/api.w.org\/{rel}","templated":true}]}}