{"id":17520,"date":"2022-01-31T08:03:53","date_gmt":"2022-01-31T08:03:53","guid":{"rendered":"https:\/\/beta.egaraexclusives.com\/granini-1l-pinya\/"},"modified":"2026-03-27T16:11:59","modified_gmt":"2026-03-27T14:11:59","slug":"granini-1l-pinya","status":"publish","type":"product","link":"https:\/\/www.egaraexclusives.com\/es\/producto\/granini-1l-pinya\/","title":{"rendered":"GRANINI 1L PINYA"},"content":{"rendered":"<p>N\u00e9ctar Granini Pi\u00f1a, la sensaci\u00f3n ex\u00f3tica ideal para c\u00f3cteles tropicales.<br \/>\nLos zumos y n\u00e9ctares de Granini est\u00e1n hechos para los \u201camantes de la fruta\u201d, para aquellos que toman fruta no s\u00f3lo para equilibrar su dieta, sino tambi\u00e9n para disfrutar de su sabor y su frescura. La promesa de Granini es ofrecer la experiencia m\u00e1s intensa de la fruta natural: olor, color, sabor, textura y paladar.<br \/>\nGranini ofrece al consumidor zumos y n\u00e9ctares premium de la mejor calidad.<\/p>\n","protected":false},"excerpt":{"rendered":"<p>6 unitats per caixa<\/p>\n","protected":false},"featured_media":15013,"template":"","meta":{"_monsterinsights_skip_tracking":false,"_monsterinsights_sitenote_active":false,"_monsterinsights_sitenote_note":"","_monsterinsights_sitenote_category":0,"_joinchat":[]},"product_brand":[],"product_cat":[276,2777],"product_tag":[],"class_list":{"0":"post-17520","1":"product","2":"type-product","3":"status-publish","4":"has-post-thumbnail","6":"product_cat-venta-domicilio","7":"product_cat-zumos","8":"tm-no-options","10":"first","11":"instock","12":"taxable","13":"shipping-taxable","14":"purchasable","15":"product-type-simple"},"_links":{"self":[{"href":"https:\/\/www.egaraexclusives.com\/es\/wp-json\/wp\/v2\/product\/17520","targetHints":{"allow":["GET"]}}],"collection":[{"href":"https:\/\/www.egaraexclusives.com\/es\/wp-json\/wp\/v2\/product"}],"about":[{"href":"https:\/\/www.egaraexclusives.com\/es\/wp-json\/wp\/v2\/types\/product"}],"wp:featuredmedia":[{"embeddable":true,"href":"https:\/\/www.egaraexclusives.com\/es\/wp-json\/wp\/v2\/media\/15013"}],"wp:attachment":[{"href":"https:\/\/www.egaraexclusives.com\/es\/wp-json\/wp\/v2\/media?parent=17520"}],"wp:term":[{"taxonomy":"product_brand","embeddable":true,"href":"https:\/\/www.egaraexclusives.com\/es\/wp-json\/wp\/v2\/product_brand?post=17520"},{"taxonomy":"product_cat","embeddable":true,"href":"https:\/\/www.egaraexclusives.com\/es\/wp-json\/wp\/v2\/product_cat?post=17520"},{"taxonomy":"product_tag","embeddable":true,"href":"https:\/\/www.egaraexclusives.com\/es\/wp-json\/wp\/v2\/product_tag?post=17520"}],"curies":[{"name":"wp","href":"https:\/\/api.w.org\/{rel}","templated":true}]}}