{"id":17524,"date":"2022-01-31T08:03:44","date_gmt":"2022-01-31T08:03:44","guid":{"rendered":"https:\/\/beta.egaraexclusives.com\/letona-descremada-vidre-1l\/"},"modified":"2026-03-27T16:12:01","modified_gmt":"2026-03-27T14:12:01","slug":"letona-descremada-vidre-1l","status":"publish","type":"product","link":"https:\/\/www.egaraexclusives.com\/es\/producto\/letona-descremada-vidre-1l\/","title":{"rendered":"LETONA DESCREMADA VIDRE 1L"},"content":{"rendered":"<p><strong> Descripci\u00f3 <\/strong><br \/>\nUna llet Premium, cremosa i amb el millor sabor que presenta una gamma de llet per al canal horeca amb ampolla de vidre per al consumidor.<br \/>\nGarantir la m\u00e0xima qualitat i mantenir una bona relaci\u00f3 amb el consumidor han estat els pilars b\u00e0sics de la filosofia de Letona.<\/p>\n","protected":false},"excerpt":{"rendered":"<p>Descripci\u00f3 Una llet Premium, cremosa i amb el millor sabor que presenta una gamma de llet per al canal horeca amb ampolla de vidre per al consumidor. Garantir la m\u00e0xima qualitat i mantenir una bona relaci\u00f3 amb el consumidor han estat els pilars b\u00e0sics de la filosofia de Letona.<\/p>\n","protected":false},"featured_media":19873,"template":"","meta":{"_monsterinsights_skip_tracking":false,"_monsterinsights_sitenote_active":false,"_monsterinsights_sitenote_note":"","_monsterinsights_sitenote_category":0,"_joinchat":[]},"product_brand":[],"product_cat":[2769,2775,276],"product_tag":[3220,2885],"class_list":{"0":"post-17524","1":"product","2":"type-product","3":"status-publish","4":"has-post-thumbnail","6":"product_cat-leche-y-batidos","7":"product_cat-retornables","8":"product_cat-venta-domicilio","9":"product_tag-caixa-envasos-letona-es","10":"product_tag-retornables-es","11":"tm-has-options","13":"first","14":"instock","15":"taxable","16":"shipping-taxable","17":"purchasable","18":"product-type-simple"},"_links":{"self":[{"href":"https:\/\/www.egaraexclusives.com\/es\/wp-json\/wp\/v2\/product\/17524","targetHints":{"allow":["GET"]}}],"collection":[{"href":"https:\/\/www.egaraexclusives.com\/es\/wp-json\/wp\/v2\/product"}],"about":[{"href":"https:\/\/www.egaraexclusives.com\/es\/wp-json\/wp\/v2\/types\/product"}],"wp:featuredmedia":[{"embeddable":true,"href":"https:\/\/www.egaraexclusives.com\/es\/wp-json\/wp\/v2\/media\/19873"}],"wp:attachment":[{"href":"https:\/\/www.egaraexclusives.com\/es\/wp-json\/wp\/v2\/media?parent=17524"}],"wp:term":[{"taxonomy":"product_brand","embeddable":true,"href":"https:\/\/www.egaraexclusives.com\/es\/wp-json\/wp\/v2\/product_brand?post=17524"},{"taxonomy":"product_cat","embeddable":true,"href":"https:\/\/www.egaraexclusives.com\/es\/wp-json\/wp\/v2\/product_cat?post=17524"},{"taxonomy":"product_tag","embeddable":true,"href":"https:\/\/www.egaraexclusives.com\/es\/wp-json\/wp\/v2\/product_tag?post=17524"}],"curies":[{"name":"wp","href":"https:\/\/api.w.org\/{rel}","templated":true}]}}