{"id":17525,"date":"2022-01-31T08:03:17","date_gmt":"2022-01-31T08:03:17","guid":{"rendered":"https:\/\/beta.egaraexclusives.com\/el-castillo-1-1-2-6x2\/"},"modified":"2026-03-27T16:12:01","modified_gmt":"2026-03-27T14:12:01","slug":"el-castillo-1-1-2-6x2","status":"publish","type":"product","link":"https:\/\/www.egaraexclusives.com\/es\/producto\/el-castillo-1-1-2-6x2\/","title":{"rendered":"EL CASTILLO 1.1\/2 6&#215;2"},"content":{"rendered":"<p>Desde 1973 nos dedicamos a la elaboraci\u00f3n y comercializaci\u00f3n de productos l\u00e1cteos. La calidad reconocida y avalada de los productos El Castillo nace del respeto por lo puro y natural, de la continua investigaci\u00f3n de las necesidades nutricionales y de consumo y de nuestra firme apuesta por la modernidad y el desarrollo tecnol\u00f3gico. Todo ello unido al sabor placentero de la leche de siempre y al saber hacer de hace m\u00e1s de treinta a\u00f1os se refleja en el aval de nuestros consumidores, en c\u00f3mo perciben nuestros productos y en la confianza depositada en nuestra marca.<br \/>\nLa leche en botella se somete a un proceso de esteriliaci\u00f3n que le confiere un sabor especial y muy identificado por los consumidores. Adem\u00e1s, este proceso de esterilizaci\u00f3n permite ofrecer mayor caducidad que el UHT.<br \/>\nLa botella de 1,5 litros es el envase m\u00e1s usado, despu\u00e9s del brik, en el mercado l\u00e1cteo general.<br \/>\nInformaci\u00f3n nutricional (x 100ml):Valor energ\u00e9tico: 264 kj \/ 63 kcal,Grasas: 3,6 gr,\u00a0\u00a0\u00a0\u00a0\u00c1cidos grasos saturados: 2,5 gr ,Hidratos de carbono: 4,7 gr ,\u00a0Az\u00facares 4,7gr,Prote\u00ednas:3,0 gr ,Sodio: 0,05 gr,\u00a0Equivalente en sal: 0,13 gr ,Calcio: 110 mg<\/p>\n","protected":false},"excerpt":{"rendered":"<p>12 unitats per caixa<\/p>\n","protected":false},"featured_media":19411,"template":"","meta":{"_monsterinsights_skip_tracking":false,"_monsterinsights_sitenote_active":false,"_monsterinsights_sitenote_note":"","_monsterinsights_sitenote_category":0,"_joinchat":[]},"product_brand":[],"product_cat":[2769,276],"product_tag":[],"class_list":{"0":"post-17525","1":"product","2":"type-product","3":"status-publish","4":"has-post-thumbnail","6":"product_cat-leche-y-batidos","7":"product_cat-venta-domicilio","8":"tm-no-options","10":"first","11":"instock","12":"taxable","13":"shipping-taxable","14":"purchasable","15":"product-type-simple"},"_links":{"self":[{"href":"https:\/\/www.egaraexclusives.com\/es\/wp-json\/wp\/v2\/product\/17525","targetHints":{"allow":["GET"]}}],"collection":[{"href":"https:\/\/www.egaraexclusives.com\/es\/wp-json\/wp\/v2\/product"}],"about":[{"href":"https:\/\/www.egaraexclusives.com\/es\/wp-json\/wp\/v2\/types\/product"}],"wp:featuredmedia":[{"embeddable":true,"href":"https:\/\/www.egaraexclusives.com\/es\/wp-json\/wp\/v2\/media\/19411"}],"wp:attachment":[{"href":"https:\/\/www.egaraexclusives.com\/es\/wp-json\/wp\/v2\/media?parent=17525"}],"wp:term":[{"taxonomy":"product_brand","embeddable":true,"href":"https:\/\/www.egaraexclusives.com\/es\/wp-json\/wp\/v2\/product_brand?post=17525"},{"taxonomy":"product_cat","embeddable":true,"href":"https:\/\/www.egaraexclusives.com\/es\/wp-json\/wp\/v2\/product_cat?post=17525"},{"taxonomy":"product_tag","embeddable":true,"href":"https:\/\/www.egaraexclusives.com\/es\/wp-json\/wp\/v2\/product_tag?post=17525"}],"curies":[{"name":"wp","href":"https:\/\/api.w.org\/{rel}","templated":true}]}}