{"id":17527,"date":"2022-01-31T08:03:14","date_gmt":"2022-01-31T08:03:14","guid":{"rendered":"https:\/\/beta.egaraexclusives.com\/llet-nostra-brick-sencera-1l-6x2\/"},"modified":"2026-03-27T16:12:02","modified_gmt":"2026-03-27T14:12:02","slug":"llet-nostra-brick-sencera-1l-6x2","status":"publish","type":"product","link":"https:\/\/www.egaraexclusives.com\/es\/producto\/llet-nostra-brick-sencera-1l-6x2\/","title":{"rendered":"LLET NOSTRA BRICK SENCERA 1L 6&#215;2"},"content":{"rendered":"<p>Llet Nostra nace en el a\u00f1o 2003 cuando 215 explotaciones familiares catalanas se unen para garantizar la salida de leche a un precio justo contribuyendo as\u00ed a dar continuidad al sector. La fuerza de esta iniciativa surge de sus valores: origen, experiencia, calidad y compromiso con el sector ganadero y los consumidores. Forman parte del proyecto las cooperativas Lechera de Campllong, Ganaderos del Baix Empord\u00e0, Cad\u00ed, Lechera de Mollerussa y Comarca y como socios col.laboradores Agropecuaria de Vallfogona del Ripoll\u00e8s y la SAT Vall de Bas.<br \/>\nLlet Nostra esta sometida a un \u00fanico tratamiento t\u00e9rmico, ofrece el 100% de su valor nutricional y un sabor muy natural, propio de la leche de nuestras pastos.<br \/>\nInformaci\u00f3n nutricional Valor medio por 100ml:<br \/>\nVALOR ENERG\u00c9TICO: 99 kcal \/ 412kj PROTE\u00cdNAS: 3,5G HIDRATOS DE CARBONO: 17,5g GRASAS: 3,2g<\/p>\n","protected":false},"excerpt":{"rendered":"<p>12 unitats per caixa<\/p>\n","protected":false},"featured_media":19416,"template":"","meta":{"_monsterinsights_skip_tracking":false,"_monsterinsights_sitenote_active":false,"_monsterinsights_sitenote_note":"","_monsterinsights_sitenote_category":0,"_joinchat":[]},"product_brand":[],"product_cat":[2769,276],"product_tag":[],"class_list":{"0":"post-17527","1":"product","2":"type-product","3":"status-publish","4":"has-post-thumbnail","6":"product_cat-leche-y-batidos","7":"product_cat-venta-domicilio","8":"tm-no-options","10":"first","11":"instock","12":"taxable","13":"shipping-taxable","14":"purchasable","15":"product-type-simple"},"_links":{"self":[{"href":"https:\/\/www.egaraexclusives.com\/es\/wp-json\/wp\/v2\/product\/17527","targetHints":{"allow":["GET"]}}],"collection":[{"href":"https:\/\/www.egaraexclusives.com\/es\/wp-json\/wp\/v2\/product"}],"about":[{"href":"https:\/\/www.egaraexclusives.com\/es\/wp-json\/wp\/v2\/types\/product"}],"wp:featuredmedia":[{"embeddable":true,"href":"https:\/\/www.egaraexclusives.com\/es\/wp-json\/wp\/v2\/media\/19416"}],"wp:attachment":[{"href":"https:\/\/www.egaraexclusives.com\/es\/wp-json\/wp\/v2\/media?parent=17527"}],"wp:term":[{"taxonomy":"product_brand","embeddable":true,"href":"https:\/\/www.egaraexclusives.com\/es\/wp-json\/wp\/v2\/product_brand?post=17527"},{"taxonomy":"product_cat","embeddable":true,"href":"https:\/\/www.egaraexclusives.com\/es\/wp-json\/wp\/v2\/product_cat?post=17527"},{"taxonomy":"product_tag","embeddable":true,"href":"https:\/\/www.egaraexclusives.com\/es\/wp-json\/wp\/v2\/product_tag?post=17527"}],"curies":[{"name":"wp","href":"https:\/\/api.w.org\/{rel}","templated":true}]}}