{"id":17531,"date":"2022-01-31T08:03:06","date_gmt":"2022-01-31T08:03:06","guid":{"rendered":"https:\/\/beta.egaraexclusives.com\/beguda-de-civada-yosoy-1l\/"},"modified":"2026-03-27T16:12:07","modified_gmt":"2026-03-27T14:12:07","slug":"beguda-de-civada-yosoy-1l","status":"publish","type":"product","link":"https:\/\/www.egaraexclusives.com\/es\/producto\/beguda-de-civada-yosoy-1l\/","title":{"rendered":"BEGUDA DE CIVADA YOSOY 1L"},"content":{"rendered":"<p><strong> Ingredients <\/strong><br \/>\nAigua del Montseny, <strong>arr\u00f2s<\/strong> (15%), llet de coco (2%), sal marina, aroma natural de coco.<\/p>\n<p><strong> Nota de Sabor <\/strong><br \/>\nVe de gust en qualsevol moment del dia. Recorda l&#8217;olor del camp despr\u00e9s de la pluja. Un punt dol\u00e7 la fa encara m\u00e9s agradable al paladar.<\/p>\n","protected":false},"excerpt":{"rendered":"<p>&#8211; 100% Vegetal<\/p>\n<p>&#8211; Baix contingut en sal que ajuda a mantenir una tensi\u00f3 arterial normal.<\/p>\n<p>&#8211; Sense sucres afegits, cont\u00e9 sucres naturalment presents.<\/p>\n","protected":false},"featured_media":19422,"template":"","meta":{"_monsterinsights_skip_tracking":false,"_monsterinsights_sitenote_active":false,"_monsterinsights_sitenote_note":"","_monsterinsights_sitenote_category":0,"_joinchat":[]},"product_brand":[],"product_cat":[2769,276],"product_tag":[],"class_list":{"0":"post-17531","1":"product","2":"type-product","3":"status-publish","4":"has-post-thumbnail","6":"product_cat-leche-y-batidos","7":"product_cat-venta-domicilio","8":"tm-no-options","10":"first","11":"instock","12":"taxable","13":"shipping-taxable","14":"purchasable","15":"product-type-simple"},"_links":{"self":[{"href":"https:\/\/www.egaraexclusives.com\/es\/wp-json\/wp\/v2\/product\/17531","targetHints":{"allow":["GET"]}}],"collection":[{"href":"https:\/\/www.egaraexclusives.com\/es\/wp-json\/wp\/v2\/product"}],"about":[{"href":"https:\/\/www.egaraexclusives.com\/es\/wp-json\/wp\/v2\/types\/product"}],"wp:featuredmedia":[{"embeddable":true,"href":"https:\/\/www.egaraexclusives.com\/es\/wp-json\/wp\/v2\/media\/19422"}],"wp:attachment":[{"href":"https:\/\/www.egaraexclusives.com\/es\/wp-json\/wp\/v2\/media?parent=17531"}],"wp:term":[{"taxonomy":"product_brand","embeddable":true,"href":"https:\/\/www.egaraexclusives.com\/es\/wp-json\/wp\/v2\/product_brand?post=17531"},{"taxonomy":"product_cat","embeddable":true,"href":"https:\/\/www.egaraexclusives.com\/es\/wp-json\/wp\/v2\/product_cat?post=17531"},{"taxonomy":"product_tag","embeddable":true,"href":"https:\/\/www.egaraexclusives.com\/es\/wp-json\/wp\/v2\/product_tag?post=17531"}],"curies":[{"name":"wp","href":"https:\/\/api.w.org\/{rel}","templated":true}]}}