{"id":17534,"date":"2022-01-31T08:02:32","date_gmt":"2022-01-31T08:02:32","guid":{"rendered":"https:\/\/beta.egaraexclusives.com\/cacaolat-slim-brick-6x4\/"},"modified":"2026-03-27T16:12:10","modified_gmt":"2026-03-27T14:12:10","slug":"cacaolat-slim-brick-6x4","status":"publish","type":"product","link":"https:\/\/www.egaraexclusives.com\/es\/producto\/cacaolat-slim-brick-6x4\/","title":{"rendered":"CACAOLAT SLIM BRICK 6&#215;4"},"content":{"rendered":"<p><b>Descripci\u00f3<\/b><br \/>\nCacaolat \u00e9s un batut de cacau de gran qualitat amb un sabor \u00fanic, elaborat amb ingredients de millor qualitat i els grans del cacau m\u00e9s selecte. El que es tradueix en l&#8217;obtenci\u00f3 d&#8217;un aliment saludable i sabor\u00f3s.<br \/>\nEn format brick de 200ml, sense gluten i nom\u00e9s 80kcl per 100gr.<\/p>\n","protected":false},"excerpt":{"rendered":"<p>24 unitats per caixa<\/p>\n","protected":false},"featured_media":19430,"template":"","meta":{"_monsterinsights_skip_tracking":false,"_monsterinsights_sitenote_active":false,"_monsterinsights_sitenote_note":"","_monsterinsights_sitenote_category":0,"_joinchat":[]},"product_brand":[],"product_cat":[2769,276],"product_tag":[],"class_list":{"0":"post-17534","1":"product","2":"type-product","3":"status-publish","4":"has-post-thumbnail","6":"product_cat-leche-y-batidos","7":"product_cat-venta-domicilio","8":"tm-no-options","10":"first","11":"instock","12":"taxable","13":"shipping-taxable","14":"purchasable","15":"product-type-simple"},"_links":{"self":[{"href":"https:\/\/www.egaraexclusives.com\/es\/wp-json\/wp\/v2\/product\/17534","targetHints":{"allow":["GET"]}}],"collection":[{"href":"https:\/\/www.egaraexclusives.com\/es\/wp-json\/wp\/v2\/product"}],"about":[{"href":"https:\/\/www.egaraexclusives.com\/es\/wp-json\/wp\/v2\/types\/product"}],"wp:featuredmedia":[{"embeddable":true,"href":"https:\/\/www.egaraexclusives.com\/es\/wp-json\/wp\/v2\/media\/19430"}],"wp:attachment":[{"href":"https:\/\/www.egaraexclusives.com\/es\/wp-json\/wp\/v2\/media?parent=17534"}],"wp:term":[{"taxonomy":"product_brand","embeddable":true,"href":"https:\/\/www.egaraexclusives.com\/es\/wp-json\/wp\/v2\/product_brand?post=17534"},{"taxonomy":"product_cat","embeddable":true,"href":"https:\/\/www.egaraexclusives.com\/es\/wp-json\/wp\/v2\/product_cat?post=17534"},{"taxonomy":"product_tag","embeddable":true,"href":"https:\/\/www.egaraexclusives.com\/es\/wp-json\/wp\/v2\/product_tag?post=17534"}],"curies":[{"name":"wp","href":"https:\/\/api.w.org\/{rel}","templated":true}]}}