{"id":17535,"date":"2022-01-31T08:02:32","date_gmt":"2022-01-31T08:02:32","guid":{"rendered":"https:\/\/beta.egaraexclusives.com\/cacaolat-1l-6un\/"},"modified":"2026-03-27T16:12:11","modified_gmt":"2026-03-27T14:12:11","slug":"cacaolat-1l-6un","status":"publish","type":"product","link":"https:\/\/www.egaraexclusives.com\/es\/producto\/cacaolat-1l-6un\/","title":{"rendered":"CACAOLAT 1L 6un."},"content":{"rendered":"<p>Cacaolat es un batido de cacao de gran calidad con un sabor \u00fanico apreciado por ni\u00f1os y\u00a0mayores de m\u00e1s de 4 generaciones. Su f\u00f3rmula secreta permanece intacta desde 1933 para disfrutar cada d\u00eda del aut\u00e9ntico placer de Cacaolat.<br \/>\nRecuerda que para disfrutar de un buen Cacaolat te recomendamos agitar bien la botella para que se disuelva el caracter\u00edstico poso. Se puede consumir caliente en invierno y bien fr\u00edo en verano para potenciar su sabor refrescante.<br \/>\nCacaolat se elabora con los ingredientes de mejor calidad y los granos del cacao m\u00e1s selecto. Lo que se traduce en la obtenci\u00f3n de un alimento saludable, sabroso y con unas propiedades nutritivas excelentes.<br \/>\nCacaolat Botella 1 Litro, ideal para consumir en el hogar. La nueva botella, en l\u00ednea con la botella de vidrio, presenta un dise\u00f1o m\u00e1s esbelto. El tap\u00f3n con cierre herm\u00e9tico y precinto de seguridad proporciona mayor higiene y seguridad.<\/p>\n","protected":false},"excerpt":{"rendered":"<p>6 unitats per caixa<\/p>\n","protected":false},"featured_media":19432,"template":"","meta":{"_monsterinsights_skip_tracking":false,"_monsterinsights_sitenote_active":false,"_monsterinsights_sitenote_note":"","_monsterinsights_sitenote_category":0,"_joinchat":[]},"product_brand":[],"product_cat":[2769,276],"product_tag":[],"class_list":{"0":"post-17535","1":"product","2":"type-product","3":"status-publish","4":"has-post-thumbnail","6":"product_cat-leche-y-batidos","7":"product_cat-venta-domicilio","8":"tm-no-options","10":"first","11":"instock","12":"taxable","13":"shipping-taxable","14":"purchasable","15":"product-type-simple"},"_links":{"self":[{"href":"https:\/\/www.egaraexclusives.com\/es\/wp-json\/wp\/v2\/product\/17535","targetHints":{"allow":["GET"]}}],"collection":[{"href":"https:\/\/www.egaraexclusives.com\/es\/wp-json\/wp\/v2\/product"}],"about":[{"href":"https:\/\/www.egaraexclusives.com\/es\/wp-json\/wp\/v2\/types\/product"}],"wp:featuredmedia":[{"embeddable":true,"href":"https:\/\/www.egaraexclusives.com\/es\/wp-json\/wp\/v2\/media\/19432"}],"wp:attachment":[{"href":"https:\/\/www.egaraexclusives.com\/es\/wp-json\/wp\/v2\/media?parent=17535"}],"wp:term":[{"taxonomy":"product_brand","embeddable":true,"href":"https:\/\/www.egaraexclusives.com\/es\/wp-json\/wp\/v2\/product_brand?post=17535"},{"taxonomy":"product_cat","embeddable":true,"href":"https:\/\/www.egaraexclusives.com\/es\/wp-json\/wp\/v2\/product_cat?post=17535"},{"taxonomy":"product_tag","embeddable":true,"href":"https:\/\/www.egaraexclusives.com\/es\/wp-json\/wp\/v2\/product_tag?post=17535"}],"curies":[{"name":"wp","href":"https:\/\/api.w.org\/{rel}","templated":true}]}}