{"id":17542,"date":"2022-01-31T08:02:22","date_gmt":"2022-01-31T08:02:22","guid":{"rendered":"https:\/\/beta.egaraexclusives.com\/llimonada-sanmy-2l\/"},"modified":"2026-03-27T16:12:21","modified_gmt":"2026-03-27T14:12:21","slug":"llimonada-sanmy-2l","status":"publish","type":"product","link":"https:\/\/www.egaraexclusives.com\/es\/producto\/llimonada-sanmy-2l\/","title":{"rendered":"LLIMONADA SANMY 2L"},"content":{"rendered":"<p>Sanmy, cuyos or\u00edgenes se remontan a 1895, es una referencia en la fabricaci\u00f3n de bebidas refrescantes. En aquella \u00e9poca, cada pueblo ten\u00eda un fabricante de gaseosas y sifones. Con los a\u00f1os el sector se fue concentrando: en los 80 se pas\u00f3 de los 300 fabricantes que exist\u00edan en la provincia de Barcelona a unos 40. Actualmente, Sanmy es uno de los mayores embotelladores independientes espa\u00f1oles frente a la competencia de las grandes multinacionales del sector.<br \/>\nSus instalaciones de Terrassa (Barcelona) brindan excelentes posibilidades para la fabricaci\u00f3n de nuevos productos, marcas y formatos, envasando con los m\u00e1s exigentes est\u00e1ndares de calidad.<\/p>\n","protected":false},"excerpt":{"rendered":"<p>6 unitats per caixa<\/p>\n","protected":false},"featured_media":14905,"template":"","meta":{"_monsterinsights_skip_tracking":false,"_monsterinsights_sitenote_active":false,"_monsterinsights_sitenote_note":"","_monsterinsights_sitenote_category":0,"_joinchat":[]},"product_brand":[],"product_cat":[2773,276],"product_tag":[],"class_list":{"0":"post-17542","1":"product","2":"type-product","3":"status-publish","4":"has-post-thumbnail","6":"product_cat-refrescos","7":"product_cat-venta-domicilio","8":"tm-no-options","10":"first","11":"instock","12":"taxable","13":"shipping-taxable","14":"purchasable","15":"product-type-simple"},"_links":{"self":[{"href":"https:\/\/www.egaraexclusives.com\/es\/wp-json\/wp\/v2\/product\/17542","targetHints":{"allow":["GET"]}}],"collection":[{"href":"https:\/\/www.egaraexclusives.com\/es\/wp-json\/wp\/v2\/product"}],"about":[{"href":"https:\/\/www.egaraexclusives.com\/es\/wp-json\/wp\/v2\/types\/product"}],"wp:featuredmedia":[{"embeddable":true,"href":"https:\/\/www.egaraexclusives.com\/es\/wp-json\/wp\/v2\/media\/14905"}],"wp:attachment":[{"href":"https:\/\/www.egaraexclusives.com\/es\/wp-json\/wp\/v2\/media?parent=17542"}],"wp:term":[{"taxonomy":"product_brand","embeddable":true,"href":"https:\/\/www.egaraexclusives.com\/es\/wp-json\/wp\/v2\/product_brand?post=17542"},{"taxonomy":"product_cat","embeddable":true,"href":"https:\/\/www.egaraexclusives.com\/es\/wp-json\/wp\/v2\/product_cat?post=17542"},{"taxonomy":"product_tag","embeddable":true,"href":"https:\/\/www.egaraexclusives.com\/es\/wp-json\/wp\/v2\/product_tag?post=17542"}],"curies":[{"name":"wp","href":"https:\/\/api.w.org\/{rel}","templated":true}]}}