{"id":17548,"date":"2022-01-31T08:01:44","date_gmt":"2022-01-31T08:01:44","guid":{"rendered":"https:\/\/beta.egaraexclusives.com\/coca-cola-llauna-nacional\/"},"modified":"2026-03-27T16:12:28","modified_gmt":"2026-03-27T14:12:28","slug":"coca-cola-llauna-nacional","status":"publish","type":"product","link":"https:\/\/www.egaraexclusives.com\/es\/producto\/coca-cola-llauna-nacional\/","title":{"rendered":"COCA COLA LLAUNA NACIONAL"},"content":{"rendered":"<p><strong> Descripci\u00f3 <\/strong><br \/>\nCoca-Cola, tamb\u00e9 anomenada Coke, \u00e9s una gasosa efervescent venuda a m\u00e9s de 200 pa\u00efsos o territoris. \u00c9s produ\u00efda per The Coca-Cola Company.<\/p>\n<p><strong> Hist\u00f2ria <\/strong><br \/>\nQuan la va inventar el farmac\u00e8utic John Pemberton, va ser una medicina patentada, tot i que va ser adquirida posteriorment per l&#8217;empresari Asa Griggs Candler, les t\u00e0ctiques de m\u00e0rqueting van fer a la beguda una de les m\u00e9s consumides del segle XX.<\/p>\n","protected":false},"excerpt":{"rendered":"<p>24 unitats per caixa<\/p>\n","protected":false},"featured_media":14875,"template":"","meta":{"_monsterinsights_skip_tracking":false,"_monsterinsights_sitenote_active":false,"_monsterinsights_sitenote_note":"","_monsterinsights_sitenote_category":0,"_joinchat":[]},"product_brand":[],"product_cat":[2773,276],"product_tag":[],"class_list":{"0":"post-17548","1":"product","2":"type-product","3":"status-publish","4":"has-post-thumbnail","6":"product_cat-refrescos","7":"product_cat-venta-domicilio","8":"tm-no-options","10":"first","11":"instock","12":"taxable","13":"shipping-taxable","14":"purchasable","15":"product-type-simple"},"_links":{"self":[{"href":"https:\/\/www.egaraexclusives.com\/es\/wp-json\/wp\/v2\/product\/17548","targetHints":{"allow":["GET"]}}],"collection":[{"href":"https:\/\/www.egaraexclusives.com\/es\/wp-json\/wp\/v2\/product"}],"about":[{"href":"https:\/\/www.egaraexclusives.com\/es\/wp-json\/wp\/v2\/types\/product"}],"wp:featuredmedia":[{"embeddable":true,"href":"https:\/\/www.egaraexclusives.com\/es\/wp-json\/wp\/v2\/media\/14875"}],"wp:attachment":[{"href":"https:\/\/www.egaraexclusives.com\/es\/wp-json\/wp\/v2\/media?parent=17548"}],"wp:term":[{"taxonomy":"product_brand","embeddable":true,"href":"https:\/\/www.egaraexclusives.com\/es\/wp-json\/wp\/v2\/product_brand?post=17548"},{"taxonomy":"product_cat","embeddable":true,"href":"https:\/\/www.egaraexclusives.com\/es\/wp-json\/wp\/v2\/product_cat?post=17548"},{"taxonomy":"product_tag","embeddable":true,"href":"https:\/\/www.egaraexclusives.com\/es\/wp-json\/wp\/v2\/product_tag?post=17548"}],"curies":[{"name":"wp","href":"https:\/\/api.w.org\/{rel}","templated":true}]}}