{"id":17556,"date":"2022-01-31T07:58:21","date_gmt":"2022-01-31T07:58:21","guid":{"rendered":"https:\/\/beta.egaraexclusives.com\/whisky-johnnie-walker-70cl-1u\/"},"modified":"2026-03-27T16:12:39","modified_gmt":"2026-03-27T14:12:39","slug":"whisky-johnnie-walker-70cl-1u","status":"publish","type":"product","link":"https:\/\/www.egaraexclusives.com\/es\/producto\/whisky-johnnie-walker-70cl-1u\/","title":{"rendered":"WHISKY JOHNNIE WALKER 70cl 1u"},"content":{"rendered":"<p><strong> M\u00e8tode d&#8217;Elaboraci\u00f3 <\/strong><br \/>\nLa fam\u00edlia Walker va aplicar els seus profunds coneixements en els malts escocesos per crear una barreja que delect\u00e9s universalment a tots els paladars. El resultat, xarxa label es va convertir en el whisky preferit a tot el m\u00f3n, un lloc que segueix ocupant en l&#8217;actualitat.<\/p>\n<p><strong> Nota de tast <\/strong><br \/>\n\u00c9s fam\u00f3s pel seu sabor atrevit, ple de car\u00e0cter i per un incre\u00efble equilibri que fa que ressaltin tots els seus matisos quan es barreja.<\/p>\n","protected":false},"excerpt":{"rendered":"<p>Un dels whiskies m\u00e9s venuts del m\u00f3n.<\/p>\n","protected":false},"featured_media":14697,"template":"","meta":{"_monsterinsights_skip_tracking":false,"_monsterinsights_sitenote_active":false,"_monsterinsights_sitenote_note":"","_monsterinsights_sitenote_category":0,"_joinchat":[]},"product_brand":[],"product_cat":[2767,276],"product_tag":[],"class_list":{"0":"post-17556","1":"product","2":"type-product","3":"status-publish","4":"has-post-thumbnail","6":"product_cat-licores","7":"product_cat-venta-domicilio","8":"tm-no-options","10":"first","11":"instock","12":"taxable","13":"shipping-taxable","14":"purchasable","15":"product-type-simple"},"_links":{"self":[{"href":"https:\/\/www.egaraexclusives.com\/es\/wp-json\/wp\/v2\/product\/17556","targetHints":{"allow":["GET"]}}],"collection":[{"href":"https:\/\/www.egaraexclusives.com\/es\/wp-json\/wp\/v2\/product"}],"about":[{"href":"https:\/\/www.egaraexclusives.com\/es\/wp-json\/wp\/v2\/types\/product"}],"wp:featuredmedia":[{"embeddable":true,"href":"https:\/\/www.egaraexclusives.com\/es\/wp-json\/wp\/v2\/media\/14697"}],"wp:attachment":[{"href":"https:\/\/www.egaraexclusives.com\/es\/wp-json\/wp\/v2\/media?parent=17556"}],"wp:term":[{"taxonomy":"product_brand","embeddable":true,"href":"https:\/\/www.egaraexclusives.com\/es\/wp-json\/wp\/v2\/product_brand?post=17556"},{"taxonomy":"product_cat","embeddable":true,"href":"https:\/\/www.egaraexclusives.com\/es\/wp-json\/wp\/v2\/product_cat?post=17556"},{"taxonomy":"product_tag","embeddable":true,"href":"https:\/\/www.egaraexclusives.com\/es\/wp-json\/wp\/v2\/product_tag?post=17556"}],"curies":[{"name":"wp","href":"https:\/\/api.w.org\/{rel}","templated":true}]}}