{"id":17558,"date":"2022-01-31T07:55:56","date_gmt":"2022-01-31T07:55:56","guid":{"rendered":"https:\/\/beta.egaraexclusives.com\/vodka-absolut-70cl-1u\/"},"modified":"2026-03-27T16:12:43","modified_gmt":"2026-03-27T14:12:43","slug":"vodka-absolut-70cl-1u","status":"publish","type":"product","link":"https:\/\/www.egaraexclusives.com\/es\/producto\/vodka-absolut-70cl-1u\/","title":{"rendered":"VODKA ABSOLUT 70cl 1u"},"content":{"rendered":"<p><strong> Hist\u00f2ria <\/strong><br \/>\nVa ser introdu\u00eft per l&#8217;empresari Lars Olsson Smith, en 1879, en un poblet anomenat \u00c5hus, de la comarca sueca de Escania.Se ven en ampolles de 700 ml o de 1000 ml i tamb\u00e9 en packs especials, amb una graduaci\u00f3 del 40% d&#8217;alcohol .<\/p>\n<p><strong> M\u00e8tode d&#8217;elaboraci\u00f3 <\/strong><br \/>\nAbsolut Vodka es fa exclusivament a partir d&#8217;ingredients naturals i, a difer\u00e8ncia del que passa amb molts altres vodkes, no cont\u00e9 sucre afegit. Absolut \u00e9s, de fet, tan pur com pot ser el vodka. Tot i aix\u00f2, la puresa t\u00e9 un sabor: ric, amb cos i complex, per\u00f2 suau i madur amb el car\u00e0cter distintiu del gra de blat, seguit d&#8217;un toc a fruites seques.<\/p>\n","protected":false},"excerpt":{"rendered":"<p>Actualment \u00e9s la tercera beguda blanca m\u00e9s venuda del m\u00f3n.<\/p>\n","protected":false},"featured_media":18263,"template":"","meta":{"_monsterinsights_skip_tracking":false,"_monsterinsights_sitenote_active":false,"_monsterinsights_sitenote_note":"","_monsterinsights_sitenote_category":0,"_joinchat":[]},"product_brand":[],"product_cat":[2767,276],"product_tag":[],"class_list":{"0":"post-17558","1":"product","2":"type-product","3":"status-publish","4":"has-post-thumbnail","6":"product_cat-licores","7":"product_cat-venta-domicilio","8":"tm-no-options","10":"first","11":"instock","12":"taxable","13":"shipping-taxable","14":"purchasable","15":"product-type-simple"},"_links":{"self":[{"href":"https:\/\/www.egaraexclusives.com\/es\/wp-json\/wp\/v2\/product\/17558","targetHints":{"allow":["GET"]}}],"collection":[{"href":"https:\/\/www.egaraexclusives.com\/es\/wp-json\/wp\/v2\/product"}],"about":[{"href":"https:\/\/www.egaraexclusives.com\/es\/wp-json\/wp\/v2\/types\/product"}],"wp:featuredmedia":[{"embeddable":true,"href":"https:\/\/www.egaraexclusives.com\/es\/wp-json\/wp\/v2\/media\/18263"}],"wp:attachment":[{"href":"https:\/\/www.egaraexclusives.com\/es\/wp-json\/wp\/v2\/media?parent=17558"}],"wp:term":[{"taxonomy":"product_brand","embeddable":true,"href":"https:\/\/www.egaraexclusives.com\/es\/wp-json\/wp\/v2\/product_brand?post=17558"},{"taxonomy":"product_cat","embeddable":true,"href":"https:\/\/www.egaraexclusives.com\/es\/wp-json\/wp\/v2\/product_cat?post=17558"},{"taxonomy":"product_tag","embeddable":true,"href":"https:\/\/www.egaraexclusives.com\/es\/wp-json\/wp\/v2\/product_tag?post=17558"}],"curies":[{"name":"wp","href":"https:\/\/api.w.org\/{rel}","templated":true}]}}