{"id":17559,"date":"2022-01-31T07:55:43","date_gmt":"2022-01-31T07:55:43","guid":{"rendered":"https:\/\/beta.egaraexclusives.com\/crema-whisky-baileys-70cl-1u\/"},"modified":"2026-03-27T16:12:43","modified_gmt":"2026-03-27T14:12:43","slug":"crema-whisky-baileys-70cl-1u","status":"publish","type":"product","link":"https:\/\/www.egaraexclusives.com\/es\/producto\/crema-whisky-baileys-70cl-1u\/","title":{"rendered":"CREMA WHISKY BAILEYS 70cl 1u"},"content":{"rendered":"<p><strong>M\u00e8tode d\u2019elaboraci\u00f3<\/strong><br \/>\nLa Combinaci\u00f3 perfecta entre whisky irland\u00e8s anyenc i crema irlandesa, amb un toc de cacau i vainilla.<br \/>\nPer elaborar el nostre licor Original Irish Cream nom\u00e9s fem servir els millors ingredients. Seleccionem el millor whisky irland\u00e8s en una s\u00e8rie de prestigioses destil\u2022leries, incloent la famosa Old Bushmills Distillery, del comtat d&#8217;Antrim. El whisky complementa tota la riquesa de la crema de llet irlandesa, el cacau i la deliciosa vainilla que fem servir en la nostra recepta secreta. La combinaci\u00f3 d&#8217;aquests ingredients, que ha obtingut nombrosos premis, est\u00e0 pensada per satisfer els paladars m\u00e9s exigents.<\/p>\n<p><strong>Origens<\/strong><br \/>\nPer seguir sent fidels als seus or\u00edgens, Baileys es produeix i s&#8217;embotella exclusivament a Irlanda.<\/p>\n","protected":false},"excerpt":{"rendered":"<p>\u00c9s un licor basat en whisky irland\u00e8s i crema de llet.<\/p>\n","protected":false},"featured_media":14515,"template":"","meta":{"_monsterinsights_skip_tracking":false,"_monsterinsights_sitenote_active":false,"_monsterinsights_sitenote_note":"","_monsterinsights_sitenote_category":0,"_joinchat":[]},"product_brand":[],"product_cat":[2767,276],"product_tag":[],"class_list":{"0":"post-17559","1":"product","2":"type-product","3":"status-publish","4":"has-post-thumbnail","6":"product_cat-licores","7":"product_cat-venta-domicilio","8":"tm-no-options","10":"first","11":"instock","12":"taxable","13":"shipping-taxable","14":"purchasable","15":"product-type-simple"},"_links":{"self":[{"href":"https:\/\/www.egaraexclusives.com\/es\/wp-json\/wp\/v2\/product\/17559","targetHints":{"allow":["GET"]}}],"collection":[{"href":"https:\/\/www.egaraexclusives.com\/es\/wp-json\/wp\/v2\/product"}],"about":[{"href":"https:\/\/www.egaraexclusives.com\/es\/wp-json\/wp\/v2\/types\/product"}],"wp:featuredmedia":[{"embeddable":true,"href":"https:\/\/www.egaraexclusives.com\/es\/wp-json\/wp\/v2\/media\/14515"}],"wp:attachment":[{"href":"https:\/\/www.egaraexclusives.com\/es\/wp-json\/wp\/v2\/media?parent=17559"}],"wp:term":[{"taxonomy":"product_brand","embeddable":true,"href":"https:\/\/www.egaraexclusives.com\/es\/wp-json\/wp\/v2\/product_brand?post=17559"},{"taxonomy":"product_cat","embeddable":true,"href":"https:\/\/www.egaraexclusives.com\/es\/wp-json\/wp\/v2\/product_cat?post=17559"},{"taxonomy":"product_tag","embeddable":true,"href":"https:\/\/www.egaraexclusives.com\/es\/wp-json\/wp\/v2\/product_tag?post=17559"}],"curies":[{"name":"wp","href":"https:\/\/api.w.org\/{rel}","templated":true}]}}