{"id":19591,"date":"2023-03-10T10:25:02","date_gmt":"2023-03-10T08:25:02","guid":{"rendered":"https:\/\/www.egaraexclusives.com\/?post_type=product&#038;p=19591"},"modified":"2026-03-27T16:10:54","modified_gmt":"2026-03-27T14:10:54","slug":"enate-cabernet-merlot-somontano","status":"publish","type":"product","link":"https:\/\/www.egaraexclusives.com\/es\/producto\/enate-cabernet-merlot-somontano\/","title":{"rendered":"ENATE CABERNET-MERLOT SOMONTANO"},"content":{"rendered":"<p><em><strong>Fitxa t\u00e8cnica<\/strong><\/em><br \/>\n<strong>TIPUS<\/strong> Vi negre<br \/>\n<strong>REGI\u00d3<\/strong> Somontano<br \/>\n<strong>RA\u00cfM<\/strong> 50% Cabernet Sauvignon \/ 50% Merlot<br \/>\n<strong>PRODUCTOR<\/strong> Enate<br \/>\n<strong>AL\u00b7LERG\u00d2GENS<\/strong> Cont\u00e9 sulfits<br \/>\n<strong>GRADUACI\u00d3<\/strong> 14,5%<br \/>\n<em><strong>El vi<\/strong><\/em><br \/>\nUn vi de car\u00e0cter cosmopolita i f\u00e0cil de beure, com un bordeus per\u00f2 a l&#8217;aragonesa. L&#8217;aroma i els tanins vellutats el converteixen en un aut\u00e8ntic vi per a tots els p\u00fablics. En ell predomina el car\u00e0cter varietal d&#8217;una fruita perfectament madurada que destaca per sobre dels aromes de la crian\u00e7a.<\/p>\n<p><em><strong>A qu\u00e8 sap aquest vi?<\/strong><\/em><br \/>\n<strong>VISTA<\/strong> Vermell picota<br \/>\n<strong>NAS<\/strong> Aromes fruiters \/ Fruits del bosc \/ Groselles \/ Esbarzer \/ Aromes florals \/ Violetes \/ Notes de sotabosc \/ Notes especiadas \/ Vainilla \/ Pebre<br \/>\n<strong>BOCA<\/strong> Suau \/ Rod\u00f3 \/ Notes torrefactes \/ Sabor\u00f3s<br \/>\n<strong>Consum i conservaci\u00f3<\/strong> \u00c9s important prendre el vi fresc, entre 14-16 \u00b0C, en una copa estil cabernet. La seva acidesa equilibrada li permetr\u00e0 conservar-se en ampolla durant els pr\u00f2xims 5 anys.<br \/>\n<strong>Maridatges<\/strong> D&#8217;ampli joc gastron\u00f2mic, combina a la perfecci\u00f3 amb rostits, carns i formatges, tolerant fins i tot el maridatge amb peixos en salsa. El pop a la brasa amb crem\u00f3s de patata i pebre roig, aix\u00ed com els raviolis farcits d&#8217;alberg\u00ednia i tom\u00e0quet amb alf\u00e0brega i oli d&#8217;oliva verge extra poden ser altres combinacions sorprenents.<\/p>\n","protected":false},"excerpt":{"rendered":"<p>Fitxa t\u00e8cnica TIPUS Vi negre REGI\u00d3 Somontano RA\u00cfM 50% Cabernet Sauvignon \/ 50% Merlot PRODUCTOR Enate AL\u00b7LERG\u00d2GENS Cont\u00e9 sulfits GRADUACI\u00d3 14,5% El vi Un vi de car\u00e0cter cosmopolita i f\u00e0cil de beure, com un bordeus per\u00f2 a l&#8217;aragonesa. L&#8217;aroma i els tanins vellutats el converteixen en un aut\u00e8ntic vi per a tots els p\u00fablics. En [&hellip;]<\/p>\n","protected":false},"featured_media":19595,"template":"","meta":{"_monsterinsights_skip_tracking":false,"_monsterinsights_sitenote_active":false,"_monsterinsights_sitenote_note":"","_monsterinsights_sitenote_category":0,"_joinchat":[]},"product_brand":[],"product_cat":[3361,276,2779],"product_tag":[],"class_list":{"0":"post-19591","1":"product","2":"type-product","3":"status-publish","4":"has-post-thumbnail","6":"product_cat-tinto","7":"product_cat-venta-domicilio","8":"product_cat-vinos-y-cavas","9":"tm-no-options","11":"first","12":"instock","13":"taxable","14":"shipping-taxable","15":"purchasable","16":"product-type-simple"},"_links":{"self":[{"href":"https:\/\/www.egaraexclusives.com\/es\/wp-json\/wp\/v2\/product\/19591","targetHints":{"allow":["GET"]}}],"collection":[{"href":"https:\/\/www.egaraexclusives.com\/es\/wp-json\/wp\/v2\/product"}],"about":[{"href":"https:\/\/www.egaraexclusives.com\/es\/wp-json\/wp\/v2\/types\/product"}],"wp:featuredmedia":[{"embeddable":true,"href":"https:\/\/www.egaraexclusives.com\/es\/wp-json\/wp\/v2\/media\/19595"}],"wp:attachment":[{"href":"https:\/\/www.egaraexclusives.com\/es\/wp-json\/wp\/v2\/media?parent=19591"}],"wp:term":[{"taxonomy":"product_brand","embeddable":true,"href":"https:\/\/www.egaraexclusives.com\/es\/wp-json\/wp\/v2\/product_brand?post=19591"},{"taxonomy":"product_cat","embeddable":true,"href":"https:\/\/www.egaraexclusives.com\/es\/wp-json\/wp\/v2\/product_cat?post=19591"},{"taxonomy":"product_tag","embeddable":true,"href":"https:\/\/www.egaraexclusives.com\/es\/wp-json\/wp\/v2\/product_tag?post=19591"}],"curies":[{"name":"wp","href":"https:\/\/api.w.org\/{rel}","templated":true}]}}