{"id":19605,"date":"2023-03-15T10:00:55","date_gmt":"2023-03-15T08:00:55","guid":{"rendered":"https:\/\/www.egaraexclusives.com\/?post_type=product&#038;p=19605"},"modified":"2026-03-27T16:10:53","modified_gmt":"2026-03-27T14:10:53","slug":"templer-jove-montsant","status":"publish","type":"product","link":"https:\/\/www.egaraexclusives.com\/es\/producto\/templer-jove-montsant\/","title":{"rendered":"TEMPLER JOVE MONTSANT"},"content":{"rendered":"<p><em><strong>Fitxa T\u00e8cnica<\/strong><\/em><\/p>\n<p><strong>TIPUS<\/strong> Vi negre<br \/>\n<strong>REGI\u00d3\u00a0<\/strong>Montsant<br \/>\n<strong>RA\u00cfM<\/strong> Garnatxa \/ Carinyena<br \/>\n<strong>PRODUCTOR<\/strong> Castell d&#8217;Or<br \/>\n<strong>AL\u00b7LERG\u00d2GENS<\/strong> Cont\u00e9 sulfits<br \/>\n<strong>GRADUACI\u00d3<\/strong> 14,5%<\/p>\n<p><em><strong>A qu\u00e8 sap aquest vi?<\/strong><\/em><\/p>\n<p><strong>VISTA<\/strong> Vermell picota \/ Brillant \/ Rivet violaci<br \/>\n<strong>NAS<\/strong> Aromes de fruita \/ Fruita vermella madura \/ Notes especiades \/ Vainilla<br \/>\n<strong>BOCA<\/strong> Ampli \/ Fresc \/ Equilibrat \/ Tanins madurs \/ Acidesa ben integrada \/ Estructurat \/ Concentrat<br \/>\n<strong>Consum i conservaci\u00f3<\/strong> Servir entre 13 \u00b0C i 15 \u00b0C<br \/>\n<strong>Maridatges<\/strong> Rostits \/ Carns vermelles \/ Graellades \/ Ca\u00e7a \/ Formatges<\/p>\n","protected":false},"excerpt":{"rendered":"<p>Fitxa T\u00e8cnica TIPUS Vi negre REGI\u00d3\u00a0Montsant RA\u00cfM Garnatxa \/ Carinyena PRODUCTOR Castell d&#8217;Or AL\u00b7LERG\u00d2GENS Cont\u00e9 sulfits GRADUACI\u00d3 14,5% A qu\u00e8 sap aquest vi? VISTA Vermell picota \/ Brillant \/ Rivet violaci NAS Aromes de fruita \/ Fruita vermella madura \/ Notes especiades \/ Vainilla BOCA Ampli \/ Fresc \/ Equilibrat \/ Tanins madurs \/ Acidesa [&hellip;]<\/p>\n","protected":false},"featured_media":19607,"template":"","meta":{"_monsterinsights_skip_tracking":false,"_monsterinsights_sitenote_active":false,"_monsterinsights_sitenote_note":"","_monsterinsights_sitenote_category":0,"_joinchat":[]},"product_brand":[],"product_cat":[3361,276,2779],"product_tag":[],"class_list":{"0":"post-19605","1":"product","2":"type-product","3":"status-publish","4":"has-post-thumbnail","6":"product_cat-tinto","7":"product_cat-venta-domicilio","8":"product_cat-vinos-y-cavas","9":"tm-no-options","11":"first","12":"instock","13":"taxable","14":"shipping-taxable","15":"purchasable","16":"product-type-simple"},"_links":{"self":[{"href":"https:\/\/www.egaraexclusives.com\/es\/wp-json\/wp\/v2\/product\/19605","targetHints":{"allow":["GET"]}}],"collection":[{"href":"https:\/\/www.egaraexclusives.com\/es\/wp-json\/wp\/v2\/product"}],"about":[{"href":"https:\/\/www.egaraexclusives.com\/es\/wp-json\/wp\/v2\/types\/product"}],"wp:featuredmedia":[{"embeddable":true,"href":"https:\/\/www.egaraexclusives.com\/es\/wp-json\/wp\/v2\/media\/19607"}],"wp:attachment":[{"href":"https:\/\/www.egaraexclusives.com\/es\/wp-json\/wp\/v2\/media?parent=19605"}],"wp:term":[{"taxonomy":"product_brand","embeddable":true,"href":"https:\/\/www.egaraexclusives.com\/es\/wp-json\/wp\/v2\/product_brand?post=19605"},{"taxonomy":"product_cat","embeddable":true,"href":"https:\/\/www.egaraexclusives.com\/es\/wp-json\/wp\/v2\/product_cat?post=19605"},{"taxonomy":"product_tag","embeddable":true,"href":"https:\/\/www.egaraexclusives.com\/es\/wp-json\/wp\/v2\/product_tag?post=19605"}],"curies":[{"name":"wp","href":"https:\/\/api.w.org\/{rel}","templated":true}]}}