{"id":19609,"date":"2023-03-15T10:20:47","date_gmt":"2023-03-15T08:20:47","guid":{"rendered":"https:\/\/www.egaraexclusives.com\/?post_type=product&#038;p=19609"},"modified":"2026-03-27T16:11:00","modified_gmt":"2026-03-27T14:11:00","slug":"abadal-blanc-pla-bages","status":"publish","type":"product","link":"https:\/\/www.egaraexclusives.com\/es\/producto\/abadal-blanc-pla-bages\/","title":{"rendered":"ABADAL BLANC Pla Bages"},"content":{"rendered":"<p><em><strong>Fitxa t\u00e8cnica<\/strong><\/em><\/p>\n<p><strong>TIPUS<\/strong> Vi blanc<br \/>\n<strong>REGI\u00d3<\/strong> Pla de Bages<br \/>\n<strong>RA\u00cfM<\/strong> 70% Chardonnay \/ 20% *Sauvignon *blanc \/ 10% *Picapoll \/ Macabeu<br \/>\n<strong>PRODUCTOR<\/strong> Cellers *Abadal<br \/>\n<strong>AL\u00b7LERG\u00d2GENS<\/strong> Cont\u00e9 sulfits<br \/>\n<strong>GRADUACI\u00d3<\/strong> 12,5%<\/p>\n<p><em><strong>A qu\u00e8 sap aquest vi?<\/strong><\/em><\/p>\n<p><strong>VISTA<\/strong> Groc p\u00e0l\u00b7lid \/ Reflexos verdosos<br \/>\n<strong>NAS<\/strong> Ex\u00f2tic \/ Complex \/ Aromes florals \/ C\u00edtriques \/ Fruita tropical<br \/>\n<strong>BOCA<\/strong> Fresc \/ Notes de sotabosc \/ Persistent \/ Seductor<br \/>\n<strong>Consum i conservaci\u00f3<\/strong> Servir entre 8 \u00b0C i 10 \u00b0C<br \/>\n<strong>Maridatges<\/strong> Aperitius \/ Escalivada \/ Bacall\u00e0<\/p>\n","protected":false},"excerpt":{"rendered":"<p>Fitxa t\u00e8cnica TIPUS Vi blanc REGI\u00d3 Pla de Bages RA\u00cfM 70% Chardonnay \/ 20% *Sauvignon *blanc \/ 10% *Picapoll \/ Macabeu PRODUCTOR Cellers *Abadal AL\u00b7LERG\u00d2GENS Cont\u00e9 sulfits GRADUACI\u00d3 12,5% A qu\u00e8 sap aquest vi? VISTA Groc p\u00e0l\u00b7lid \/ Reflexos verdosos NAS Ex\u00f2tic \/ Complex \/ Aromes florals \/ C\u00edtriques \/ Fruita tropical BOCA Fresc \/ [&hellip;]<\/p>\n","protected":false},"featured_media":19611,"template":"","meta":{"_monsterinsights_skip_tracking":false,"_monsterinsights_sitenote_active":false,"_monsterinsights_sitenote_note":"","_monsterinsights_sitenote_category":0,"_joinchat":[]},"product_brand":[],"product_cat":[3360,276,2779],"product_tag":[],"class_list":{"0":"post-19609","1":"product","2":"type-product","3":"status-publish","4":"has-post-thumbnail","6":"product_cat-blanc-es","7":"product_cat-venta-domicilio","8":"product_cat-vinos-y-cavas","9":"tm-no-options","11":"first","12":"instock","13":"taxable","14":"shipping-taxable","15":"purchasable","16":"product-type-simple"},"_links":{"self":[{"href":"https:\/\/www.egaraexclusives.com\/es\/wp-json\/wp\/v2\/product\/19609","targetHints":{"allow":["GET"]}}],"collection":[{"href":"https:\/\/www.egaraexclusives.com\/es\/wp-json\/wp\/v2\/product"}],"about":[{"href":"https:\/\/www.egaraexclusives.com\/es\/wp-json\/wp\/v2\/types\/product"}],"wp:featuredmedia":[{"embeddable":true,"href":"https:\/\/www.egaraexclusives.com\/es\/wp-json\/wp\/v2\/media\/19611"}],"wp:attachment":[{"href":"https:\/\/www.egaraexclusives.com\/es\/wp-json\/wp\/v2\/media?parent=19609"}],"wp:term":[{"taxonomy":"product_brand","embeddable":true,"href":"https:\/\/www.egaraexclusives.com\/es\/wp-json\/wp\/v2\/product_brand?post=19609"},{"taxonomy":"product_cat","embeddable":true,"href":"https:\/\/www.egaraexclusives.com\/es\/wp-json\/wp\/v2\/product_cat?post=19609"},{"taxonomy":"product_tag","embeddable":true,"href":"https:\/\/www.egaraexclusives.com\/es\/wp-json\/wp\/v2\/product_tag?post=19609"}],"curies":[{"name":"wp","href":"https:\/\/api.w.org\/{rel}","templated":true}]}}