{"id":19619,"date":"2023-03-15T12:09:40","date_gmt":"2023-03-15T10:09:40","guid":{"rendered":"https:\/\/www.egaraexclusives.com\/?post_type=product&#038;p=19619"},"modified":"2026-03-27T16:11:01","modified_gmt":"2026-03-27T14:11:01","slug":"abadal-negre-pla-bages","status":"publish","type":"product","link":"https:\/\/www.egaraexclusives.com\/es\/producto\/abadal-negre-pla-bages\/","title":{"rendered":"ABADAL FRANC Pla Bages"},"content":{"rendered":"<p><strong><em>Fitxa t\u00e8cnica<\/em><\/strong><br \/>\n<strong>TIPUS<\/strong> Vi negre<br \/>\n<strong>REGI\u00d3<\/strong> Pla de Bages<br \/>\n<strong>RA\u00cfM<\/strong> Cabernet franc \/ Ull de llebre \/ Sumoll<br \/>\n<strong>PRODUCTOR<\/strong> Cellers Abadal<br \/>\n<strong>AL\u00b7LERG\u00d2GENS<\/strong> Cont\u00e9 sulfits<br \/>\n<strong>GRADUACI\u00d3<\/strong> 14,0%<\/p>\n<p><em><strong>A qu\u00e8 sap aquest vi?<\/strong><\/em><br \/>\n<strong>VISTA<\/strong> Granada \/ Fosc \/ Cobert<br \/>\n<strong>NAS<\/strong> Aromes de fruita \/ Fruita negra madura \/ Fruita vermella madura \/ Gerd \/ Groselles \/ Toffee \/ Albercoc<br \/>\n<strong>BOCA<\/strong> Fresc \/ Potent \/ Notes fruiteres \/ Notes minerals \/ Notes varietals \/ Llaminer \/ Fusta ben integrada \/ Final llarg<br \/>\n<strong>Consum<\/strong> <strong>i conservaci\u00f3<\/strong> Servir entre 14 \u00b0C i 16 \u00b0C<br \/>\n<strong>Maridatges<\/strong> Arrossos de carn \/ Pollastre al forn \/ Bacall\u00e0 \/ Embotits<\/p>\n<p>&nbsp;<\/p>\n","protected":false},"excerpt":{"rendered":"<p>Fitxa t\u00e8cnica TIPUS Vi negre REGI\u00d3 Pla de Bages RA\u00cfM Cabernet franc \/ Ull de llebre \/ Sumoll PRODUCTOR Cellers Abadal AL\u00b7LERG\u00d2GENS Cont\u00e9 sulfits GRADUACI\u00d3 14,0% A qu\u00e8 sap aquest vi? VISTA Granada \/ Fosc \/ Cobert NAS Aromes de fruita \/ Fruita negra madura \/ Fruita vermella madura \/ Gerd \/ Groselles \/ Toffee [&hellip;]<\/p>\n","protected":false},"featured_media":19621,"template":"","meta":{"_monsterinsights_skip_tracking":false,"_monsterinsights_sitenote_active":false,"_monsterinsights_sitenote_note":"","_monsterinsights_sitenote_category":0,"_joinchat":[]},"product_brand":[],"product_cat":[3361,276,2779],"product_tag":[],"class_list":{"0":"post-19619","1":"product","2":"type-product","3":"status-publish","4":"has-post-thumbnail","6":"product_cat-tinto","7":"product_cat-venta-domicilio","8":"product_cat-vinos-y-cavas","9":"tm-no-options","11":"first","12":"instock","13":"taxable","14":"shipping-taxable","15":"purchasable","16":"product-type-simple"},"_links":{"self":[{"href":"https:\/\/www.egaraexclusives.com\/es\/wp-json\/wp\/v2\/product\/19619","targetHints":{"allow":["GET"]}}],"collection":[{"href":"https:\/\/www.egaraexclusives.com\/es\/wp-json\/wp\/v2\/product"}],"about":[{"href":"https:\/\/www.egaraexclusives.com\/es\/wp-json\/wp\/v2\/types\/product"}],"wp:featuredmedia":[{"embeddable":true,"href":"https:\/\/www.egaraexclusives.com\/es\/wp-json\/wp\/v2\/media\/19621"}],"wp:attachment":[{"href":"https:\/\/www.egaraexclusives.com\/es\/wp-json\/wp\/v2\/media?parent=19619"}],"wp:term":[{"taxonomy":"product_brand","embeddable":true,"href":"https:\/\/www.egaraexclusives.com\/es\/wp-json\/wp\/v2\/product_brand?post=19619"},{"taxonomy":"product_cat","embeddable":true,"href":"https:\/\/www.egaraexclusives.com\/es\/wp-json\/wp\/v2\/product_cat?post=19619"},{"taxonomy":"product_tag","embeddable":true,"href":"https:\/\/www.egaraexclusives.com\/es\/wp-json\/wp\/v2\/product_tag?post=19619"}],"curies":[{"name":"wp","href":"https:\/\/api.w.org\/{rel}","templated":true}]}}