{"id":19691,"date":"2023-05-10T08:40:55","date_gmt":"2023-05-10T06:40:55","guid":{"rendered":"https:\/\/www.egaraexclusives.com\/?post_type=product&#038;p=19691"},"modified":"2026-03-27T16:10:51","modified_gmt":"2026-03-27T14:10:51","slug":"petit-sios-negre","status":"publish","type":"product","link":"https:\/\/www.egaraexclusives.com\/es\/producto\/petit-sios-negre\/","title":{"rendered":"PETIT SI\u00d3S NEGRE"},"content":{"rendered":"<p><em><strong>Fitxa t\u00e8cnica<\/strong><\/em><br \/>\n<strong>TIPUS<\/strong> Vi negre<br \/>\n<strong>REGI\u00d3<\/strong> Costers del Segre<br \/>\n<strong>RA\u00cfM<\/strong> 45% Tempranillo \u00b7 40% Cabernet sauvignon \u00b7 15% Garnacha<br \/>\n<strong>PRODUCTOR<\/strong> Costers del Si\u00f3<br \/>\n<strong>AL\u00c8RGENS<\/strong> Cont\u00e9 sulfits<br \/>\n<strong>GRADUACI\u00d3<\/strong> 13,5%<br \/>\n<strong>Consum i conservaci\u00f3<\/strong> Servir entre 16 \u00baC i 18 \u00baC<\/p>\n","protected":false},"excerpt":{"rendered":"<p>Fitxa t\u00e8cnica TIPUS Vi negre REGI\u00d3 Costers del Segre RA\u00cfM 45% Tempranillo \u00b7 40% Cabernet sauvignon \u00b7 15% Garnacha PRODUCTOR Costers del Si\u00f3 AL\u00c8RGENS Cont\u00e9 sulfits GRADUACI\u00d3 13,5% Consum i conservaci\u00f3 Servir entre 16 \u00baC i 18 \u00baC<\/p>\n","protected":false},"featured_media":19709,"template":"","meta":{"_monsterinsights_skip_tracking":false,"_monsterinsights_sitenote_active":false,"_monsterinsights_sitenote_note":"","_monsterinsights_sitenote_category":0,"_joinchat":[]},"product_brand":[],"product_cat":[3361,276,2779],"product_tag":[],"class_list":{"0":"post-19691","1":"product","2":"type-product","3":"status-publish","4":"has-post-thumbnail","6":"product_cat-tinto","7":"product_cat-venta-domicilio","8":"product_cat-vinos-y-cavas","9":"tm-no-options","11":"first","12":"instock","13":"taxable","14":"shipping-taxable","15":"purchasable","16":"product-type-simple"},"_links":{"self":[{"href":"https:\/\/www.egaraexclusives.com\/es\/wp-json\/wp\/v2\/product\/19691","targetHints":{"allow":["GET"]}}],"collection":[{"href":"https:\/\/www.egaraexclusives.com\/es\/wp-json\/wp\/v2\/product"}],"about":[{"href":"https:\/\/www.egaraexclusives.com\/es\/wp-json\/wp\/v2\/types\/product"}],"wp:featuredmedia":[{"embeddable":true,"href":"https:\/\/www.egaraexclusives.com\/es\/wp-json\/wp\/v2\/media\/19709"}],"wp:attachment":[{"href":"https:\/\/www.egaraexclusives.com\/es\/wp-json\/wp\/v2\/media?parent=19691"}],"wp:term":[{"taxonomy":"product_brand","embeddable":true,"href":"https:\/\/www.egaraexclusives.com\/es\/wp-json\/wp\/v2\/product_brand?post=19691"},{"taxonomy":"product_cat","embeddable":true,"href":"https:\/\/www.egaraexclusives.com\/es\/wp-json\/wp\/v2\/product_cat?post=19691"},{"taxonomy":"product_tag","embeddable":true,"href":"https:\/\/www.egaraexclusives.com\/es\/wp-json\/wp\/v2\/product_tag?post=19691"}],"curies":[{"name":"wp","href":"https:\/\/api.w.org\/{rel}","templated":true}]}}