{"id":19695,"date":"2023-05-10T08:43:56","date_gmt":"2023-05-10T06:43:56","guid":{"rendered":"https:\/\/www.egaraexclusives.com\/?post_type=product&#038;p=19695"},"modified":"2026-03-27T16:11:02","modified_gmt":"2026-03-27T14:11:02","slug":"vina-esmeralda-blanc","status":"publish","type":"product","link":"https:\/\/www.egaraexclusives.com\/es\/producto\/vina-esmeralda-blanc\/","title":{"rendered":"VI\u00d1A ESMERALDA BLANC"},"content":{"rendered":"<p><em><strong>Fitxa t\u00e8cnica<\/strong><\/em><br \/>\n<strong>TIPO<\/strong> Vi blanc<br \/>\n<strong>REGI\u00d3<\/strong> Pened\u00e8s<br \/>\n<strong>RA\u00cfM<\/strong> Moscatell d&#8217;Alexandria &#8211; Gew\u00fcrztraminer<br \/>\n<strong>PRODUCTOR<\/strong> Propiedad Bodegas Torres<br \/>\n<strong>AL\u00c8RGENS<\/strong> Cont\u00e9 sulfits<br \/>\n<strong>GRADUACI\u00d3<\/strong> 11,5%<\/p>\n<p><strong>VISTA<\/strong> Groc p\u00e0lid \/ Brillant<br \/>\n<strong>NAS<\/strong> Fruita ex\u00f2tica \/ Aromes primaris \/ Notes florals \/ Notes fruitals<br \/>\n<strong>BOCA<\/strong> Sed\u00f2s \/ Fresc \/ Elegant \/ Fruital<br \/>\n<strong>Consum i conservaci\u00f3<\/strong> Servir entre 6 \u00baC i 8 \u00baC<br \/>\n<strong>Maridatges<\/strong> Marisc \/ Peix \/ Entrants \/ Pat\u00e8s \/ Cuina oriental<\/p>\n","protected":false},"excerpt":{"rendered":"<p>Fitxa t\u00e8cnica TIPO Vi blanc REGI\u00d3 Pened\u00e8s RA\u00cfM Moscatell d&#8217;Alexandria &#8211; Gew\u00fcrztraminer PRODUCTOR Propiedad Bodegas Torres AL\u00c8RGENS Cont\u00e9 sulfits GRADUACI\u00d3 11,5% VISTA Groc p\u00e0lid \/ Brillant NAS Fruita ex\u00f2tica \/ Aromes primaris \/ Notes florals \/ Notes fruitals BOCA Sed\u00f2s \/ Fresc \/ Elegant \/ Fruital Consum i conservaci\u00f3 Servir entre 6 \u00baC i 8 [&hellip;]<\/p>\n","protected":false},"featured_media":19705,"template":"","meta":{"_monsterinsights_skip_tracking":false,"_monsterinsights_sitenote_active":false,"_monsterinsights_sitenote_note":"","_monsterinsights_sitenote_category":0,"_joinchat":[]},"product_brand":[],"product_cat":[3360,2779],"product_tag":[],"class_list":{"0":"post-19695","1":"product","2":"type-product","3":"status-publish","4":"has-post-thumbnail","6":"product_cat-blanc-es","7":"product_cat-vinos-y-cavas","8":"tm-no-options","10":"first","11":"instock","12":"taxable","13":"shipping-taxable","14":"purchasable","15":"product-type-simple"},"_links":{"self":[{"href":"https:\/\/www.egaraexclusives.com\/es\/wp-json\/wp\/v2\/product\/19695","targetHints":{"allow":["GET"]}}],"collection":[{"href":"https:\/\/www.egaraexclusives.com\/es\/wp-json\/wp\/v2\/product"}],"about":[{"href":"https:\/\/www.egaraexclusives.com\/es\/wp-json\/wp\/v2\/types\/product"}],"wp:featuredmedia":[{"embeddable":true,"href":"https:\/\/www.egaraexclusives.com\/es\/wp-json\/wp\/v2\/media\/19705"}],"wp:attachment":[{"href":"https:\/\/www.egaraexclusives.com\/es\/wp-json\/wp\/v2\/media?parent=19695"}],"wp:term":[{"taxonomy":"product_brand","embeddable":true,"href":"https:\/\/www.egaraexclusives.com\/es\/wp-json\/wp\/v2\/product_brand?post=19695"},{"taxonomy":"product_cat","embeddable":true,"href":"https:\/\/www.egaraexclusives.com\/es\/wp-json\/wp\/v2\/product_cat?post=19695"},{"taxonomy":"product_tag","embeddable":true,"href":"https:\/\/www.egaraexclusives.com\/es\/wp-json\/wp\/v2\/product_tag?post=19695"}],"curies":[{"name":"wp","href":"https:\/\/api.w.org\/{rel}","templated":true}]}}