{"id":19753,"date":"2023-05-22T08:39:28","date_gmt":"2023-05-22T06:39:28","guid":{"rendered":"https:\/\/www.egaraexclusives.com\/cigonyes-blanc-emporda\/"},"modified":"2026-03-27T16:11:04","modified_gmt":"2026-03-27T14:11:04","slug":"cigonyes-blanc-emporda","status":"publish","type":"product","link":"https:\/\/www.egaraexclusives.com\/es\/producto\/cigonyes-blanc-emporda\/","title":{"rendered":"CIGONYES BLANC EMPORD\u00c0"},"content":{"rendered":"<p>TIPUS Vi blanc<br \/>\nREGI\u00d3 Empord\u00e0<br \/>\nRA\u00cfM 90% Macabeu 10% Sauvignon blanc<br \/>\nPRODUCTOR Perelada<br \/>\nAL\u00c8RGENS Cont\u00e9 sulfits<br \/>\nGRADUACI\u00d3 13,0%<\/p>\n","protected":false},"excerpt":{"rendered":"<p>TIPUS Vi blanc REGI\u00d3 Empord\u00e0 RA\u00cfM 90% Macabeu 10% Sauvignon blanc PRODUCTOR Perelada AL\u00c8RGENS Cont\u00e9 sulfits GRADUACI\u00d3 13,0%<\/p>\n","protected":false},"featured_media":19752,"template":"","meta":{"_monsterinsights_skip_tracking":false,"_monsterinsights_sitenote_active":false,"_monsterinsights_sitenote_note":"","_monsterinsights_sitenote_category":0,"_joinchat":[]},"product_brand":[],"product_cat":[3360,2779],"product_tag":[],"class_list":{"0":"post-19753","1":"product","2":"type-product","3":"status-publish","4":"has-post-thumbnail","6":"product_cat-blanc-es","7":"product_cat-vinos-y-cavas","8":"tm-no-options","10":"first","11":"instock","12":"taxable","13":"shipping-taxable","14":"purchasable","15":"product-type-simple"},"_links":{"self":[{"href":"https:\/\/www.egaraexclusives.com\/es\/wp-json\/wp\/v2\/product\/19753","targetHints":{"allow":["GET"]}}],"collection":[{"href":"https:\/\/www.egaraexclusives.com\/es\/wp-json\/wp\/v2\/product"}],"about":[{"href":"https:\/\/www.egaraexclusives.com\/es\/wp-json\/wp\/v2\/types\/product"}],"wp:featuredmedia":[{"embeddable":true,"href":"https:\/\/www.egaraexclusives.com\/es\/wp-json\/wp\/v2\/media\/19752"}],"wp:attachment":[{"href":"https:\/\/www.egaraexclusives.com\/es\/wp-json\/wp\/v2\/media?parent=19753"}],"wp:term":[{"taxonomy":"product_brand","embeddable":true,"href":"https:\/\/www.egaraexclusives.com\/es\/wp-json\/wp\/v2\/product_brand?post=19753"},{"taxonomy":"product_cat","embeddable":true,"href":"https:\/\/www.egaraexclusives.com\/es\/wp-json\/wp\/v2\/product_cat?post=19753"},{"taxonomy":"product_tag","embeddable":true,"href":"https:\/\/www.egaraexclusives.com\/es\/wp-json\/wp\/v2\/product_tag?post=19753"}],"curies":[{"name":"wp","href":"https:\/\/api.w.org\/{rel}","templated":true}]}}